{"id":6574,"date":"2023-11-25T12:24:23","date_gmt":"2023-11-25T09:24:23","guid":{"rendered":"https:\/\/medisunhastanesi.com\/?page_id=6574"},"modified":"2023-11-25T12:30:42","modified_gmt":"2023-11-25T09:30:42","slug":"saglikta-kalite-akreditasyon-ve-calisan-haklari-dairesi-baskanligi","status":"publish","type":"page","link":"https:\/\/medisunhastanesi.com\/zh\/saglikta-kalite-akreditasyon-ve-calisan-haklari-dairesi-baskanligi\/","title":{"rendered":"\u536b\u751f\u8d28\u91cf\u3001\u8ba4\u8bc1\u548c\u5458\u5de5\u6743\u5229\u90e8"},"content":{"rendered":"<div data-elementor-type=\"wp-post\" data-elementor-id=\"6574\" class=\"elementor elementor-6574\" data-elementor-post-type=\"page\">\n\t\t\t\t\t\t<section class=\"elementor-section elementor-top-section elementor-element elementor-element-3f62513 elementor-section-boxed elementor-section-height-default elementor-section-height-default\" data-id=\"3f62513\" data-element_type=\"section\">\n\t\t\t\t\t\t<div class=\"elementor-container elementor-column-gap-default\">\n\t\t\t\t\t<div class=\"elementor-column elementor-col-100 elementor-top-column elementor-element elementor-element-e2a185e\" data-id=\"e2a185e\" data-element_type=\"column\">\n\t\t\t<div class=\"elementor-widget-wrap elementor-element-populated\">\n\t\t\t\t\t\t<div class=\"elementor-element elementor-element-9eacdc6 elementor-headline--style-highlight elementor-widget elementor-widget-animated-headline\" data-id=\"9eacdc6\" data-element_type=\"widget\" data-settings=\"{&quot;marker&quot;:&quot;underline&quot;,&quot;highlighted_text&quot;:&quot; SA\\u011eLIK H\\u0130ZMETLER\\u0130 GENEL M\\u00dcD\\u00dcRL\\u00dc\\u011e\\u00dc&quot;,&quot;headline_style&quot;:&quot;highlight&quot;,&quot;loop&quot;:&quot;yes&quot;,&quot;highlight_animation_duration&quot;:1200,&quot;highlight_iteration_delay&quot;:8000}\" data-widget_type=\"animated-headline.default\">\n\t\t\t\t<div class=\"elementor-widget-container\">\n\t\t\t\t\t\t\t<h3 class=\"elementor-headline\">\n\t\t\t\t<span class=\"elementor-headline-dynamic-wrapper elementor-headline-text-wrapper\">\n\t\t\t\t\t<span class=\"elementor-headline-dynamic-text elementor-headline-text-active\"> \u536b\u751f\u670d\u52a1\u603b\u5c40<\/span>\n\t\t\t\t<\/span>\n\t\t\t\t<\/h3>\n\t\t\t\t\t\t<\/div>\n\t\t\t\t<\/div>\n\t\t\t\t<div class=\"elementor-element elementor-element-56f8d57 elementor-widget elementor-widget-rt-button\" data-id=\"56f8d57\" data-element_type=\"widget\" data-widget_type=\"rt-button.default\">\n\t\t\t\t<div class=\"elementor-widget-container\">\n\t\t\t\t\t\r\n<div class=\"btn-layout-1\">\r\n\t\t\t<div class=\"item-button\">\r\n\t\t\t<a class=\"item-btn\" href=\"https:\/\/shgmkalitedb.saglik.gov.tr\/\">\u536b\u751f\u8d28\u91cf\u3001\u8ba4\u8bc1\u548c\u5458\u5de5\u6743\u5229\u90e8<i class=\"fas fa-angle-right\"><\/i><\/a>\t\t<\/div>\r\n\t<\/div>\t\t\t\t<\/div>\n\t\t\t\t<\/div>\n\t\t\t\t\t<\/div>\n\t\t<\/div>\n\t\t\t\t\t<\/div>\n\t\t<\/section>\n\t\t\t\t<\/div>","protected":false},"excerpt":{"rendered":"<p>SA\u011eLIK H\u0130ZMETLER\u0130 GENEL M\u00dcD\u00dcRL\u00dc\u011e\u00dc Sa\u011fl\u0131kta Kalite, Akreditasyon ve \u00c7al\u0131\u015fan Haklar\u0131 Dairesi Ba\u015fkanl\u0131\u011f\u0131<\/p>","protected":false},"author":1,"featured_media":0,"parent":0,"menu_order":0,"comment_status":"closed","ping_status":"closed","template":"","meta":{"footnotes":""},"aioseo_notices":[],"_links":{"self":[{"href":"https:\/\/medisunhastanesi.com\/zh\/wp-json\/wp\/v2\/pages\/6574"}],"collection":[{"href":"https:\/\/medisunhastanesi.com\/zh\/wp-json\/wp\/v2\/pages"}],"about":[{"href":"https:\/\/medisunhastanesi.com\/zh\/wp-json\/wp\/v2\/types\/page"}],"author":[{"embeddable":true,"href":"https:\/\/medisunhastanesi.com\/zh\/wp-json\/wp\/v2\/users\/1"}],"replies":[{"embeddable":true,"href":"https:\/\/medisunhastanesi.com\/zh\/wp-json\/wp\/v2\/comments?post=6574"}],"version-history":[{"count":0,"href":"https:\/\/medisunhastanesi.com\/zh\/wp-json\/wp\/v2\/pages\/6574\/revisions"}],"wp:attachment":[{"href":"https:\/\/medisunhastanesi.com\/zh\/wp-json\/wp\/v2\/media?parent=6574"}],"curies":[{"name":"wp","href":"https:\/\/api.w.org\/{rel}","templated":true}]}}