{"id":6562,"date":"2023-11-23T15:41:18","date_gmt":"2023-11-23T12:41:18","guid":{"rendered":"https:\/\/medisunhastanesi.com\/?page_id=6562"},"modified":"2023-11-23T15:42:49","modified_gmt":"2023-11-23T12:42:49","slug":"hasta-refakat-ve-ziyaret-kurallari","status":"publish","type":"page","link":"https:\/\/medisunhastanesi.com\/zh\/hasta-refakat-ve-ziyaret-kurallari\/","title":{"rendered":"\u75c5\u4eba\u966a\u540c\u548c\u63a2\u89c6\u89c4\u5219"},"content":{"rendered":"<div data-elementor-type=\"wp-post\" data-elementor-id=\"6562\" class=\"elementor elementor-6562\" data-elementor-post-type=\"page\">\n\t\t\t\t\t\t<section class=\"elementor-section elementor-top-section elementor-element elementor-element-b6cd3e8 elementor-section-boxed elementor-section-height-default elementor-section-height-default\" data-id=\"b6cd3e8\" data-element_type=\"section\">\n\t\t\t\t\t\t<div class=\"elementor-container elementor-column-gap-default\">\n\t\t\t\t\t<div class=\"elementor-column elementor-col-100 elementor-top-column elementor-element elementor-element-134eef9\" data-id=\"134eef9\" data-element_type=\"column\">\n\t\t\t<div class=\"elementor-widget-wrap elementor-element-populated\">\n\t\t\t\t\t\t<div class=\"elementor-element elementor-element-ce87d3c elementor-widget elementor-widget-rt-title\" data-id=\"ce87d3c\" data-element_type=\"widget\" data-widget_type=\"rt-title.default\">\n\t\t\t\t<div class=\"elementor-widget-container\">\n\t\t\t\t\t\r\n\t<div class=\"rt-el-title section-heading heading-dark text-center heading-layout1 style1 theme1\">\r\n\t\t<h2 class=\"rtin-title\">\u75c5\u4eba\u966a\u540c\u548c\u63a2\u89c6\u89c4\u5219<\/h2>\r\n\t\t\t<\/div>\r\n\t\t\t\t\t<\/div>\n\t\t\t\t<\/div>\n\t\t\t\t<div class=\"elementor-element elementor-element-4297a81 elementor-widget elementor-widget-text-editor\" data-id=\"4297a81\" data-element_type=\"widget\" data-widget_type=\"text-editor.default\">\n\t\t\t\t<div class=\"elementor-widget-container\">\n\t\t\t\t\t\t\t\t\t<p><em><strong>\u4eb2\u7231\u7684\u60a3\u8005\/\u60a3\u8005\u4eb2\u5c5e<\/strong><\/em><\/p><p><em><strong>\u5728\u60a8\u4f4f\u9662\u671f\u95f4\uff0c\u6211\u4eec\u6073\u8bf7\u60a8\u5728\u5065\u5eb7\u548c\u5b89\u5168\u65b9\u9762\u6ce8\u610f\u4ee5\u4e0b\u95ee\u9898\u3002<\/strong><\/em><\/p><p>\u00a0<\/p>\t\t\t\t\t\t\t\t<\/div>\n\t\t\t\t<\/div>\n\t\t\t\t<div class=\"elementor-element elementor-element-4df164b elementor-widget elementor-widget-text-editor\" data-id=\"4df164b\" data-element_type=\"widget\" data-widget_type=\"text-editor.default\">\n\t\t\t\t<div class=\"elementor-widget-container\">\n\t\t\t\t\t\t\t\t\t<p><strong>\u75c5\u4eba\u62a4\u7406\u5b9e\u8df5\uff1a\u00a0<\/strong>\u966a\u62a4\u4eba\u5458\u53ea\u80fd\u5728\u533b\u751f\u548c\u62a4\u58eb\u6388\u6743\u7684\u8303\u56f4\u5185\u534f\u52a9\u62a4\u7406\u75c5\u4eba\u3002\u5982\u679c\u66f4\u6362\u966a\u62a4\uff0c\u8bf7\u901a\u77e5\u75c5\u623f\u62a4\u58eb\u3002\u8bf7\u52ff\u5728\u62a4\u58eb\u4e0d\u77e5\u60c5\u7684\u60c5\u51b5\u4e0b\u79bb\u5f00\u75c5\u623f\u3002<strong>\u00a0<\/strong><\/p><p><strong>\u63a2\u8bbf\u65f6\u95f4\u548c\u89c4\u5219<\/strong>\u00a0\u6211\u9662\u7684\u63a2\u89c6\u65f6\u95f4\u4e3a 08:00 - 22:00\u3002\u6211\u4eec\u4e0d\u5e94\u5fd8\u8bb0\uff0c\u77ed\u671f\u63a2\u89c6\u5bf9\u75c5\u4eba\u7684\u5065\u5eb7\u975e\u5e38\u91cd\u8981\u3002\u7531\u4e8e\u5b58\u5728\u611f\u67d3\u98ce\u9669\uff0c\u6211\u4eec\u6073\u8bf7\u6765\u8bbf\u8005\u4e0d\u8981\u643a\u5e26\u9c9c\u82b1\u3001\u98df\u7269\u548c\u996e\u6599\uff0c\u4e0d\u8981\u5750\u5728\u75c5\u4eba\u5e8a\u4e0a\uff0c\u4e0d\u8981\u5728\u8d70\u5eca\u4e0a\u5927\u58f0\u8bf4\u8bdd\u3002<\/p><p><strong>\u65e9\u9910\u548c\u7528\u9910\u65f6\u95f4\uff1a<\/strong>\u00a0\u4e3a\u786e\u4fdd\u75c5\u4eba\u5b89\u5168\uff0c\u4e0d\u8981\u6c42\u75c5\u4eba\/\u4eb2\u5c5e\u4ece\u533b\u9662\u5916\u5e26\u98df\u7269\u3002\u672c\u9662\u7684\u65e9\u9910\u4f9b\u5e94\u65f6\u95f4\u4e3a\u65e9\u4e0a 07:00-08:00\u3002\u5348\u9910\u65f6\u95f4\u4e3a 12:00-13:00\uff0c\u665a\u9910\u65f6\u95f4\u4e3a 17:00-18:00\u3002\u4e00\u4e9b\u7279\u6b8a\u75c5\u4eba\uff08\u5982\u7cd6\u5c3f\u75c5\u60a3\u8005\uff09\u5728 10:30\u300115:30 \u548c 20:30 \u4f1a\u5f97\u5230\u5c0f\u5403\u3002\u00a0<strong>\u60a8\u7684\u540c\u4f34<\/strong>\u00a0\u5982\u679c\u4ed6\u4eec\u53ea\u60f3\u81ea\u5df1\u5728\u5ba4\u5916\u7528\u9910\uff0c\u6211\u4eec\u6073\u8bf7\u4ed6\u4eec\u4e0d\u8981\u643a\u5e26\u6c14\u5473\u6d53\u91cd\u7684\u98df\u7269\uff08\u5982\u6d0b\u8471\u548c\u5927\u849c\uff09\u3002\u6211\u4eec\u7684\u966a\u62a4\u4eba\u5458\u53ef\u4ee5\u5728\u533b\u9662\u98df\u5802\u5c31\u9910\u3002<\/p><p><strong>\u4f7f\u7528\u70df\u8349\u5236\u54c1\uff1a<\/strong>\u00a0\u6839\u636e\u76f8\u5173\u6cd5\u5f8b\u5728\u533b\u9662\u5185\u5438\u70df\u00a0<strong>\u7981\u6b62\u3002<\/strong><\/p><p><strong>\u544a\u77e5\u75c5\u4eba\/\u4eb2\u5c5e\uff1a<\/strong>\u00a0\u53ea\u6709\u8d23\u4efb\u533b\u751f\u624d\u80fd\u63d0\u4f9b\u6709\u5173\u75c5\u4eba\u75c5\u60c5\u7684\u4fe1\u606f\u3002<\/p><p><strong>\u544a\u77e5\u75c5\u4eba\/\u4eb2\u5c5e\u6709\u5173\u8be5\u90e8\u95e8\u5458\u5de5\u7684\u4fe1\u606f\uff1a<\/strong>\u00a0\u5c06\u63d0\u4f9b\u6216\u6b63\u5728\u63d0\u4f9b\u533b\u7597\u4fdd\u5065\u670d\u52a1\u7684\u533b\u751f\u548c\u5176\u4ed6\u533b\u7597\u4fdd\u5065\u4e13\u4e1a\u4eba\u5458\u5fc5\u987b\u544a\u77e5\u60a3\u8005\/\u60a3\u8005\u4eb2\u5c5e\u4ed6\u4eec\u7684\u8eab\u4efd\u3001\u804c\u8d23\u548c\u804c\u79f0\u3002<\/p><p><strong>\u836f\u7269\u4f7f\u7528\uff1a<\/strong>\u00a0\u5728\u60a8\u4f4f\u9662\u671f\u95f4\uff0c\u5c06\u7531\u4e13\u4e1a\u533b\u62a4\u4eba\u5458\u4e3a\u60a8\u63d0\u4f9b\u6cbb\u7597\u3002\u8bf7\u4e0d\u8981\u81ea\u884c\u670d\u836f\uff0c\u5982\u679c\u60a8\u7ecf\u5e38\u670d\u836f\uff0c\u8bf7\u544a\u77e5\u60a8\u7684\u533b\u751f\u548c\u62a4\u58eb\u5e76\u8ba9\u4ed6\u4eec\u68c0\u67e5\u3002\u51fa\u9662\u540e\uff0c\u8bf7\u9075\u533b\u5631\u7528\u836f\u3002<\/p><p>\u4e0d\u8981\u5fd8\u8bb0\u8fd9\u4e00\u70b9\u3001\u00a0<strong>\"\u5bf9\u75c7\u4e0b\u836f\uff0c\u836f\u5230\u75c5\u9664\"\u3002<\/strong><\/p>\t\t\t\t\t\t\t\t<\/div>\n\t\t\t\t<\/div>\n\t\t\t\t\t<\/div>\n\t\t<\/div>\n\t\t\t\t\t<\/div>\n\t\t<\/section>\n\t\t\t\t<\/div>","protected":false},"excerpt":{"rendered":"<p>Hasta Refakat ve Ziyaret Kurallar\u0131 Say\u0131n Hastam\u0131z \/ Hasta Yak\u0131n\u0131m\u0131z; Hastanemizde misafir oldu\u011funuz s\u00fcre i\u00e7erisinde sa\u011fl\u0131\u011f\u0131n\u0131z ve g\u00fcvenli\u011finiz a\u00e7\u0131s\u0131ndan a\u015fa\u011f\u0131da belirtilen hususlara \u00f6zen g\u00f6stermenizi rica ederiz. \u00a0 Hasta Bak\u0131m Uygulamalar\u0131:\u00a0Refakat\u00e7ilerin hastalar\u0131n\u0131n bak\u0131m\u0131na sadece doktorun ve hem\u015firenin izin verdi\u011fi \u00f6l\u00e7\u00fcde yard\u0131m etmesi beklenmektedir. Refakat\u00e7i de\u011fi\u015fimlerinde, l\u00fctfen servis hem\u015firenizi bilgilendiriniz. Hem\u015firenizin bilgisi olmadan servisten ayr\u0131lmay\u0131n\u0131z.\u00a0 Ziyaret Saatleri&#8230;<\/p>","protected":false},"author":1,"featured_media":0,"parent":0,"menu_order":0,"comment_status":"closed","ping_status":"closed","template":"","meta":{"footnotes":""},"aioseo_notices":[],"_links":{"self":[{"href":"https:\/\/medisunhastanesi.com\/zh\/wp-json\/wp\/v2\/pages\/6562"}],"collection":[{"href":"https:\/\/medisunhastanesi.com\/zh\/wp-json\/wp\/v2\/pages"}],"about":[{"href":"https:\/\/medisunhastanesi.com\/zh\/wp-json\/wp\/v2\/types\/page"}],"author":[{"embeddable":true,"href":"https:\/\/medisunhastanesi.com\/zh\/wp-json\/wp\/v2\/users\/1"}],"replies":[{"embeddable":true,"href":"https:\/\/medisunhastanesi.com\/zh\/wp-json\/wp\/v2\/comments?post=6562"}],"version-history":[{"count":0,"href":"https:\/\/medisunhastanesi.com\/zh\/wp-json\/wp\/v2\/pages\/6562\/revisions"}],"wp:attachment":[{"href":"https:\/\/medisunhastanesi.com\/zh\/wp-json\/wp\/v2\/media?parent=6562"}],"curies":[{"name":"wp","href":"https:\/\/api.w.org\/{rel}","templated":true}]}}