{"id":6554,"date":"2023-11-23T15:16:57","date_gmt":"2023-11-23T12:16:57","guid":{"rendered":"https:\/\/medisunhastanesi.com\/?page_id=6554"},"modified":"2024-08-27T00:55:31","modified_gmt":"2024-08-26T21:55:31","slug":"kalite-yonetimimiz","status":"publish","type":"page","link":"https:\/\/medisunhastanesi.com\/zh\/kalite-yonetimimiz\/","title":{"rendered":"\u6211\u4eec\u7684\u8d28\u91cf\u7ba1\u7406"},"content":{"rendered":"<div data-elementor-type=\"wp-post\" data-elementor-id=\"6554\" class=\"elementor elementor-6554\" data-elementor-post-type=\"page\">\n\t\t\t\t\t\t<section class=\"elementor-section elementor-top-section elementor-element elementor-element-43db86b elementor-section-boxed elementor-section-height-default elementor-section-height-default\" data-id=\"43db86b\" data-element_type=\"section\">\n\t\t\t\t\t\t<div class=\"elementor-container elementor-column-gap-default\">\n\t\t\t\t\t<div class=\"elementor-column elementor-col-100 elementor-top-column elementor-element elementor-element-8d9d2be\" data-id=\"8d9d2be\" data-element_type=\"column\">\n\t\t\t<div class=\"elementor-widget-wrap elementor-element-populated\">\n\t\t\t\t\t\t<div class=\"elementor-element elementor-element-c94baef elementor-widget elementor-widget-rt-title\" data-id=\"c94baef\" data-element_type=\"widget\" data-widget_type=\"rt-title.default\">\n\t\t\t\t<div class=\"elementor-widget-container\">\n\t\t\t\t\t\r\n\t<div class=\"rt-el-title section-heading heading-dark text-center heading-layout1 style1 theme1\">\r\n\t\t<h2 class=\"rtin-title\">\u5173\u4e8e\u6211\u4eec\u7684\u8d28\u91cf\u7ba1\u7406<\/h2>\r\n\t\t\t<\/div>\r\n\t\t\t\t\t<\/div>\n\t\t\t\t<\/div>\n\t\t\t\t<div class=\"elementor-element elementor-element-da14cdb elementor-widget elementor-widget-image\" data-id=\"da14cdb\" data-element_type=\"widget\" data-widget_type=\"image.default\">\n\t\t\t\t<div class=\"elementor-widget-container\">\n\t\t\t\t\t\t\t\t\t\t\t\t\t\t\t<img fetchpriority=\"high\" decoding=\"async\" width=\"1024\" height=\"681\" src=\"https:\/\/medisunhastanesi.com\/wp-content\/uploads\/2024\/07\/stock_45health-care-insurance-concept-doctor-online-technology-medical-health-care-insurance-concept-1024x681.webp\" class=\"attachment-large size-large wp-image-7483\" alt=\"\" srcset=\"https:\/\/medisunhastanesi.com\/wp-content\/uploads\/2024\/07\/stock_45health-care-insurance-concept-doctor-online-technology-medical-health-care-insurance-concept-1024x681.webp 1024w, https:\/\/medisunhastanesi.com\/wp-content\/uploads\/2024\/07\/stock_45health-care-insurance-concept-doctor-online-technology-medical-health-care-insurance-concept-300x200.webp 300w, https:\/\/medisunhastanesi.com\/wp-content\/uploads\/2024\/07\/stock_45health-care-insurance-concept-doctor-online-technology-medical-health-care-insurance-concept-1536x1022.webp 1536w, https:\/\/medisunhastanesi.com\/wp-content\/uploads\/2024\/07\/stock_45health-care-insurance-concept-doctor-online-technology-medical-health-care-insurance-concept-2048x1363.webp 2048w, https:\/\/medisunhastanesi.com\/wp-content\/uploads\/2024\/07\/stock_45health-care-insurance-concept-doctor-online-technology-medical-health-care-insurance-concept-18x12.webp 18w\" sizes=\"(max-width: 1024px) 100vw, 1024px\" \/>\t\t\t\t\t\t\t\t\t\t\t\t\t\t\t<\/div>\n\t\t\t\t<\/div>\n\t\t\t\t<div class=\"elementor-element elementor-element-a669bdd elementor-widget elementor-widget-text-editor\" data-id=\"a669bdd\" data-element_type=\"widget\" data-widget_type=\"text-editor.default\">\n\t\t\t\t<div class=\"elementor-widget-container\">\n\t\t\t\t\t\t\t\t\t<p>\u79c1\u7acb Medisun \u00c7ayyolu \u533b\u9662\u63d0\u4f9b\u7b26\u5408\u536b\u751f\u90e8\u536b\u751f\u8d28\u91cf\u6807\u51c6\u7684\u4f18\u8d28\u533b\u7597\u670d\u52a1\u3002\u533b\u9662\u901a\u8fc7\u6301\u7eed\u6539\u8fdb\uff0c\u5b9e\u65bd\u8d28\u91cf\u7ba1\u7406\u6d41\u7a0b\u3002<\/p><p>\u6211\u4eec\u4f5c\u4e3a\u8d28\u91cf\u90e8\u95e8\u7684\u5de5\u4f5c\u539f\u5219<br \/>\u5176\u76ee\u7684\u662f\u5229\u7528\u73b0\u4ee3\u5148\u8fdb\u6280\u672f\u5b9e\u73b0\u5feb\u901f\u3001\u51c6\u786e\u7684\u8bca\u65ad\u548c\u6cbb\u7597\u3002\u6240\u6709\u5458\u5de5\uff0c\u5c24\u5176\u662f\u9ad8\u7ea7\u7ba1\u7406\u5c42\uff0c\u90fd\u6709\u8d23\u4efb\u6309\u7167\u533b\u9662\u8d28\u91cf\u7ba1\u7406\u4f53\u7cfb\u7684\u8981\u6c42\u5f00\u5c55\u5de5\u4f5c\uff0c\u786e\u4fdd\u4f53\u7cfb\u7684\u6301\u7eed\u6539\u8fdb\u3002<br \/>\u5728\u6211\u4eec\u7684\u673a\u6784\u4e2d\uff0c\u8d28\u91cf\u7ba1\u7406\u4f53\u7cfb\u7814\u7a76\u88ab\u89c6\u4e3a\u6240\u6709\u5355\u4f4d\u548c\u6240\u6709\u5458\u5de5\u90fd\u5e94\u5f00\u5c55\u7684\u4e00\u9879\u6d3b\u52a8\u3002\u4e3a\u6b64\uff0c\u6211\u4eec\u7ec4\u7ec7\u5e76\u5b9e\u65bd\u4e86\u6301\u7eed\u57f9\u8bad\uff0c\u4ee5\u786e\u4fdd\u6240\u6709\u5458\u5de5\u90fd\u4e86\u89e3\u8d28\u91cf\u7ba1\u7406\u548c\u8d28\u91cf\u6539\u8fdb\u3002\u6211\u4eec\u9f13\u52b1\u5458\u5de5\u53c2\u4e0e\u8d28\u91cf\u7814\u7a76\u3002<br \/>\u901a\u8fc7\u8861\u91cf\u75c5\u4eba\u53ca\u5176\u4eb2\u5c5e\u548c\u7b7e\u7ea6\u673a\u6784\u7684\u671f\u671b\u548c\u8981\u6c42\uff0c\u786e\u5b9a\u4e0d\u65ad\u63d0\u9ad8\u5176\u6ee1\u610f\u5ea6\u7684\u7a0b\u5e8f\u3002\u8ba1\u5212\u5f00\u5c55\u8861\u91cf\u8fd9\u4e9b\u6d41\u7a0b\u7ee9\u6548\u7684\u6539\u8fdb\u6d3b\u52a8\u3002<br \/>\u4e3a\u4e86\u63d0\u9ad8\u670d\u52a1\u8d28\u91cf\uff0c\u6211\u4eec\u4e0e\u5408\u4f5c\u516c\u53f8\u5efa\u7acb\u4e86\u826f\u597d\u7684\u5173\u7cfb\uff0c\u5e76\u4e0d\u65ad\u5bf9\u5176\u8868\u73b0\u8fdb\u884c\u8861\u91cf\uff0c\u4ee5\u63d0\u4f9b\u66f4\u5feb\u3001\u66f4\u7ecf\u6d4e\u3001\u66f4\u4f18\u8d28\u7684\u670d\u52a1\u3002<\/p><p>\u6211\u4eec\u7684\u8d28\u91cf\u653f\u7b56<br \/>\uf0fc \u5229\u7528\u73b0\u4ee3\u533b\u5b66\u6240\u9700\u7684\u57fa\u7840\u8bbe\u65bd\u3001\u77e5\u8bc6\u548c\u4eba\u529b\u8d44\u6e90\u63d0\u4f9b\u4f18\u8d28\u533b\u7597\u670d\u52a1<br \/>\uf0fc \u6839\u636e\u4f01\u4e1a\u76ee\u6807\uff0c\u7ee7\u7eed\u6309\u7167\u8d28\u91cf\u6807\u51c6\u5f00\u5c55\u5de5\u4f5c<br \/>\uf0fc \u63d0\u4f9b\u4e0d\u95f4\u65ad\u7684\u4fdd\u5065\u670d\u52a1\uff0c\u53ca\u65f6\u63d0\u4f9b\u73b0\u573a\u670d\u52a1\uff0c\u63d0\u4f9b\u6709\u80fd\u529b\u548c\u5145\u8db3\u7684\u8d44\u6e90\uff0c\u6839\u636e\u4f01\u4e1a\u76ee\u6807\u5b9e\u73b0\u6218\u7565\u76ee\u6807 <br \/>\uf0fc \u9075\u5b88\u56fd\u5bb6\u548c\u56fd\u9645\u60a3\u8005\u53ca\u5458\u5de5\u5b89\u5168\u76ee\u6807\uff0c\u63d0\u4f9b\u4f18\u8d28\u670d\u52a1<br \/>\uf0fc \u786e\u4fdd\u75c5\u4eba\u3001\u75c5\u4eba\u4eb2\u5c5e\u548c\u5458\u5de5\u6ee1\u610f\u5e76\u8fbe\u5230\u9884\u671f\u76ee\u6807<br \/>\uf0fc \u91c7\u53d6\u7ec8\u8eab\u6559\u80b2\u7406\u5ff5\uff0c\u63d0\u9ad8\u5458\u5de5\u7d20\u8d28\uff0c\u4e3a\u75c5\u4eba\u53ca\u5176\u4eb2\u5c5e\u7684\u5065\u5eb7\u63d0\u4f9b\u652f\u6301<br \/>\uf0fc \u6839\u636e\u5176\u76ee\u6807\uff0c\u4e3a\u4fdd\u62a4\u548c\u6539\u5584\u793e\u4f1a\u5065\u5eb7\u7684\u6d3b\u52a8\u505a\u51fa\u8d21\u732e<br \/>\uf0fc \u4e0d\u5f71\u54cd\u8d28\u91cf\u7ba1\u7406\u4f53\u7cfb\u7684\u8981\u6c42\uff0c\u5e76\u6267\u884c\u73b0\u884c\u7684\u8d28\u91cf\u7ba1\u7406\u4f53\u7cfb<br \/>\uf0fc \u901a\u8fc7\u786e\u4fdd\u6d41\u7a0b\u7684\u9002\u5b9c\u6027\u548c\u63d0\u9ad8\u6d41\u7a0b\u7684\u6709\u6548\u6027\uff0c\u6309\u7167\u76ee\u6807\u63d0\u9ad8\u6548\u7387<br \/>\uf0fc \u786e\u4fdd\u6301\u7eed\u53d1\u5c55<br \/>\uf0fc \u95ee\u8d23\u5236\u3002<br \/>\u6211\u4eec\u7684\u8d28\u91cf\u8d23\u4efb<br \/>\uf0fc \u9075\u5faa\u56fd\u5bb6\u548c\u56fd\u9645\u6807\u51c6\uff0c\u6839\u636e\u76ee\u6807\u5e94\u7528\u73b0\u884c\u6807\u51c6<br \/>\uf0fc \u6309\u7167\u7acb\u6cd5\u3001\u6807\u51c6\u548c\u673a\u6784\u76ee\u6807\u5f00\u5c55\u6240\u6709\u6d3b\u52a8\uff0c\u5e76\u786e\u4fdd\u5176\u53ef\u8ffd\u6eaf\u6027 <br \/>\uf0fc \u786e\u4fdd\u5728\u7acb\u6cd5\u3001\u6807\u51c6\u548c\u76ee\u6807\u6846\u67b6\u5185\u5bf9\u5458\u5de5\u8fdb\u884c\u534f\u8c03\u3001\u76d1\u7763\u3001\u53cd\u9988\u548c\u6539\u8fdb<br \/>\uf0fc \u76d1\u6d4b\u3001\u8bc4\u4f30\u548c\u534f\u8c03\u7ec4\u7ec7\u7684\u5b8f\u89c2\u548c\u5fae\u89c2\u76ee\u6807\u53ca\u5173\u952e\u7ee9\u6548\u6307\u6807 <br \/>\uf0fc \u6839\u636e\u81ea\u6211\u8bc4\u4f30\u7ee7\u7eed\u6539\u8fdb\uff0c\u786e\u4fdd\u5458\u5de5\u7684\u53c2\u4e0e\u548c\u53d1\u5c55<br \/>\uf0fc \u8bc4\u4f30\u75c5\u4eba\u548c\u5458\u5de5\u7684\u6ee1\u610f\u5ea6\uff0c\u4fdd\u6301\u6539\u8fdb\uff0c\u786e\u4fdd\u6743\u5229\u548c\u8d23\u4efb\u5f97\u5230\u4fdd\u62a4<br \/>\uf0fc \u76d1\u6d4b\u3001\u5206\u6790\u548c\u7ef4\u62a4\u75c5\u4eba\u548c\u5458\u5de5\u5b89\u5168\u63aa\u65bd\u7684\u6539\u8fdb\u60c5\u51b5<br \/>\uf0fc \u76d1\u6d4b\u51b3\u7b56\u7684\u5f71\u54cd\uff0c\u5e76\u901a\u8fc7\u7ef4\u62a4\u5185\u90e8\u6cbb\u7406\u786e\u4fdd\u53c2\u4e0e\u3002 <br \/>\u4ece\u8fd9\u4e2a\u610f\u4e49\u4e0a\u8bf4<br \/>- \u6211\u4eec\u7684\u9996\u8981\u4efb\u52a1\u662f\u6ee1\u8db3\u60a3\u8005\u53ca\u5176\u4eb2\u5c5e\u7684\u671f\u671b\uff0c\u5c06\u6ee1\u610f\u5ea6\u4fdd\u6301\u5728\u6700\u9ad8\u6c34\u5e73\u3001<br \/>- \u4ee5\u73b0\u4ee3\u7ba1\u7406\u65b9\u6cd5\u4e0d\u65ad\u6539\u8fdb\u6211\u4eec\u7684\u8d28\u91cf\u7ba1\u7406\u4f53\u7cfb\u3001<br \/>- \u901a\u8fc7\u4e0d\u65ad\u63d0\u9ad8\u60a3\u8005\u3001\u4f9b\u5e94\u5546\u548c\u7ec4\u7ec7\u5185\u6240\u6709\u5458\u5de5\u7684\u4fe1\u4efb\u5ea6\uff0c\u63d0\u4f9b\u8bda\u5b9e\u4f18\u8d28\u7684\u533b\u7597\u670d\u52a1\u3001<br \/>- \u901a\u8fc7\u4e3a\u5458\u5de5\u63d0\u4f9b\u6301\u7eed\u57f9\u8bad\uff0c\u5728\u6539\u8fdb\u548c\u53d1\u5c55\u8fc7\u7a0b\u4e2d\u53d1\u626c\u56e2\u961f\u7cbe\u795e\u3001<br \/>- \u63d0\u4f9b\u53cb\u597d\u3001\u771f\u8bda\u3001\u76f8\u4e92\u5c0a\u91cd\u7684\u5de5\u4f5c\u73af\u5883\uff0c\u8ba9\u5458\u5de5\u5f15\u4ee5\u4e3a\u8c6a\u3001<br \/>- \u6709\u6548\u5229\u7528\u6211\u4eec\u7684\u8d44\u6e90\u3001<br \/>- \u5c0a\u91cd\u73af\u5883\u3001<br \/>- \u6210\u4e3a\u672c\u5730\u533a\u6700\u53d7\u5c0a\u656c\u3001\u6700\u503c\u5f97\u4fe1\u8d56\u7684\u533b\u9662\u3002<br \/>\u8d28\u91cf\u7ba1\u7406\u7cfb\u7edf<br \/>\u6211\u9662\u5c06\u7ee7\u7eed\u5f00\u5c55\u60a3\u8005\u548c\u5458\u5de5\u5b89\u5168\u76d1\u63a7\u548c\u6d4b\u91cf\u7814\u7a76\uff0c\u5e76\u6301\u7eed\u6539\u8fdb\u3002<\/p><p>\u8d28\u91cf\u7ba1\u7406\u7cfb\u7edf\u7684\u597d\u5904\uff1a<br \/>- \u8282\u7ea6\u6210\u672c\u548c\u65f6\u95f4<br \/>- \u63d0\u4f9b\u4ee5\u75c5\u4eba\u4e3a\u5bfc\u5411\u7684\u670d\u52a1<br \/>- \u51cf\u5c11\u60a3\u8005\/\u60a3\u8005\u4eb2\u5c5e--\u5458\u5de5\u7684\u6295\u8bc9<br \/>- \u6700\u4f73\u5229\u7528\u8d44\u6e90<br \/>- \u5065\u5eb7\u7684\u4fe1\u606f\u6d41<br \/>- \u6613\u4e8e\u7ba1\u7406<br \/>- \u4e3a\u75c5\u4eba\u63d0\u4f9b\u4f18\u8d28\u62a4\u7406<br \/>- \u5728\u5de5\u4f5c\u4eba\u5458\u4e2d\u6811\u7acb\u9886\u5bfc\u610f\u8bc6\uff0c\u4ee5\u53d1\u5c55\u548c\u63d0\u9ad8\u8d28\u91cf<br \/>- \u786e\u4fdd\u6301\u7eed\u6539\u8fdb<br \/>- \u786e\u4fdd\u57f9\u8bad\u6d3b\u52a8\u7684\u8fde\u7eed\u6027<\/p><p>\u8d28\u91cf\u7ba1\u7406\u539f\u5219<br \/>\u75c5\u4eba\u5bfc\u8bca<br \/>\u6211\u4eec\u7684\u533b\u9662\u5fc5\u987b\u4e86\u89e3\u5e76\u52aa\u529b\u8d85\u8d8a\u5f53\u524d\u548c\u672a\u6765\u60a3\u8005\u7684\u9700\u6c42\u548c\u671f\u671b\u3002<br \/>\u9886\u5bfc\u80fd\u529b<br \/>\u9886\u5bfc\u8005\u51b3\u5b9a\u7ec4\u7ec7\u7684\u5b97\u65e8\u548c\u65b9\u5411\u3002\u4e3a\u4e86\u5b9e\u73b0\u7ec4\u7ec7\u7684\u76ee\u6807\uff0c\u5fc5\u987b\u521b\u9020\u4e00\u4e2a\u786e\u4fdd\u4eba\u4eec\u53c2\u4e0e\u7684\u73af\u5883\u3002<br \/>\u4e2a\u4eba\u53c2\u4e0e<br \/>\u5458\u5de5\u662f\u7ec4\u7ec7\u7684\u57fa\u7840\u3002\u4ed6\u4eec\u5168\u8eab\u5fc3\u5730\u6295\u5165\u5230\u5de5\u4f5c\u4e2d\uff0c\u624d\u80fd\u53d1\u6325\u81ea\u5df1\u7684\u806a\u660e\u624d\u667a\uff0c\u4e3a\u7ec4\u7ec7\u8c0b\u798f\u5229\u3002<br \/>\u8fc7\u7a0b\u65b9\u6cd5<br \/>\u5982\u679c\u628a\u9002\u5f53\u7684\u8d44\u6e90\u548c\u6d3b\u52a8\u4f5c\u4e3a\u4e00\u4e2a\u8fc7\u7a0b\u6765\u7ba1\u7406\uff0c\u5c31\u80fd\u66f4\u6709\u6548\u5730\u53d6\u5f97\u9884\u671f\u6210\u679c\u3002<br \/>\u7cfb\u7edf\u7ba1\u7406\u65b9\u6cd5<br \/>\u786e\u5b9a\u3001\u4e86\u89e3\u548c\u7ba1\u7406\u4e3a\u7279\u5b9a\u76ee\u7684\u800c\u5f62\u6210\u7684\u76f8\u4e92\u5173\u8054\u7684\u6d41\u7a0b\u7cfb\u7edf\uff0c\u53ef\u4ee5\u63d0\u9ad8\u7ec4\u7ec7\u7684\u6548\u529b\u548c\u6548\u7387\u3002<br \/>\u6301\u7eed\u6539\u8fdb<br \/>\u6301\u7eed\u6539\u8fdb\u5e94\u8be5\u662f\u7ec4\u7ec7\u6700\u6301\u4e45\u7684\u76ee\u6807\u3002<br \/>\u5207\u5408\u5b9e\u9645\u7684\u51b3\u7b56\u65b9\u6cd5<br \/>\u6709\u6548\u7684\u51b3\u7b56\u53d6\u51b3\u4e8e\u5bf9\u6570\u636e\u548c\u4fe1\u606f\u7684\u5206\u6790\u3002<br \/>\u4e92\u60e0\u4e92\u5229\u7684\u4f9b\u5e94\u5546\u5173\u7cfb<br \/>\u867d\u7136\u7ec4\u7ec7\u53ca\u5176\u4f9b\u5e94\u5546\u76f8\u4e92\u72ec\u7acb\uff0c\u4f46\u4e92\u60e0\u4e92\u5229\u7684\u5173\u7cfb\u80fd\u591f\u521b\u9020\u4ef7\u503c\u3002\u5168\u9762\u8d28\u91cf\u7ba1\u7406\u4e3a\u7ec4\u7ec7\u63d0\u4f9b\u4e86\u5de8\u5927\u7684\u7ade\u4e89\u529b\u548c\u4f18\u52bf\uff0c\u5982\u679c\u91c7\u7eb3\u5e76\u5b9e\u65bd\u4e0a\u8ff0\u539f\u5219\uff0c\u5c31\u80fd\u6210\u529f\u786e\u4fdd\u7ec4\u7ec7\u7684\u6d3b\u529b\u548c\u53d1\u5c55\u3002<\/p><p><img decoding=\"async\" class=\"wp-image-7540 aligncenter\" src=\"https:\/\/medisunhastanesi.com\/wp-content\/uploads\/2024\/08\/kalite-252x300.jpg\" alt=\"\" width=\"1076\" height=\"1281\" srcset=\"https:\/\/medisunhastanesi.com\/wp-content\/uploads\/2024\/08\/kalite-252x300.jpg 252w, https:\/\/medisunhastanesi.com\/wp-content\/uploads\/2024\/08\/kalite-859x1024.jpg 859w, https:\/\/medisunhastanesi.com\/wp-content\/uploads\/2024\/08\/kalite-10x12.jpg 10w\" sizes=\"(max-width: 1076px) 100vw, 1076px\" \/><\/p>\t\t\t\t\t\t\t\t<\/div>\n\t\t\t\t<\/div>\n\t\t\t\t<div class=\"elementor-element elementor-element-db535a6 elementor-widget elementor-widget-rt-button\" data-id=\"db535a6\" data-element_type=\"widget\" data-widget_type=\"rt-button.default\">\n\t\t\t\t<div class=\"elementor-widget-container\">\n\t\t\t\t\t\r\n<div class=\"btn-layout-1\">\r\n\t\t\t<div class=\"item-button\">\r\n\t\t\t<a class=\"item-btn\" href=\"https:\/\/medisunhastanesi.com\/zh\/bize-ulasin\/\">\u8054\u7cfb\u6211\u4eec<i class=\"fas fa-angle-right\"><\/i><\/a>\t\t<\/div>\r\n\t<\/div>\t\t\t\t<\/div>\n\t\t\t\t<\/div>\n\t\t\t\t\t<\/div>\n\t\t<\/div>\n\t\t\t\t\t<\/div>\n\t\t<\/section>\n\t\t\t\t<\/div>","protected":false},"excerpt":{"rendered":"<p>Kalite Y\u00f6netimimiz Hakk\u0131nda \u00d6zel Medisun \u00c7ayyolu Hastanesi; T.C. Sa\u011fl\u0131k Bakanl\u0131\u011f\u0131 Sa\u011fl\u0131kta Kalite Standartlar\u0131 do\u011frultusunda y\u00fcksek kalite sa\u011fl\u0131k hizmeti sunmaktad\u0131r. Hastanemiz kalite y\u00f6netim s\u00fcre\u00e7lerini s\u00fcrekli iyile\u015ftirmeler g\u00f6stererek uygulamaktad\u0131r. KAL\u0130TE B\u00d6L\u00dcM\u00dc OLARAK \u00c7ALI\u015eMA PRENS\u0130PLER\u0130M\u0130Z\u00c7a\u011fda\u015f ve geli\u015fmi\u015f teknoloji kullan\u0131larak h\u0131zl\u0131 ve do\u011fru tan\u0131 ile tedaviyi ger\u00e7ekle\u015ftirmek hedeflenir. Hastanemiz Kalite Y\u00f6netim Sistemi, \u015fartlar\u0131na uygun \u015fekilde \u00e7al\u0131\u015farak sistemin s\u00fcrekli iyile\u015ftirilmesini&#8230;<\/p>","protected":false},"author":1,"featured_media":0,"parent":0,"menu_order":0,"comment_status":"closed","ping_status":"closed","template":"","meta":{"footnotes":""},"aioseo_notices":[],"_links":{"self":[{"href":"https:\/\/medisunhastanesi.com\/zh\/wp-json\/wp\/v2\/pages\/6554"}],"collection":[{"href":"https:\/\/medisunhastanesi.com\/zh\/wp-json\/wp\/v2\/pages"}],"about":[{"href":"https:\/\/medisunhastanesi.com\/zh\/wp-json\/wp\/v2\/types\/page"}],"author":[{"embeddable":true,"href":"https:\/\/medisunhastanesi.com\/zh\/wp-json\/wp\/v2\/users\/1"}],"replies":[{"embeddable":true,"href":"https:\/\/medisunhastanesi.com\/zh\/wp-json\/wp\/v2\/comments?post=6554"}],"version-history":[{"count":12,"href":"https:\/\/medisunhastanesi.com\/zh\/wp-json\/wp\/v2\/pages\/6554\/revisions"}],"predecessor-version":[{"id":7543,"href":"https:\/\/medisunhastanesi.com\/zh\/wp-json\/wp\/v2\/pages\/6554\/revisions\/7543"}],"wp:attachment":[{"href":"https:\/\/medisunhastanesi.com\/zh\/wp-json\/wp\/v2\/media?parent=6554"}],"curies":[{"name":"wp","href":"https:\/\/api.w.org\/{rel}","templated":true}]}}