{"id":6521,"date":"2023-11-23T14:50:20","date_gmt":"2023-11-23T11:50:20","guid":{"rendered":"https:\/\/medisunhastanesi.com\/?page_id=6521"},"modified":"2023-11-23T14:50:30","modified_gmt":"2023-11-23T11:50:30","slug":"insan-kaynaklari","status":"publish","type":"page","link":"https:\/\/medisunhastanesi.com\/zh\/insan-kaynaklari\/","title":{"rendered":"\u4eba\u529b\u8d44\u6e90"},"content":{"rendered":"<div data-elementor-type=\"wp-post\" data-elementor-id=\"6521\" class=\"elementor elementor-6521\" data-elementor-post-type=\"page\">\n\t\t\t\t\t\t<section class=\"elementor-section elementor-top-section elementor-element elementor-element-d0dcf9e elementor-section-boxed elementor-section-height-default elementor-section-height-default\" data-id=\"d0dcf9e\" data-element_type=\"section\">\n\t\t\t\t\t\t<div class=\"elementor-container elementor-column-gap-default\">\n\t\t\t\t\t<div class=\"elementor-column elementor-col-100 elementor-top-column elementor-element elementor-element-c46e697\" data-id=\"c46e697\" data-element_type=\"column\">\n\t\t\t<div class=\"elementor-widget-wrap elementor-element-populated\">\n\t\t\t\t\t\t<div class=\"elementor-element elementor-element-1cc5ccc elementor-widget elementor-widget-rt-title\" data-id=\"1cc5ccc\" data-element_type=\"widget\" data-widget_type=\"rt-title.default\">\n\t\t\t\t<div class=\"elementor-widget-container\">\n\t\t\t\t\t\r\n\t<div class=\"rt-el-title section-heading heading-dark text-center heading-layout1 style1 theme1\">\r\n\t\t<h2 class=\"rtin-title\">\u4eba\u529b\u8d44\u6e90<\/h2>\r\n\t\t\t<\/div>\r\n\t\t\t\t\t<\/div>\n\t\t\t\t<\/div>\n\t\t\t\t<div class=\"elementor-element elementor-element-4a1aee1 elementor-widget elementor-widget-text-editor\" data-id=\"4a1aee1\" data-element_type=\"widget\" data-widget_type=\"text-editor.default\">\n\t\t\t\t<div class=\"elementor-widget-container\">\n\t\t\t\t\t\t\t\t\t<p>\u6211\u4eec\u516c\u53f8\u5b9e\u65bd\u4eba\u529b\u8d44\u6e90\u8ba1\u5212\u7684\u4e3b\u8981\u76ee\u7684\u662f\u7a81\u51fa\u5458\u5de5\u7684\u8d44\u8d28\u548c\u80fd\u529b\uff0c\u9f13\u52b1\u4ed6\u4eec\u96c6\u4f53\u5de5\u4f5c\uff0c\u5f15\u5bfc\u4ed6\u4eec\u91c7\u53d6\u6700\u9002\u5408\u81ea\u5df1\u548c\u516c\u53f8\u7684\u884c\u4e3a\uff0c\u6700\u5927\u9650\u5ea6\u5730\u53d1\u6325\u5458\u5de5\u7684\u8d21\u732e\uff0c\u7279\u522b\u662f\u57f9\u8bad\uff0c\u786e\u4fdd\u4ed6\u4eec\u878d\u5165\u516c\u53f8\uff0c\u63d0\u9ad8\u4ed6\u4eec\u7684\u6ee1\u610f\u5ea6\u3002<\/p><p>\u79c1\u7acb Medisun \u00c7ayyolu \u533b\u9662\u4eba\u529b\u8d44\u6e90\u90e8\u5c65\u884c\u4eba\u5458\u9009\u62d4\u3001\u57f9\u8bad\u3001\u7ee9\u6548\u8bc4\u4f30\u3001\u804c\u4e1a\u89c4\u5212\u3001\u5956\u52b1\u3001\u85aa\u916c\u3001\u4f01\u4e1a\u6587\u5316\u5b9a\u4f4d\u3001\u63d0\u9ad8\u5458\u5de5\u79ef\u6781\u6027\u3001\u786e\u4fdd\u5458\u5de5\u5065\u5eb7\u548c\u5b89\u5168\u3001\u4fdd\u62a4\u5458\u5de5\u5408\u6cd5\u6743\u76ca\u4ee5\u53ca\u5728\u5458\u5de5\u9700\u8981\u65f6\u63d0\u4f9b\u5fc3\u7406\u652f\u6301\u7b49\u804c\u80fd\u3002<\/p>\t\t\t\t\t\t\t\t<\/div>\n\t\t\t\t<\/div>\n\t\t\t\t<div class=\"elementor-element elementor-element-44204f8 elementor-widget elementor-widget-accordion\" data-id=\"44204f8\" data-element_type=\"widget\" data-widget_type=\"accordion.default\">\n\t\t\t\t<div class=\"elementor-widget-container\">\n\t\t\t\t\t\t\t<div class=\"elementor-accordion\">\n\t\t\t\t\t\t\t<div class=\"elementor-accordion-item\">\n\t\t\t\t\t<div id=\"elementor-tab-title-7141\" class=\"elementor-tab-title\" data-tab=\"1\" role=\"button\" aria-controls=\"elementor-tab-content-7141\" aria-expanded=\"false\">\n\t\t\t\t\t\t\t\t\t\t\t\t\t<span class=\"elementor-accordion-icon elementor-accordion-icon-left\" aria-hidden=\"true\">\n\t\t\t\t\t\t\t\t\t\t\t\t\t\t\t<span class=\"elementor-accordion-icon-closed\"><i class=\"fas fa-plus\"><\/i><\/span>\n\t\t\t\t\t\t\t\t<span class=\"elementor-accordion-icon-opened\"><i class=\"fas fa-minus\"><\/i><\/span>\n\t\t\t\t\t\t\t\t\t\t\t\t\t\t<\/span>\n\t\t\t\t\t\t\t\t\t\t\t\t<a class=\"elementor-accordion-title\" tabindex=\"0\">\u6211\u4eec\u7684\u4eba\u529b\u8d44\u6e90\u653f\u7b56<\/a>\n\t\t\t\t\t<\/div>\n\t\t\t\t\t<div id=\"elementor-tab-content-7141\" class=\"elementor-tab-content elementor-clearfix\" data-tab=\"1\" role=\"region\" aria-labelledby=\"elementor-tab-title-7141\"><p>\u79c1\u7acb Medisun \u00c7ayyolu \u533b\u9662\u7684\u4eba\u529b\u8d44\u6e90\u653f\u7b56\u57fa\u4e8e\u8fd9\u6837\u4e00\u79cd\u8ba4\u8bc6\uff0c\u5373\u57f9\u517b\u548c\u7559\u4f4f\u5c0a\u91cd\u5458\u5de5\u4eba\u6587\u4ef7\u503c\u7684\u5458\u5de5\uff0c\u5728\u4e2a\u4eba\u884c\u4e3a\u4e2d\u91c7\u53d6\u4fdd\u5bc6\u539f\u5219\uff0c\u5728\u4e00\u822c\u884c\u4e3a\u4e2d\u91c7\u53d6\u900f\u660e\u539f\u5219\uff0c\u901a\u8fc7\u6709\u6548\u7684\u7ee9\u6548\u7ba1\u7406\u5236\u5ea6\u3001\u57f9\u8bad\u8ba1\u5212\u548c\u804c\u4e1a\u89c4\u5212\u786e\u4fdd\u5458\u5de5\u7684\u79ef\u6781\u6027\u548c\u53d1\u5c55\uff0c\u91c7\u53d6\u516c\u5e73\u516c\u6b63\u7684\u5de5\u8d44\u7ba1\u7406\uff0c\u5e76\u5177\u6709\u9ad8\u5ea6\u7684\u4f01\u4e1a\u5f52\u5c5e\u611f\u3002<\/p><\/div>\n\t\t\t\t<\/div>\n\t\t\t\t\t\t\t<div class=\"elementor-accordion-item\">\n\t\t\t\t\t<div id=\"elementor-tab-title-7142\" class=\"elementor-tab-title\" data-tab=\"2\" role=\"button\" aria-controls=\"elementor-tab-content-7142\" aria-expanded=\"false\">\n\t\t\t\t\t\t\t\t\t\t\t\t\t<span class=\"elementor-accordion-icon elementor-accordion-icon-left\" aria-hidden=\"true\">\n\t\t\t\t\t\t\t\t\t\t\t\t\t\t\t<span class=\"elementor-accordion-icon-closed\"><i class=\"fas fa-plus\"><\/i><\/span>\n\t\t\t\t\t\t\t\t<span class=\"elementor-accordion-icon-opened\"><i class=\"fas fa-minus\"><\/i><\/span>\n\t\t\t\t\t\t\t\t\t\t\t\t\t\t<\/span>\n\t\t\t\t\t\t\t\t\t\t\t\t<a class=\"elementor-accordion-title\" tabindex=\"0\">\u4eba\u529b\u8d44\u6e90\u6d41\u7a0b \u7504\u9009\u548c\u5b89\u7f6e<\/a>\n\t\t\t\t\t<\/div>\n\t\t\t\t\t<div id=\"elementor-tab-content-7142\" class=\"elementor-tab-content elementor-clearfix\" data-tab=\"2\" role=\"region\" aria-labelledby=\"elementor-tab-title-7142\"><p>\u5f53\u79c1\u7acb Medisun \u00c7ayyolu \u533b\u9662\u9700\u8981\u65b0\u5458\u5de5\u65f6\uff0c\u6211\u4eec\u4f1a\u5728\u7f51\u7ad9\u548c\/\u6216\u804c\u4e1a\u7f51\u7ad9\u4e0a\u53d1\u5e03\u62db\u8058\u5e7f\u544a\u3002<\/p><p>\u901a\u8fc7\u5173\u6ce8\u8fd9\u4e9b\u5e7f\u544a\uff0c\u60a8\u53ef\u4ee5\u4e86\u89e3\u79c1\u7acb Medisun \u00c7ayyolu \u533b\u9662\u7684\u5de5\u4f5c\u673a\u4f1a\uff0c\u5e76\u7533\u8bf7\u7a7a\u7f3a\u804c\u4f4d\u3002<\/p><p>\u6211\u4eec\u5bf9\u5019\u9009\u4eba\u5e93\u4e2d\u6240\u6709\u5e94\u8058\u8005\u7684\u7533\u8bf7\u8fdb\u884c\u4e25\u683c\u5ba1\u67e5\uff0c\u5e76\u6839\u636e\u5e94\u8058\u8005\u7684\u77e5\u8bc6\u3001\u6280\u80fd\u548c\u80fd\u529b\u5bf9\u5176\u804c\u4f4d\u8fdb\u884c\u8bc4\u4f30\u3002<\/p><p>\u5728\u7b80\u5386\u7b5b\u9009\u4e2d\u88ab\u8ba4\u4e3a\u5408\u9002\u7684\u5019\u9009\u4eba\u9996\u5148\u7531\u4eba\u529b\u8d44\u6e90\u90e8\u8fdb\u884c\u9762\u8bd5\uff0c\u9762\u8bd5\u7ed3\u675f\u540e\u88ab\u8ba4\u4e3a\u5408\u9002\u7684\u5019\u9009\u4eba\u5c06\u4e0e\u76f8\u5173\u90e8\u95e8\u7ecf\u7406\u8fdb\u884c\u9762\u8bd5\u3002\u5728\u4ee5\u80fd\u529b\u4e3a\u57fa\u7840\u7684\u9762\u8bd5\u4e2d\uff0c\u8981\u8bc4\u4f30\u5e94\u8058\u8005\u7684\u80fd\u529b\u662f\u5426\u9002\u5408\u6240\u4ece\u4e8b\u7684\u5de5\u4f5c\uff0c\u4ee5\u53ca\u5e94\u8058\u8005\u662f\u5426\u9002\u5408\u4f01\u4e1a\u6587\u5316\u3002<\/p><p>\u6211\u4eec\u7684\u9009\u62d4\u548c\u5b89\u7f6e\u6d41\u7a0b\u662f\u901a\u8fc7\u5411\u9762\u8bd5\u6210\u529f\u7684\u5019\u9009\u4eba\u53d1\u51fa\u5de5\u4f5c\u9080\u8bf7\u6765\u5b8c\u6210\u7684\u3002<\/p><p>\u6240\u6709\u7533\u8bf7\u5747\u5728\u4fdd\u5bc6\u7684\u57fa\u7840\u4e0a\u8fdb\u884c\u8bc4\u4f30\u3002<\/p><\/div>\n\t\t\t\t<\/div>\n\t\t\t\t\t\t\t<div class=\"elementor-accordion-item\">\n\t\t\t\t\t<div id=\"elementor-tab-title-7143\" class=\"elementor-tab-title\" data-tab=\"3\" role=\"button\" aria-controls=\"elementor-tab-content-7143\" aria-expanded=\"false\">\n\t\t\t\t\t\t\t\t\t\t\t\t\t<span class=\"elementor-accordion-icon elementor-accordion-icon-left\" aria-hidden=\"true\">\n\t\t\t\t\t\t\t\t\t\t\t\t\t\t\t<span class=\"elementor-accordion-icon-closed\"><i class=\"fas fa-plus\"><\/i><\/span>\n\t\t\t\t\t\t\t\t<span class=\"elementor-accordion-icon-opened\"><i class=\"fas fa-minus\"><\/i><\/span>\n\t\t\t\t\t\t\t\t\t\t\t\t\t\t<\/span>\n\t\t\t\t\t\t\t\t\t\t\t\t<a class=\"elementor-accordion-title\" tabindex=\"0\">\u6559\u80b2\u7ba1\u7406<\/a>\n\t\t\t\t\t<\/div>\n\t\t\t\t\t<div id=\"elementor-tab-content-7143\" class=\"elementor-tab-content elementor-clearfix\" data-tab=\"3\" role=\"region\" aria-labelledby=\"elementor-tab-title-7143\"><p>\u6bcf\u9694\u4e00\u6bb5\u65f6\u95f4\uff0c\u6211\u4eec\u90fd\u4f1a\u5bf9\u5404\u90e8\u95e8\u5458\u5de5\u7684\u57f9\u8bad\u9700\u6c42\u8fdb\u884c\u5206\u6790\uff0c\u5e76\u6839\u636e\u5206\u6790\u7ed3\u679c\u5236\u5b9a\u5e74\u5ea6\u57f9\u8bad\u8ba1\u5212\u3002<\/p><p>\u6211\u4eec\u5168\u5e74\u4e3a\u6240\u6709\u5458\u5de5\u7ec4\u7ec7\u804c\u4e1a\u53d1\u5c55\u57f9\u8bad\uff0c\u65e2\u6709\u6309\u8ba1\u5212\u8fdb\u884c\u7684\u57f9\u8bad\uff0c\u4e5f\u6709\u9488\u5bf9\u7d27\u6025\u9700\u6c42\u7684\u57f9\u8bad\uff0c\u5bf9\u57f9\u8bad\u6d3b\u52a8\u8fdb\u884c\u8861\u91cf\u548c\u53cd\u9988\u8bc4\u4f30\u3002<\/p><p>\u6211\u4eec\u7684\u57f9\u8bad\u5206\u4e3a \"\u5185\u90e8\u57f9\u8bad\"\u3001\"\u5916\u90e8\u57f9\u8bad \"\u548c \"\u5b9a\u5411\u57f9\u8bad \"\u4e09\u79cd\u3002<\/p><\/div>\n\t\t\t\t<\/div>\n\t\t\t\t\t\t\t<div class=\"elementor-accordion-item\">\n\t\t\t\t\t<div id=\"elementor-tab-title-7144\" class=\"elementor-tab-title\" data-tab=\"4\" role=\"button\" aria-controls=\"elementor-tab-content-7144\" aria-expanded=\"false\">\n\t\t\t\t\t\t\t\t\t\t\t\t\t<span class=\"elementor-accordion-icon elementor-accordion-icon-left\" aria-hidden=\"true\">\n\t\t\t\t\t\t\t\t\t\t\t\t\t\t\t<span class=\"elementor-accordion-icon-closed\"><i class=\"fas fa-plus\"><\/i><\/span>\n\t\t\t\t\t\t\t\t<span class=\"elementor-accordion-icon-opened\"><i class=\"fas fa-minus\"><\/i><\/span>\n\t\t\t\t\t\t\t\t\t\t\t\t\t\t<\/span>\n\t\t\t\t\t\t\t\t\t\t\t\t<a class=\"elementor-accordion-title\" tabindex=\"0\">\u5185\u90e8\u57f9\u8bad<\/a>\n\t\t\t\t\t<\/div>\n\t\t\t\t\t<div id=\"elementor-tab-content-7144\" class=\"elementor-tab-content elementor-clearfix\" data-tab=\"4\" role=\"region\" aria-labelledby=\"elementor-tab-title-7144\"><p>\u5185\u90e8\u57f9\u8bad\u5206\u4e3a \"\u5fc5\u4fee\u57f9\u8bad\u548c\u9009\u4fee\u57f9\u8bad\"\u3002\u5fc5\u4fee\u57f9\u8bad\u5305\u62ec\u76f8\u5173\u533b\u62a4\u4eba\u5458\u5fc5\u987b\u53c2\u52a0\u7684\u804c\u4e1a\u57f9\u8bad\u548c\u6307\u5bfc\u57f9\u8bad\uff0c\u8fd9\u662f\u56fd\u5bb6\u536b\u751f\u76d1\u7763\u5c40\u7684\u5f3a\u5236\u6027\u89c4\u5b9a\u3002\u9009\u4fee\u57f9\u8bad\u5219\u5305\u62ec\u7531\u7ba1\u7406\u4eba\u5458\u6216\u5458\u5de5\u63d0\u8bae\u7684\u57f9\u8bad\u3002<\/p><\/div>\n\t\t\t\t<\/div>\n\t\t\t\t\t\t\t<div class=\"elementor-accordion-item\">\n\t\t\t\t\t<div id=\"elementor-tab-title-7145\" class=\"elementor-tab-title\" data-tab=\"5\" role=\"button\" aria-controls=\"elementor-tab-content-7145\" aria-expanded=\"false\">\n\t\t\t\t\t\t\t\t\t\t\t\t\t<span class=\"elementor-accordion-icon elementor-accordion-icon-left\" aria-hidden=\"true\">\n\t\t\t\t\t\t\t\t\t\t\t\t\t\t\t<span class=\"elementor-accordion-icon-closed\"><i class=\"fas fa-plus\"><\/i><\/span>\n\t\t\t\t\t\t\t\t<span class=\"elementor-accordion-icon-opened\"><i class=\"fas fa-minus\"><\/i><\/span>\n\t\t\t\t\t\t\t\t\t\t\t\t\t\t<\/span>\n\t\t\t\t\t\t\t\t\t\t\t\t<a class=\"elementor-accordion-title\" tabindex=\"0\">\u5b9a\u5411\u57f9\u8bad<\/a>\n\t\t\t\t\t<\/div>\n\t\t\t\t\t<div id=\"elementor-tab-content-7145\" class=\"elementor-tab-content elementor-clearfix\" data-tab=\"5\" role=\"region\" aria-labelledby=\"elementor-tab-title-7145\"><p>\u8fd9\u662f\u4e00\u4e2a\u4e3a\u671f\u4e24\u4e2a\u6708\u7684\u57f9\u8bad\u8fc7\u7a0b\uff0c\u76ee\u7684\u662f\u8ba9\u6211\u4eec\u7684\u65b0\u56e2\u961f\u6210\u5458\u4e86\u89e3\u9002\u5e94\u4f01\u4e1a\u6587\u5316\u6240\u9700\u7684\u4eba\u529b\u8d44\u6e90\u6d3b\u52a8\uff0c\u786e\u4fdd\u4ed6\u4eec\u9002\u5e94\u5de5\u4f5c\uff0c\u5b9e\u73b0\u804c\u4e1a\u53d1\u5c55\uff0c\u5e76\u901a\u8fc7\u6211\u4eec\u516c\u53f8\u7684\u5177\u4f53\u505a\u6cd5\u63d0\u9ad8\u4ed6\u4eec\u5728\u8fd9\u4e9b\u95ee\u9898\u4e0a\u7684\u80fd\u529b\u3002<\/p><\/div>\n\t\t\t\t<\/div>\n\t\t\t\t\t\t\t<div class=\"elementor-accordion-item\">\n\t\t\t\t\t<div id=\"elementor-tab-title-7146\" class=\"elementor-tab-title\" data-tab=\"6\" role=\"button\" aria-controls=\"elementor-tab-content-7146\" aria-expanded=\"false\">\n\t\t\t\t\t\t\t\t\t\t\t\t\t<span class=\"elementor-accordion-icon elementor-accordion-icon-left\" aria-hidden=\"true\">\n\t\t\t\t\t\t\t\t\t\t\t\t\t\t\t<span class=\"elementor-accordion-icon-closed\"><i class=\"fas fa-plus\"><\/i><\/span>\n\t\t\t\t\t\t\t\t<span class=\"elementor-accordion-icon-opened\"><i class=\"fas fa-minus\"><\/i><\/span>\n\t\t\t\t\t\t\t\t\t\t\t\t\t\t<\/span>\n\t\t\t\t\t\t\t\t\t\t\t\t<a class=\"elementor-accordion-title\" tabindex=\"0\">\u5916\u90e8\u57f9\u8bad<\/a>\n\t\t\t\t\t<\/div>\n\t\t\t\t\t<div id=\"elementor-tab-content-7146\" class=\"elementor-tab-content elementor-clearfix\" data-tab=\"6\" role=\"region\" aria-labelledby=\"elementor-tab-title-7146\"><p>\u5b83\u6307\u7684\u662f\u6211\u4eec\u7684\u5458\u5de5\u53c2\u52a0\u7814\u8ba8\u4f1a\u3001\u5927\u4f1a\u548c\u8bc1\u4e66\u8bfe\u7a0b\u7684\u8fc7\u7a0b\uff0c\u8fd9\u5c06\u6709\u52a9\u4e8e\u6211\u4eec\u6240\u6709\u5458\u5de5\u7684\u4e2a\u4eba\u6216\u804c\u4e1a\u53d1\u5c55\u3002<\/p><\/div>\n\t\t\t\t<\/div>\n\t\t\t\t\t\t\t<div class=\"elementor-accordion-item\">\n\t\t\t\t\t<div id=\"elementor-tab-title-7147\" class=\"elementor-tab-title\" data-tab=\"7\" role=\"button\" aria-controls=\"elementor-tab-content-7147\" aria-expanded=\"false\">\n\t\t\t\t\t\t\t\t\t\t\t\t\t<span class=\"elementor-accordion-icon elementor-accordion-icon-left\" aria-hidden=\"true\">\n\t\t\t\t\t\t\t\t\t\t\t\t\t\t\t<span class=\"elementor-accordion-icon-closed\"><i class=\"fas fa-plus\"><\/i><\/span>\n\t\t\t\t\t\t\t\t<span class=\"elementor-accordion-icon-opened\"><i class=\"fas fa-minus\"><\/i><\/span>\n\t\t\t\t\t\t\t\t\t\t\t\t\t\t<\/span>\n\t\t\t\t\t\t\t\t\t\t\t\t<a class=\"elementor-accordion-title\" tabindex=\"0\">\u7ee9\u6548\u548c\u804c\u4e1a\u7ba1\u7406<\/a>\n\t\t\t\t\t<\/div>\n\t\t\t\t\t<div id=\"elementor-tab-content-7147\" class=\"elementor-tab-content elementor-clearfix\" data-tab=\"7\" role=\"region\" aria-labelledby=\"elementor-tab-title-7147\"><p>\u5bf9\u5458\u5de5\u8868\u73b0\u7684\u8bc4\u4f30\u4ee5\u80fd\u529b\u4e3a\u57fa\u7840\uff0c\u91c7\u7528\u5177\u4f53\u3001\u53ef\u8861\u91cf\u7684\u6807\u51c6\uff0c\u4ee5\u8861\u91cf\u5458\u5de5\u5168\u5e74\u7684\u8868\u73b0\uff0c\u786e\u5b9a\u57f9\u8bad\u9700\u6c42\uff0c\u8fdb\u884c\u804c\u4e1a\u89c4\u5212\uff0c\u5e76\u4e3a\u5de5\u8d44\u7ba1\u7406\u5b9e\u8df5\u63d0\u4f9b\u6570\u636e\u3002<\/p><p>\u6211\u4eec\u7684\u76ee\u6807\u662f\u6839\u636e\u5458\u5de5\u7684\u5174\u8da3\u548c\u503e\u5411\uff0c\u8ba9\u4ed6\u4eec\u664b\u5347\u5230\u80fd\u591f\u53d6\u5f97\u6210\u529f\u7684\u804c\u4f4d\u3002\u56e0\u6b64\uff0c\u6240\u6709\u664b\u5347\u7a0b\u5e8f\u5bf9\u6bcf\u4f4d\u5458\u5de5\u90fd\u662f\u5f00\u653e\u7684\u3002\u6211\u4eec\u901a\u8fc7\u57f9\u8bad\u548c\u5728\u804c\u7ecf\u9a8c\u6765\u652f\u6301\u548c\u52a0\u5f3a\u8fd9\u4e9b\u8fc7\u7a0b\u3002<\/p><p>\u5bf9\u4e8e\u7a7a\u7f3a\u804c\u4f4d\uff0c\u6211\u4eec\u4f18\u5148\u8003\u8651\u5bf9\u5177\u5907\u76f8\u5e94\u80fd\u529b\u548c\u8d44\u683c\u7684\u5458\u5de5\u8fdb\u884c\u8bc4\u4f30\u3002<\/p><\/div>\n\t\t\t\t<\/div>\n\t\t\t\t\t\t\t<div class=\"elementor-accordion-item\">\n\t\t\t\t\t<div id=\"elementor-tab-title-7148\" class=\"elementor-tab-title\" data-tab=\"8\" role=\"button\" aria-controls=\"elementor-tab-content-7148\" aria-expanded=\"false\">\n\t\t\t\t\t\t\t\t\t\t\t\t\t<span class=\"elementor-accordion-icon elementor-accordion-icon-left\" aria-hidden=\"true\">\n\t\t\t\t\t\t\t\t\t\t\t\t\t\t\t<span class=\"elementor-accordion-icon-closed\"><i class=\"fas fa-plus\"><\/i><\/span>\n\t\t\t\t\t\t\t\t<span class=\"elementor-accordion-icon-opened\"><i class=\"fas fa-minus\"><\/i><\/span>\n\t\t\t\t\t\t\t\t\t\t\t\t\t\t<\/span>\n\t\t\t\t\t\t\t\t\t\t\t\t<a class=\"elementor-accordion-title\" tabindex=\"0\">\u5de5\u8d44\u7ba1\u7406\u548c\u793e\u4f1a\u798f\u5229<\/a>\n\t\t\t\t\t<\/div>\n\t\t\t\t\t<div id=\"elementor-tab-content-7148\" class=\"elementor-tab-content elementor-clearfix\" data-tab=\"8\" role=\"region\" aria-labelledby=\"elementor-tab-title-7148\"><p>\u6211\u4eec\u7684\u7ec4\u7ec7\u6709\u4e00\u5957\u85aa\u916c\u6807\u51c6\uff0c\u5176\u4e2d\u5305\u62ec\u804c\u4f4d\u63cf\u8ff0\u3001\u6559\u80b2\u7a0b\u5ea6\u3001\u5916\u8bed\u6280\u80fd\u3001\u4e13\u4e1a\u7ecf\u9a8c\u3001\u80fd\u529b\u3001\u8d23\u4efb\u5927\u5c0f\u7b49\u6807\u51c6\u3002\u5728\u5f55\u7528\u65f6\uff0c\u6211\u4eec\u4f1a\u901a\u77e5\u6bcf\u4f4d\u5373\u5c06\u5f00\u59cb\u5de5\u4f5c\u7684\u5e94\u8058\u8005\u85aa\u916c\u8868\u4e2d\u8ba1\u7b97\u7684\u85aa\u916c\u3002<\/p><p>\u5728\u6211\u4eec\u7684\u7ec4\u7ec7\u4e2d\uff0c\u5de5\u8d44\u662f\u6839\u636e\u51c0\u5de5\u8d44\u6309\u6708\u53d1\u653e\u7684\u3002<\/p><p>\u6211\u4eec\u7684\u5e26\u85aa\u5e74\u5047\u6839\u636e\u300a\u52b3\u52a8\u6cd5\u300b\u89c4\u5b9a\u7684\u5de5\u4f5c\u65f6\u95f4\u786e\u5b9a\u3002<\/p><p>\u6211\u4eec\u7684\u5458\u5de5\u6709\u6743\u56e0\u8bf7\u5047\u3001\u7ed3\u5a5a\u3001\u751f\u80b2\u3001\u966a\u4ea7\u3001\u966a\u4ea7\u5047\u3001\u5976\u5047\u7b49\u539f\u56e0\u4f11\u5047\uff0c\u4ee5\u4fbf\u5728\u9700\u8981\u65f6\u4f7f\u7528\u3002<\/p><p>\u6211\u4eec\u4e3a\u8f6e\u73ed\u5458\u5de5\u63d0\u4f9b\u514d\u8d39\u5348\u9910\u3001\u665a\u9910\u548c\u65e9\u9910\u3002<\/p><p>\u6211\u4eec\u6709\u4e00\u4e2a\u514d\u8d39\u73ed\u8f66\u670d\u52a1\u7f51\u7edc\uff0c\u5728\u6307\u5b9a\u8def\u7ebf\u4e0a\u4e3a\u533b\u9662\u5458\u5de5\u63d0\u4f9b\u670d\u52a1\u3002<\/p><p>\u6211\u4eec\u7684\u5458\u5de5\u53ca\u5176\u4eb2\u5c5e\u53ef\u4ee5\u4f18\u60e0\u4ef7\u4eab\u53d7\u6211\u4eec\u7684\u533b\u9662\u670d\u52a1\u3002<\/p><p>\u6211\u4eec\u6709\u4e00\u540d\u5de5\u4f5c\u573a\u6240\u533b\u751f\uff0c\u4ed6\u53ea\u5e72\u9884\u5458\u5de5\u7684\u75be\u75c5\uff0c\u5e76\u8d1f\u8d23\u6cbb\u7597\u4ed6\u4eec\u7684\u75be\u75c5\u3002<\/p><\/div>\n\t\t\t\t<\/div>\n\t\t\t\t\t\t\t<div class=\"elementor-accordion-item\">\n\t\t\t\t\t<div id=\"elementor-tab-title-7149\" class=\"elementor-tab-title\" data-tab=\"9\" role=\"button\" aria-controls=\"elementor-tab-content-7149\" aria-expanded=\"false\">\n\t\t\t\t\t\t\t\t\t\t\t\t\t<span class=\"elementor-accordion-icon elementor-accordion-icon-left\" aria-hidden=\"true\">\n\t\t\t\t\t\t\t\t\t\t\t\t\t\t\t<span class=\"elementor-accordion-icon-closed\"><i class=\"fas fa-plus\"><\/i><\/span>\n\t\t\t\t\t\t\t\t<span class=\"elementor-accordion-icon-opened\"><i class=\"fas fa-minus\"><\/i><\/span>\n\t\t\t\t\t\t\t\t\t\t\t\t\t\t<\/span>\n\t\t\t\t\t\t\t\t\t\t\t\t<a class=\"elementor-accordion-title\" tabindex=\"0\">\u5b9e\u4e60\u673a\u4f1a<\/a>\n\t\t\t\t\t<\/div>\n\t\t\t\t\t<div id=\"elementor-tab-content-7149\" class=\"elementor-tab-content elementor-clearfix\" data-tab=\"9\" role=\"region\" aria-labelledby=\"elementor-tab-title-7149\"><p>\u79c1\u7acb Medisun \u00c7ayyolu \u533b\u9662\u6839\u636e\u6bcf\u5b66\u5e74\u51ac\u5b63\u548c\u590f\u5b63\u786e\u5b9a\u7684\u540d\u989d\uff0c\u4e3a\u672c\u79d1\u751f\u3001\u526f\u5b66\u58eb\u5b66\u4f4d\u5b66\u751f\u548c\u9ad8\u4e2d\u751f\u63d0\u4f9b\u5b9e\u4e60\u673a\u4f1a\u3002<\/p><\/div>\n\t\t\t\t<\/div>\n\t\t\t\t\t\t\t\t<\/div>\n\t\t\t\t\t\t<\/div>\n\t\t\t\t<\/div>\n\t\t\t\t\t<\/div>\n\t\t<\/div>\n\t\t\t\t\t<\/div>\n\t\t<\/section>\n\t\t\t\t<\/div>","protected":false},"excerpt":{"rendered":"<p>\u0130nsan Kaynaklar\u0131 Kurumumuzda y\u00fcr\u00fct\u00fclmekte olan \u0130nsan Kaynaklar\u0131 Programlar\u0131n\u0131n temel amac\u0131, \u00e7al\u0131\u015fanlar\u0131n nitelik ve yeteneklerini \u00f6n plana \u00e7\u0131kararak, grup halinde \u00e7al\u0131\u015fmaya te\u015fvik ederek, kendisi ve i\u015fletme i\u00e7in en uygun davran\u0131\u015fa y\u00f6neltilmesi, en ba\u015fta e\u011fitim olmak \u00fczere \u00e7al\u0131\u015fanlar\u0131n katk\u0131lar\u0131n\u0131n en \u00fcst d\u00fczeye \u00e7\u0131kar\u0131lmas\u0131, i\u015fletmeyle b\u00fct\u00fcnle\u015fmelerinin sa\u011flanmas\u0131 ve memnuniyetlerinin artt\u0131r\u0131lmas\u0131d\u0131r. \u00d6zel Medisun \u00c7ayyolu Hastanesi \u0130nsan Kaynaklar\u0131 M\u00fcd\u00fcrl\u00fc\u011f\u00fc, personel&#8230;<\/p>","protected":false},"author":1,"featured_media":0,"parent":0,"menu_order":0,"comment_status":"closed","ping_status":"closed","template":"","meta":{"footnotes":""},"aioseo_notices":[],"_links":{"self":[{"href":"https:\/\/medisunhastanesi.com\/zh\/wp-json\/wp\/v2\/pages\/6521"}],"collection":[{"href":"https:\/\/medisunhastanesi.com\/zh\/wp-json\/wp\/v2\/pages"}],"about":[{"href":"https:\/\/medisunhastanesi.com\/zh\/wp-json\/wp\/v2\/types\/page"}],"author":[{"embeddable":true,"href":"https:\/\/medisunhastanesi.com\/zh\/wp-json\/wp\/v2\/users\/1"}],"replies":[{"embeddable":true,"href":"https:\/\/medisunhastanesi.com\/zh\/wp-json\/wp\/v2\/comments?post=6521"}],"version-history":[{"count":0,"href":"https:\/\/medisunhastanesi.com\/zh\/wp-json\/wp\/v2\/pages\/6521\/revisions"}],"wp:attachment":[{"href":"https:\/\/medisunhastanesi.com\/zh\/wp-json\/wp\/v2\/media?parent=6521"}],"curies":[{"name":"wp","href":"https:\/\/api.w.org\/{rel}","templated":true}]}}