{"id":6507,"date":"2023-11-23T14:06:27","date_gmt":"2023-11-23T11:06:27","guid":{"rendered":"https:\/\/medisunhastanesi.com\/?page_id=6507"},"modified":"2024-07-08T15:42:28","modified_gmt":"2024-07-08T12:42:28","slug":"vizyon-ve-misyonumuz","status":"publish","type":"page","link":"https:\/\/medisunhastanesi.com\/zh\/vizyon-ve-misyonumuz\/","title":{"rendered":"\u613f\u666f\u548c\u4f7f\u547d"},"content":{"rendered":"<div data-elementor-type=\"wp-post\" data-elementor-id=\"6507\" class=\"elementor elementor-6507\" data-elementor-post-type=\"page\">\n\t\t\t\t\t\t<section class=\"elementor-section elementor-top-section elementor-element elementor-element-a5b6d16 elementor-section-content-top elementor-section-stretched elementor-section-boxed elementor-section-height-default elementor-section-height-default\" data-id=\"a5b6d16\" data-element_type=\"section\" data-settings=\"{&quot;stretch_section&quot;:&quot;section-stretched&quot;}\">\n\t\t\t\t\t\t<div class=\"elementor-container elementor-column-gap-default\">\n\t\t\t\t\t<div class=\"elementor-column elementor-col-100 elementor-top-column elementor-element elementor-element-ee78131 elementor-invisible\" data-id=\"ee78131\" data-element_type=\"column\" data-settings=\"{&quot;animation&quot;:&quot;zoomIn&quot;,&quot;background_background&quot;:&quot;classic&quot;}\">\n\t\t\t<div class=\"elementor-widget-wrap elementor-element-populated\">\n\t\t\t\t\t\t<div class=\"elementor-element elementor-element-2e45a53 elementor-headline--style-highlight elementor-widget elementor-widget-animated-headline\" data-id=\"2e45a53\" data-element_type=\"widget\" data-settings=\"{&quot;marker&quot;:&quot;double_underline&quot;,&quot;highlighted_text&quot;:&quot;Vizyonumuz&quot;,&quot;headline_style&quot;:&quot;highlight&quot;,&quot;loop&quot;:&quot;yes&quot;,&quot;highlight_animation_duration&quot;:1200,&quot;highlight_iteration_delay&quot;:8000}\" data-widget_type=\"animated-headline.default\">\n\t\t\t\t<div class=\"elementor-widget-container\">\n\t\t\t\t\t\t\t<h3 class=\"elementor-headline\">\n\t\t\t\t\t<span class=\"elementor-headline-plain-text elementor-headline-text-wrapper\">\u79c1\u7acb Medisun Cayyolu \u533b\u9662<\/span>\n\t\t\t\t<span class=\"elementor-headline-dynamic-wrapper elementor-headline-text-wrapper\">\n\t\t\t\t\t<span class=\"elementor-headline-dynamic-text elementor-headline-text-active\">\u6211\u4eec\u7684\u613f\u666f<\/span>\n\t\t\t\t<\/span>\n\t\t\t\t<\/h3>\n\t\t\t\t\t\t<\/div>\n\t\t\t\t<\/div>\n\t\t\t\t<div class=\"elementor-element elementor-element-8ccbab0 elementor-widget elementor-widget-spacer\" data-id=\"8ccbab0\" data-element_type=\"widget\" data-widget_type=\"spacer.default\">\n\t\t\t\t<div class=\"elementor-widget-container\">\n\t\t\t\t\t\t\t<div class=\"elementor-spacer\">\n\t\t\t<div class=\"elementor-spacer-inner\"><\/div>\n\t\t<\/div>\n\t\t\t\t\t\t<\/div>\n\t\t\t\t<\/div>\n\t\t\t\t<div class=\"elementor-element elementor-element-47f8f46 elementor-widget elementor-widget-image\" data-id=\"47f8f46\" data-element_type=\"widget\" data-widget_type=\"image.default\">\n\t\t\t\t<div class=\"elementor-widget-container\">\n\t\t\t\t\t\t\t\t\t\t\t\t\t\t\t<img fetchpriority=\"high\" decoding=\"async\" width=\"1290\" height=\"750\" src=\"https:\/\/medisunhastanesi.com\/wp-content\/uploads\/2023\/11\/medisun-hastanesi.jpg\" class=\"attachment-full size-full wp-image-6015\" alt=\"\" srcset=\"https:\/\/medisunhastanesi.com\/wp-content\/uploads\/2023\/11\/medisun-hastanesi.jpg 1290w, https:\/\/medisunhastanesi.com\/wp-content\/uploads\/2023\/11\/medisun-hastanesi-300x174.jpg 300w, https:\/\/medisunhastanesi.com\/wp-content\/uploads\/2023\/11\/medisun-hastanesi-1024x595.jpg 1024w\" sizes=\"(max-width: 1290px) 100vw, 1290px\" \/>\t\t\t\t\t\t\t\t\t\t\t\t\t\t\t<\/div>\n\t\t\t\t<\/div>\n\t\t\t\t<div class=\"elementor-element elementor-element-d15623b elementor-widget elementor-widget-spacer\" data-id=\"d15623b\" data-element_type=\"widget\" data-widget_type=\"spacer.default\">\n\t\t\t\t<div class=\"elementor-widget-container\">\n\t\t\t\t\t\t\t<div class=\"elementor-spacer\">\n\t\t\t<div class=\"elementor-spacer-inner\"><\/div>\n\t\t<\/div>\n\t\t\t\t\t\t<\/div>\n\t\t\t\t<\/div>\n\t\t\t\t<div class=\"elementor-element elementor-element-c6c8522 elementor-invisible elementor-widget elementor-widget-text-editor\" data-id=\"c6c8522\" data-element_type=\"widget\" data-settings=\"{&quot;_animation&quot;:&quot;fadeIn&quot;}\" data-widget_type=\"text-editor.default\">\n\t\t\t\t<div class=\"elementor-widget-container\">\n\t\t\t\t\t\t\t\t\t<p>\u6211\u4eec\u5c06\u7ee7\u7eed\u52aa\u529b\uff0c\u4f7f\u81ea\u5df1\u6210\u4e3a\u4e00\u5bb6\u533b\u7597\u673a\u6784\uff0c\u6210\u4e3a\u533b\u7597\u9886\u57df\u4e13\u5bb6\u5de5\u4f5c\u7684\u9996\u9009\uff1b\u6210\u4e3a\u75c5\u4eba\u53ca\u5176\u4eb2\u5c5e\u5728\u4efb\u4f55\u9700\u8981\u7684\u60c5\u51b5\u4e0b\u9996\u5148\u60f3\u5230\u7684\u533b\u7597\u673a\u6784\uff0c\u5e76\u5728\u5176\u670d\u52a1\u7684\u6bcf\u4e00\u4e2a\u9886\u57df\u4f5c\u4e3a\u53c2\u8003\u3002<\/p>\t\t\t\t\t\t\t\t<\/div>\n\t\t\t\t<\/div>\n\t\t\t\t\t<\/div>\n\t\t<\/div>\n\t\t\t\t\t<\/div>\n\t\t<\/section>\n\t\t\t\t<section class=\"elementor-section elementor-top-section elementor-element elementor-element-bae011b elementor-section-content-top elementor-section-stretched elementor-section-boxed elementor-section-height-default elementor-section-height-default\" data-id=\"bae011b\" data-element_type=\"section\" data-settings=\"{&quot;stretch_section&quot;:&quot;section-stretched&quot;}\">\n\t\t\t\t\t\t<div class=\"elementor-container elementor-column-gap-default\">\n\t\t\t\t\t<div class=\"elementor-column elementor-col-100 elementor-top-column elementor-element elementor-element-01d8afd elementor-invisible\" data-id=\"01d8afd\" data-element_type=\"column\" data-settings=\"{&quot;animation&quot;:&quot;zoomIn&quot;,&quot;background_background&quot;:&quot;classic&quot;}\">\n\t\t\t<div class=\"elementor-widget-wrap elementor-element-populated\">\n\t\t\t\t\t\t<div class=\"elementor-element elementor-element-afd2d02 elementor-headline--style-highlight elementor-widget elementor-widget-animated-headline\" data-id=\"afd2d02\" data-element_type=\"widget\" data-settings=\"{&quot;highlighted_text&quot;:&quot;Misyonumuz&quot;,&quot;headline_style&quot;:&quot;highlight&quot;,&quot;marker&quot;:&quot;circle&quot;,&quot;loop&quot;:&quot;yes&quot;,&quot;highlight_animation_duration&quot;:1200,&quot;highlight_iteration_delay&quot;:8000}\" data-widget_type=\"animated-headline.default\">\n\t\t\t\t<div class=\"elementor-widget-container\">\n\t\t\t\t\t\t\t<h3 class=\"elementor-headline\">\n\t\t\t\t\t<span class=\"elementor-headline-plain-text elementor-headline-text-wrapper\">\u79c1\u7acb Medisun Cayyolu \u533b\u9662<\/span>\n\t\t\t\t<span class=\"elementor-headline-dynamic-wrapper elementor-headline-text-wrapper\">\n\t\t\t\t\t<span class=\"elementor-headline-dynamic-text elementor-headline-text-active\">\u6211\u4eec\u7684\u4f7f\u547d<\/span>\n\t\t\t\t<\/span>\n\t\t\t\t<\/h3>\n\t\t\t\t\t\t<\/div>\n\t\t\t\t<\/div>\n\t\t\t\t<div class=\"elementor-element elementor-element-29ffe30 elementor-widget elementor-widget-spacer\" data-id=\"29ffe30\" data-element_type=\"widget\" data-widget_type=\"spacer.default\">\n\t\t\t\t<div class=\"elementor-widget-container\">\n\t\t\t\t\t\t\t<div class=\"elementor-spacer\">\n\t\t\t<div class=\"elementor-spacer-inner\"><\/div>\n\t\t<\/div>\n\t\t\t\t\t\t<\/div>\n\t\t\t\t<\/div>\n\t\t\t\t<div class=\"elementor-element elementor-element-f57bfae elementor-widget elementor-widget-image\" data-id=\"f57bfae\" data-element_type=\"widget\" data-widget_type=\"image.default\">\n\t\t\t\t<div class=\"elementor-widget-container\">\n\t\t\t\t\t\t\t\t\t\t\t\t\t\t\t<img decoding=\"async\" width=\"800\" height=\"450\" src=\"https:\/\/medisunhastanesi.com\/wp-content\/uploads\/2023\/11\/image-11-1.jpg\" class=\"attachment-full size-full wp-image-6508\" alt=\"\u00d6zel Medisun \u00c7ayyolu Hastanesi\" srcset=\"https:\/\/medisunhastanesi.com\/wp-content\/uploads\/2023\/11\/image-11-1.jpg 800w, https:\/\/medisunhastanesi.com\/wp-content\/uploads\/2023\/11\/image-11-1-300x169.jpg 300w\" sizes=\"(max-width: 800px) 100vw, 800px\" \/>\t\t\t\t\t\t\t\t\t\t\t\t\t\t\t<\/div>\n\t\t\t\t<\/div>\n\t\t\t\t<div class=\"elementor-element elementor-element-f8d12c4 elementor-widget elementor-widget-spacer\" data-id=\"f8d12c4\" data-element_type=\"widget\" data-widget_type=\"spacer.default\">\n\t\t\t\t<div class=\"elementor-widget-container\">\n\t\t\t\t\t\t\t<div class=\"elementor-spacer\">\n\t\t\t<div class=\"elementor-spacer-inner\"><\/div>\n\t\t<\/div>\n\t\t\t\t\t\t<\/div>\n\t\t\t\t<\/div>\n\t\t\t\t<div class=\"elementor-element elementor-element-c19af59 elementor-invisible elementor-widget elementor-widget-text-editor\" data-id=\"c19af59\" data-element_type=\"widget\" data-settings=\"{&quot;_animation&quot;:&quot;fadeIn&quot;}\" data-widget_type=\"text-editor.default\">\n\t\t\t\t<div class=\"elementor-widget-container\">\n\t\t\t\t\t\t\t\t\t<p>\u6839\u636e\u4ee5\u60a3\u8005\u548c\u5458\u5de5\u6ee1\u610f\u5ea6\u4e3a\u57fa\u7840\u7684\u7ba1\u7406\u65b9\u6cd5\uff0c\u5728\u4e0d\u964d\u4f4e\u8d28\u91cf\u7684\u524d\u63d0\u4e0b\uff0c\u901a\u8fc7\u8be5\u9886\u57df\u7684\u4e13\u4e1a\u533b\u7597\u56e2\u961f\uff0c\u63d0\u4f9b\u7b26\u5408\u5f53\u4ee3\u9053\u5fb7\u4ef7\u503c\u89c2\u3001\u5bf9\u793e\u4f1a\u548c\u73af\u5883\u654f\u611f\u7684\u53ca\u65f6\u3001\u5feb\u901f\u548c\u53ef\u9760\u7684\u533b\u7597\u670d\u52a1\u3002<\/p><p>\u00a0<\/p><p>\u79c1\u7acb Medisun \u00c7ayyolu \u533b\u9662\u5c06\u6210\u4e3a\u91cd\u65b0\u5b9a\u4e49\u533b\u7597\u4fdd\u5065\u670d\u52a1\u7684\u9886\u5bfc\u8005\uff0c\u5e76\u4ee5\u5411\u75c5\u4eba\u63d0\u4f9b\u4e13\u4e1a\u548c\u4e2a\u6027\u5316\u7684\u533b\u7597\u4fdd\u5065\u670d\u52a1\u800c\u95fb\u540d\u3002<\/p>\t\t\t\t\t\t\t\t<\/div>\n\t\t\t\t<\/div>\n\t\t\t\t\t<\/div>\n\t\t<\/div>\n\t\t\t\t\t<\/div>\n\t\t<\/section>\n\t\t\t\t<section class=\"elementor-section elementor-top-section elementor-element elementor-element-11fa2e9 elementor-section-content-top elementor-section-stretched elementor-section-boxed elementor-section-height-default elementor-section-height-default\" data-id=\"11fa2e9\" data-element_type=\"section\" data-settings=\"{&quot;stretch_section&quot;:&quot;section-stretched&quot;}\">\n\t\t\t\t\t\t<div class=\"elementor-container elementor-column-gap-default\">\n\t\t\t\t\t<div class=\"elementor-column elementor-col-100 elementor-top-column elementor-element elementor-element-e2bb15e elementor-invisible\" data-id=\"e2bb15e\" data-element_type=\"column\" data-settings=\"{&quot;animation&quot;:&quot;zoomIn&quot;,&quot;background_background&quot;:&quot;classic&quot;}\">\n\t\t\t<div class=\"elementor-widget-wrap elementor-element-populated\">\n\t\t\t\t\t\t<div class=\"elementor-element elementor-element-a76aa6a elementor-headline--style-highlight elementor-widget elementor-widget-animated-headline\" data-id=\"a76aa6a\" data-element_type=\"widget\" data-settings=\"{&quot;highlighted_text&quot;:&quot;TEMEL HEDEF VE DE\\u011eERLER\\u0130M\\u0130Z&quot;,&quot;marker&quot;:&quot;underline&quot;,&quot;headline_style&quot;:&quot;highlight&quot;,&quot;loop&quot;:&quot;yes&quot;,&quot;highlight_animation_duration&quot;:1200,&quot;highlight_iteration_delay&quot;:8000}\" data-widget_type=\"animated-headline.default\">\n\t\t\t\t<div class=\"elementor-widget-container\">\n\t\t\t\t\t\t\t<h3 class=\"elementor-headline\">\n\t\t\t\t\t<span class=\"elementor-headline-plain-text elementor-headline-text-wrapper\">\u79c1\u7acb Medisun Cayyolu \u533b\u9662<\/span>\n\t\t\t\t<span class=\"elementor-headline-dynamic-wrapper elementor-headline-text-wrapper\">\n\t\t\t\t\t<span class=\"elementor-headline-dynamic-text elementor-headline-text-active\">\u6211\u4eec\u7684\u4e3b\u8981\u76ee\u6807\u548c\u4ef7\u503c\u89c2<\/span>\n\t\t\t\t<\/span>\n\t\t\t\t<\/h3>\n\t\t\t\t\t\t<\/div>\n\t\t\t\t<\/div>\n\t\t\t\t<div class=\"elementor-element elementor-element-8fd1119 elementor-widget elementor-widget-spacer\" data-id=\"8fd1119\" data-element_type=\"widget\" data-widget_type=\"spacer.default\">\n\t\t\t\t<div class=\"elementor-widget-container\">\n\t\t\t\t\t\t\t<div class=\"elementor-spacer\">\n\t\t\t<div class=\"elementor-spacer-inner\"><\/div>\n\t\t<\/div>\n\t\t\t\t\t\t<\/div>\n\t\t\t\t<\/div>\n\t\t\t\t<div class=\"elementor-element elementor-element-f49f75b elementor-widget elementor-widget-image\" data-id=\"f49f75b\" data-element_type=\"widget\" data-widget_type=\"image.default\">\n\t\t\t\t<div class=\"elementor-widget-container\">\n\t\t\t\t\t\t\t\t\t\t\t\t\t\t\t<img decoding=\"async\" width=\"2560\" height=\"1408\" src=\"https:\/\/medisunhastanesi.com\/wp-content\/uploads\/2024\/07\/10925845-scaled.webp\" class=\"attachment-full size-full wp-image-7477\" alt=\"\" srcset=\"https:\/\/medisunhastanesi.com\/wp-content\/uploads\/2024\/07\/10925845-scaled.webp 2560w, https:\/\/medisunhastanesi.com\/wp-content\/uploads\/2024\/07\/10925845-300x165.webp 300w, https:\/\/medisunhastanesi.com\/wp-content\/uploads\/2024\/07\/10925845-1024x563.webp 1024w, https:\/\/medisunhastanesi.com\/wp-content\/uploads\/2024\/07\/10925845-1536x845.webp 1536w, https:\/\/medisunhastanesi.com\/wp-content\/uploads\/2024\/07\/10925845-2048x1126.webp 2048w, https:\/\/medisunhastanesi.com\/wp-content\/uploads\/2024\/07\/10925845-18x10.webp 18w\" sizes=\"(max-width: 2560px) 100vw, 2560px\" \/>\t\t\t\t\t\t\t\t\t\t\t\t\t\t\t<\/div>\n\t\t\t\t<\/div>\n\t\t\t\t<div class=\"elementor-element elementor-element-4184cc7 elementor-widget elementor-widget-spacer\" data-id=\"4184cc7\" data-element_type=\"widget\" data-widget_type=\"spacer.default\">\n\t\t\t\t<div class=\"elementor-widget-container\">\n\t\t\t\t\t\t\t<div class=\"elementor-spacer\">\n\t\t\t<div class=\"elementor-spacer-inner\"><\/div>\n\t\t<\/div>\n\t\t\t\t\t\t<\/div>\n\t\t\t\t<\/div>\n\t\t\t\t<div class=\"elementor-element elementor-element-4f112df elementor-invisible elementor-widget elementor-widget-text-editor\" data-id=\"4f112df\" data-element_type=\"widget\" data-settings=\"{&quot;_animation&quot;:&quot;fadeIn&quot;}\" data-widget_type=\"text-editor.default\">\n\t\t\t\t<div class=\"elementor-widget-container\">\n\t\t\t\t\t\t\t\t\t<p>\u6211\u4eec\u4e3a\u5b9e\u73b0\u613f\u666f\u548c\u4f7f\u547d\u800c\u786e\u5b9a\u7684\u57fa\u672c\u76ee\u6807\u548c\u4ef7\u503c\u89c2\uff0c\u662f\u5efa\u7acb\u6709\u6548\u3001\u9ad8\u6548\u548c\u900f\u660e\u7684\u5de5\u4f5c\u6587\u5316\u7684\u91cd\u8981\u7ec4\u6210\u90e8\u5206\u3002\u8fd9\u4e9b\u4ef7\u503c\u89c2\u6307\u5bfc\u7740\u6211\u4eec\u6bcf\u4f4d\u5458\u5de5\u7684\u5de5\u4f5c\u6d41\u7a0b\u3002<\/p><p>\u00a0<\/p><h1>\u6211\u4eec\u7684\u4e3b\u8981\u76ee\u6807\u662f\u786e\u4fdd\u60a3\u8005\u548c\u5458\u5de5\u65e0\u6761\u4ef6\u6ee1\u610f\u3002\u6211\u4eec\u7684\u4ef7\u503c\u89c2<\/h1><ul><li><strong>\u4fe1\u4efb <\/strong>\u4e3a\u5458\u5de5\u548c\u75c5\u4eba\u63d0\u4f9b\u4e00\u4e2a\u5b89\u5168\u7684\u670d\u52a1\u533a\u662f\u7ba1\u7406\u5c42\u6700\u91cd\u8981\u7684\u804c\u8d23\u3002<\/li><li><strong>\u5c0a\u91cd\uff1a <\/strong>\u6211\u4eec\u7684\u6838\u5fc3\u4ef7\u503c\u89c2\u662f\u5c0a\u91cd\u6bcf\u4e00\u4e2a\u4eba\uff0c\u4e3a\u6bcf\u4e00\u4e2a\u4eba\u4e89\u5149\u3002<\/li><li><strong>\u5f00\u653e\u6027\uff1a <\/strong>\u6211\u4eec\u6240\u505a\u7684\u4e00\u5207\u90fd\u8bda\u5b9e\u900f\u660e<\/li><li><strong>\u5e73\u7b49\uff1a <\/strong>\u6211\u4eec\u76f8\u4fe1\u5458\u5de5\u548c\u60a3\u8005\u5728\u6240\u6709\u9886\u57df\u90fd\u662f\u5e73\u7b49\u7684\u3002<\/li><li><strong>\u6301\u7eed\u5b66\u4e60\uff1a <\/strong>\u6211\u4eec\u5c06\u6559\u80b2\u3001\u7814\u7a76\u548c\u5b66\u4e60\u89c6\u4e3a\u53d1\u5c55\u7684\u4e2d\u5fc3\u3002<\/li><li><strong>\u9a84\u50b2 <\/strong>\u4e3a\u6211\u4eec\u7684\u5de5\u4f5c\u611f\u5230\u81ea\u8c6a<\/li><li><strong>\u6548\u7387\u548c\u8fde\u7eed\u6027\uff1a <\/strong>\u6211\u4eec\u575a\u4fe1\uff0c\u5fc5\u987b\u4e3a\u793e\u4f1a\u5404\u9636\u5c42\u63d0\u4f9b\u6700\u5177\u6210\u672c\u6548\u76ca\u548c\u53ef\u6301\u7eed\u7684\u533b\u7597\u4fdd\u5065\u670d\u52a1\u3002<\/li><li><strong>\u56e2\u961f\u5408\u4f5c <\/strong>\u6211\u4eec\u52aa\u529b\u6210\u4e3a\u4e00\u652f\u516c\u8ba4\u7684\u9ad8\u7ee9\u6548\u3001\u79ef\u6781\u4e3b\u52a8\u548c\u5c3d\u804c\u5c3d\u8d23\u7684\u56e2\u961f\u3002\u6211\u4eec\u8ba4\u4e3a\uff0c\u63d0\u4f9b\u4f18\u8d28\u670d\u52a1\u3001\u8425\u9020\u5b66\u4e60\u6c1b\u56f4\u3001\u76f8\u4e92\u652f\u6301\u5e76\u59cb\u7ec8\u4fdd\u6301\u4e13\u4e1a\u64cd\u5b88\u975e\u5e38\u91cd\u8981\u3002<\/li><\/ul>\t\t\t\t\t\t\t\t<\/div>\n\t\t\t\t<\/div>\n\t\t\t\t\t<\/div>\n\t\t<\/div>\n\t\t\t\t\t<\/div>\n\t\t<\/section>\n\t\t\t\t<section class=\"elementor-section elementor-top-section elementor-element elementor-element-17ba9fa elementor-section-content-top elementor-section-stretched elementor-section-boxed elementor-section-height-default elementor-section-height-default\" data-id=\"17ba9fa\" data-element_type=\"section\" data-settings=\"{&quot;stretch_section&quot;:&quot;section-stretched&quot;}\">\n\t\t\t\t\t\t<div class=\"elementor-container elementor-column-gap-default\">\n\t\t\t\t\t<div class=\"elementor-column elementor-col-100 elementor-top-column elementor-element elementor-element-9cbfadb\" data-id=\"9cbfadb\" data-element_type=\"column\">\n\t\t\t<div class=\"elementor-widget-wrap\">\n\t\t\t\t\t\t\t<\/div>\n\t\t<\/div>\n\t\t\t\t\t<\/div>\n\t\t<\/section>\n\t\t\t\t<\/div>","protected":false},"excerpt":{"rendered":"<p>\u00d6zel Medisun \u00c7ayyolu Hastanesi Vizyonumuz Alan\u0131nda uzman sa\u011fl\u0131k profesyonellerinin \u00e7al\u0131\u015fmak i\u00e7in \u00f6ncelikle tercih etti\u011fi; hasta ve yak\u0131nlar\u0131n\u0131n ihtiya\u00e7 duyduklar\u0131 her durumda ak\u0131llar\u0131na ilk gelen ve hizmet verdi\u011fi her alanda referans olarak g\u00f6sterilen sa\u011fl\u0131k kurulu\u015fu olma vizyonuyla yolumuza devam ediyoruz. \u00d6zel Medisun \u00c7ayyolu Hastanesi Misyonumuz Hasta ve \u00e7al\u0131\u015fan memnuniyetini temel alan y\u00f6netim anlay\u0131\u015f\u0131 do\u011frultusunda alan\u0131nda uzman&#8230;<\/p>","protected":false},"author":1,"featured_media":0,"parent":0,"menu_order":0,"comment_status":"closed","ping_status":"closed","template":"","meta":{"footnotes":""},"aioseo_notices":[],"_links":{"self":[{"href":"https:\/\/medisunhastanesi.com\/zh\/wp-json\/wp\/v2\/pages\/6507"}],"collection":[{"href":"https:\/\/medisunhastanesi.com\/zh\/wp-json\/wp\/v2\/pages"}],"about":[{"href":"https:\/\/medisunhastanesi.com\/zh\/wp-json\/wp\/v2\/types\/page"}],"author":[{"embeddable":true,"href":"https:\/\/medisunhastanesi.com\/zh\/wp-json\/wp\/v2\/users\/1"}],"replies":[{"embeddable":true,"href":"https:\/\/medisunhastanesi.com\/zh\/wp-json\/wp\/v2\/comments?post=6507"}],"version-history":[{"count":3,"href":"https:\/\/medisunhastanesi.com\/zh\/wp-json\/wp\/v2\/pages\/6507\/revisions"}],"predecessor-version":[{"id":7497,"href":"https:\/\/medisunhastanesi.com\/zh\/wp-json\/wp\/v2\/pages\/6507\/revisions\/7497"}],"wp:attachment":[{"href":"https:\/\/medisunhastanesi.com\/zh\/wp-json\/wp\/v2\/media?parent=6507"}],"curies":[{"name":"wp","href":"https:\/\/api.w.org\/{rel}","templated":true}]}}