{"id":133,"date":"2018-11-07T12:33:51","date_gmt":"2018-11-07T12:33:51","guid":{"rendered":"https:\/\/medisunhastanesi.com\/?page_id=133"},"modified":"2024-10-07T10:57:55","modified_gmt":"2024-10-07T07:57:55","slug":"hakkimizda","status":"publish","type":"page","link":"https:\/\/medisunhastanesi.com\/zh\/hakkimizda\/","title":{"rendered":"\u5173\u4e8e\u6211\u4eec"},"content":{"rendered":"<h2>\u79c1\u7acb Medisun Cayyolu \u533b\u9662\u3001<\/h2>\n<p>\u533b\u9662\u5360\u5730 4.000 \u5e73\u65b9\u7c73\uff0c\u5c01\u95ed\u5f0f\u8bbe\u8ba1\uff0c\u53ef\u5bb9\u7eb3 75 \u5f20\u75c5\u5e8a\uff0c\u5176\u4e2d\u5305\u62ec 2 \u95f4\u624b\u672f\u5ba4\u30011 \u95f4\u5c40\u90e8\u624b\u672f\u5ba4\u300115 \u95f4\u65b0\u751f\u513f\u91cd\u75c7\u76d1\u62a4\u5ba4\u300111 \u95f4\u666e\u901a\u91cd\u75c7\u76d1\u62a4\u5ba4\u548c 4 \u95f4\u51a0\u5fc3\u75c5\u91cd\u75c7\u76d1\u62a4\u5ba4\u3002\u5728\u6211\u4eec\u7684\u4f4f\u9662\u75c5\u623f\u4e2d\uff0c\u6709\u53ef\u4ee5\u6ee1\u8db3\u6b8b\u75be\u75c5\u4eba\u5404\u79cd\u9700\u6c42\u7684\u6b8b\u75be\u4eba\u623f\u95f4\u3001\u6b8b\u75be\u4eba\u6d17\u624b\u6c60\u548c\u5019\u8bca\u5ba4\uff0c\u8fd9\u4e9b\u90fd\u53ef\u4ee5\u5728\u516c\u5171\u533a\u57df\u65b9\u4fbf\u5730\u4f7f\u7528\u3002<\/p>\n<p>\t\t\t\t\t\t\t\t\t\t\t\t<img loading=\"lazy\" decoding=\"async\" width=\"400\" height=\"300\" src=\"https:\/\/medisunhastanesi.com\/wp-content\/uploads\/2023\/11\/20231110_090733-1.jpg\" alt=\"\" srcset=\"https:\/\/medisunhastanesi.com\/wp-content\/uploads\/2023\/11\/20231110_090733-1.jpg 400w, https:\/\/medisunhastanesi.com\/wp-content\/uploads\/2023\/11\/20231110_090733-1-300x225.jpg 300w\" sizes=\"(max-width: 400px) 100vw, 400px\" \/><br \/>\n\t\t\t\t\t\t\t\t\t\t\t\t<img loading=\"lazy\" decoding=\"async\" width=\"925\" height=\"694\" src=\"https:\/\/medisunhastanesi.com\/wp-content\/uploads\/2023\/11\/20231110_090258.jpg\" alt=\"\" srcset=\"https:\/\/medisunhastanesi.com\/wp-content\/uploads\/2023\/11\/20231110_090258.jpg 925w, https:\/\/medisunhastanesi.com\/wp-content\/uploads\/2023\/11\/20231110_090258-300x225.jpg 300w\" sizes=\"(max-width: 925px) 100vw, 925px\" \/>\t\t\t\t\t\t\t\t\t\t\t\t\t\t<\/p>\n<h2>\u5728\u6211\u4eec\u533b\u9662<\/h2>\n<p>\u5728\u536b\u751f\u90e8\u670d\u52a1\u8d28\u91cf\u6807\u51c6\uff08SKS\uff09\u7684\u6846\u67b6\u5185\uff0c\u6211\u4eec\u4ee5\u60a3\u8005\u548c\u5458\u5de5\u7684\u5b89\u5168\u4e3a\u57fa\u7840\uff0c\u91c7\u53d6\u4e86\u4e0d\u95f4\u65ad\u3001\u5feb\u901f\u548c\u53ef\u9760\u7684\u670d\u52a1\u539f\u5219\u3002\u4e3a\u6b64\uff0c\u6211\u4eec\u63d0\u4f9b\u6bcf\u5468 7 \u5929\u6bcf\u5929 24 \u5c0f\u65f6\u7684\u6025\u8bca\u670d\u52a1\u548c\u6551\u62a4\u8f66\u670d\u52a1\uff1b\u95e8\u8bca\u670d\u52a1\uff0c\u6211\u4eec\u6839\u636e\u9700\u8981\u786e\u5b9a\u7531\u4e13\u79d1\u533b\u751f\u7ec4\u6210\u7684\u5de5\u4f5c\u4eba\u5458\u7684\u5de5\u4f5c\u65f6\u95f4\uff1b1.5 \u7279\u65af\u62c9\u78c1\u5171\u632f (MR)\u3001\u8ba1\u7b97\u673a\u65ad\u5c42\u626b\u63cf\u3001\u6570\u5b57 X \u5149\u3001\u4e73\u817a X \u5149\u3001\u9aa8\u5bc6\u5ea6\u6d4b\u91cf\u3001\u5168\u666f X \u5149\u3001\u8d85\u58f0\u6ce2\u8bbe\u5907\u4ee5\u53ca\u5f71\u50cf\u4e2d\u5fc3\u8bbe\u5907\u9f50\u5168\u7684\u751f\u5316\u548c\u5fae\u751f\u7269\u5b9e\u9a8c\u5ba4\u3002<\/p>\n<p>\u5728\u8fd9\u6761\u9053\u8def\u4e0a\uff0c\u6211\u4eec\u7684\u613f\u666f\u662f\uff1a\"\u6210\u4e3a\u4e13\u4e1a\u533b\u7597\u4eba\u5458\u9996\u9009\u7684\u533b\u7597\u673a\u6784\uff1b\u6210\u4e3a\u60a3\u8005\u53ca\u5176\u4eb2\u5c5e\u5728\u4efb\u4f55\u60c5\u51b5\u4e0b\u90fd\u80fd\u60f3\u5230\u7684\u7b2c\u4e00\u5bb6\u533b\u7597\u673a\u6784\uff0c\u5e76\u5728\u5176\u670d\u52a1\u7684\u6bcf\u4e00\u4e2a\u9886\u57df\u90fd\u5177\u6709\u53c2\u8003\u4ef7\u503c\"\uff1b\u81ea\u6210\u7acb\u4ee5\u6765\uff0c\u6211\u4eec\u4e00\u76f4\u79c9\u627f\u4f18\u8d28\u670d\u52a1\u7684\u7406\u5ff5\uff0c\u53d1\u626c\u56e2\u961f\u7cbe\u795e\uff0c\u52aa\u529b\u63d0\u9ad8\u672c\u5730\u533a\u4eba\u6c11\u7684\u5065\u5eb7\u751f\u6d3b\u6c34\u5e73\uff0c\u6d88\u9664\u4ed6\u4eec\u9762\u4e34\u7684\u5065\u5eb7\u95ee\u9898\u3002 \u5728\u63a5\u4e0b\u6765\u7684\u51e0\u5e74\u91cc\uff0c\u6211\u4eec\u5c06\u79c9\u627f\u8fd9\u4e00\u7406\u5ff5\uff0c\u4e0e\u4e0d\u65ad\u58ee\u5927\u7684\u5458\u5de5\u961f\u4f0d\u4e00\u8d77\uff0c\u7ee7\u7eed\u52a0\u5927\u5de5\u4f5c\u529b\u5ea6\uff0c\u9010\u6b65\u5b9e\u73b0\u6211\u4eec\u7684\u53d1\u5c55\u76ee\u6807\uff0c\u7ee7\u7eed\u8d70\u6211\u4eec\u7684\u5065\u5eb7\u53c2\u8003\u533b\u9662\u4e4b\u8def\u3002<\/p>\n<p>\t\t\t\t\t\t\t\t\t\t\t\t<img loading=\"lazy\" decoding=\"async\" width=\"462\" height=\"347\" src=\"https:\/\/medisunhastanesi.com\/wp-content\/uploads\/2023\/11\/20231110_090740.jpg\" alt=\"\" srcset=\"https:\/\/medisunhastanesi.com\/wp-content\/uploads\/2023\/11\/20231110_090740.jpg 462w, https:\/\/medisunhastanesi.com\/wp-content\/uploads\/2023\/11\/20231110_090740-300x225.jpg 300w\" sizes=\"(max-width: 462px) 100vw, 462px\" \/><\/p>","protected":false},"excerpt":{"rendered":"<p>\u00d6zel Medisun \u00c7ayyolu Hastanesi, 4.000 m2 kapal\u0131 alana kurulmu\u015f olup; 2 Ameliyat Salonu, 1 Lokal Cerrahi Odas\u0131, 15 Yeni Do\u011fan Yo\u011fun Bak\u0131m, 11 Genel Yo\u011fun Bak\u0131m, 4 Koroner Yo\u011fun Bak\u0131m olmak \u00fczere toplamda 75 hasta yata\u011f\u0131 kapasitelidir. Yatakl\u0131 servislerimizde engelli hastalar\u0131m\u0131z\u0131n her t\u00fcrl\u00fc ihtiyac\u0131na cevap verebilecek engelli odalar\u0131, ortak alanlarda kolay ula\u015f\u0131labilecek engelli lavabolar\u0131 ve&#8230;<\/p>","protected":false},"author":1,"featured_media":0,"parent":0,"menu_order":0,"comment_status":"closed","ping_status":"closed","template":"","meta":{"footnotes":""},"aioseo_notices":[],"_links":{"self":[{"href":"https:\/\/medisunhastanesi.com\/zh\/wp-json\/wp\/v2\/pages\/133"}],"collection":[{"href":"https:\/\/medisunhastanesi.com\/zh\/wp-json\/wp\/v2\/pages"}],"about":[{"href":"https:\/\/medisunhastanesi.com\/zh\/wp-json\/wp\/v2\/types\/page"}],"author":[{"embeddable":true,"href":"https:\/\/medisunhastanesi.com\/zh\/wp-json\/wp\/v2\/users\/1"}],"replies":[{"embeddable":true,"href":"https:\/\/medisunhastanesi.com\/zh\/wp-json\/wp\/v2\/comments?post=133"}],"version-history":[{"count":2,"href":"https:\/\/medisunhastanesi.com\/zh\/wp-json\/wp\/v2\/pages\/133\/revisions"}],"predecessor-version":[{"id":7577,"href":"https:\/\/medisunhastanesi.com\/zh\/wp-json\/wp\/v2\/pages\/133\/revisions\/7577"}],"wp:attachment":[{"href":"https:\/\/medisunhastanesi.com\/zh\/wp-json\/wp\/v2\/media?parent=133"}],"curies":[{"name":"wp","href":"https:\/\/api.w.org\/{rel}","templated":true}]}}