{"id":6588,"date":"2023-11-27T17:52:04","date_gmt":"2023-11-27T14:52:04","guid":{"rendered":"https:\/\/medisunhastanesi.com\/?page_id=6588"},"modified":"2026-02-27T14:19:31","modified_gmt":"2026-02-27T11:19:31","slug":"check-up-paketlerimiz","status":"publish","type":"page","link":"https:\/\/medisunhastanesi.com\/ru\/check-up-paketlerimiz\/","title":{"rendered":"Check-Up Paketlerimiz"},"content":{"rendered":"<div data-elementor-type=\"wp-post\" data-elementor-id=\"6588\" class=\"elementor elementor-6588\" data-elementor-post-type=\"page\">\n\t\t\t\t\t\t<section class=\"elementor-section elementor-top-section elementor-element elementor-element-5313fae elementor-section-boxed elementor-section-height-default elementor-section-height-default\" data-id=\"5313fae\" data-element_type=\"section\">\n\t\t\t\t\t\t<div class=\"elementor-container elementor-column-gap-default\">\n\t\t\t\t\t<div class=\"elementor-column elementor-col-100 elementor-top-column elementor-element elementor-element-7d5e75f\" data-id=\"7d5e75f\" data-element_type=\"column\">\n\t\t\t<div class=\"elementor-widget-wrap elementor-element-populated\">\n\t\t\t\t\t\t<div class=\"elementor-element elementor-element-863f4f8 elementor-headline--style-highlight elementor-widget elementor-widget-animated-headline\" data-id=\"863f4f8\" data-element_type=\"widget\" data-settings=\"{&quot;headline_style&quot;:&quot;highlight&quot;,&quot;marker&quot;:&quot;circle&quot;,&quot;loop&quot;:&quot;yes&quot;,&quot;highlight_animation_duration&quot;:1200,&quot;highlight_iteration_delay&quot;:8000}\" data-widget_type=\"animated-headline.default\">\n\t\t\t\t<div class=\"elementor-widget-container\">\n\t\t\t\t\t\t\t<h3 class=\"elementor-headline\">\n\t\t\t\t<span class=\"elementor-headline-dynamic-wrapper elementor-headline-text-wrapper\">\n\t\t\t\t<\/span>\n\t\t\t\t\t<span class=\"elementor-headline-plain-text elementor-headline-text-wrapper\">Check-Up<\/span>\n\t\t\t\t\t<\/h3>\n\t\t\t\t\t\t<\/div>\n\t\t\t\t<\/div>\n\t\t\t\t\t<\/div>\n\t\t<\/div>\n\t\t\t\t\t<\/div>\n\t\t<\/section>\n\t\t\t\t<section class=\"elementor-section elementor-top-section elementor-element elementor-element-5b459cb elementor-section-boxed elementor-section-height-default elementor-section-height-default\" data-id=\"5b459cb\" data-element_type=\"section\">\n\t\t\t\t\t\t<div class=\"elementor-container elementor-column-gap-default\">\n\t\t\t\t\t<div class=\"elementor-column elementor-col-25 elementor-top-column elementor-element elementor-element-3224fc3\" data-id=\"3224fc3\" data-element_type=\"column\">\n\t\t\t<div class=\"elementor-widget-wrap elementor-element-populated\">\n\t\t\t\t\t\t<div class=\"elementor-element elementor-element-63d6c44 elementor-widget elementor-widget-rt-info-box\" data-id=\"63d6c44\" data-element_type=\"widget\" data-widget_type=\"rt-info-box.default\">\n\t\t\t\t<div class=\"elementor-widget-container\">\n\t\t\t\t\t\r\n<div class=\"rt-el-info-box service-wrap-layout1 rtin-light\">\r\n\t<div class=\"service-inner-layout1 position-loop\">\r\n\t\t<div class=\"single-item\">\r\n\t\t\t  <div class=\"service-box-layout1 no\">\r\n\t\t        <div class=\"item-icon\">\r\n\t\t           \t\t\t\t\t\t<img decoding=\"async\" width=\"150\" height=\"150\" src=\"https:\/\/medisunhastanesi.com\/wp-content\/uploads\/2023\/11\/woman-people-svgrepo-com.svg\" class=\"attachment-thumbnail size-thumbnail\" alt=\"\" \/>\t\t\t\t\t\t\t        <\/div>\r\n\t\t        <h4 class=\"item-title\">\r\n\t\t             <a href=\"https:\/\/medisunhastanesi.com\/ru\/kadin-check-up-kapsamli-40-yas-ustu\/\">Kad\u0131n Check\u2013Up<\/a>\t\t        <\/h4>\r\n\t\t        <p>\n<br>(40 Ya\u015f \u00dcst\u00fc)<\/p>\r\n\t\t    <\/div>\r\n\t\t<\/div>\r\n\t<\/div>\r\n<\/div>\t\t\t\t<\/div>\n\t\t\t\t<\/div>\n\t\t\t\t\t<\/div>\n\t\t<\/div>\n\t\t\t\t<div class=\"elementor-column elementor-col-25 elementor-top-column elementor-element elementor-element-8775514\" data-id=\"8775514\" data-element_type=\"column\">\n\t\t\t<div class=\"elementor-widget-wrap elementor-element-populated\">\n\t\t\t\t\t\t<div class=\"elementor-element elementor-element-9aa7aeb elementor-widget elementor-widget-rt-info-box\" data-id=\"9aa7aeb\" data-element_type=\"widget\" data-widget_type=\"rt-info-box.default\">\n\t\t\t\t<div class=\"elementor-widget-container\">\n\t\t\t\t\t\r\n<div class=\"rt-el-info-box service-wrap-layout1 rtin-light\">\r\n\t<div class=\"service-inner-layout1 position-loop\">\r\n\t\t<div class=\"single-item\">\r\n\t\t\t  <div class=\"service-box-layout1 no\">\r\n\t\t        <div class=\"item-icon\">\r\n\t\t           \t\t\t\t\t\t<img decoding=\"async\" width=\"150\" height=\"150\" src=\"https:\/\/medisunhastanesi.com\/wp-content\/uploads\/2023\/11\/man-user-svgrepo-com.svg\" class=\"attachment-thumbnail size-thumbnail\" alt=\"\" \/>\t\t\t\t\t\t\t        <\/div>\r\n\t\t        <h4 class=\"item-title\">\r\n\t\t             <a href=\"https:\/\/medisunhastanesi.com\/ru\/erkek-check-up-kapsamli-40-yas-ustu\/\">Erkek Check\u2013Up<\/a>\t\t        <\/h4>\r\n\t\t        <p>\n<br>(40 Ya\u015f \u00dcst\u00fc)<\/p>\r\n\t\t    <\/div>\r\n\t\t<\/div>\r\n\t<\/div>\r\n<\/div>\t\t\t\t<\/div>\n\t\t\t\t<\/div>\n\t\t\t\t\t<\/div>\n\t\t<\/div>\n\t\t\t\t<div class=\"elementor-column elementor-col-25 elementor-top-column elementor-element elementor-element-589870f\" data-id=\"589870f\" data-element_type=\"column\">\n\t\t\t<div class=\"elementor-widget-wrap elementor-element-populated\">\n\t\t\t\t\t\t<div class=\"elementor-element elementor-element-864a234 elementor-widget elementor-widget-rt-info-box\" data-id=\"864a234\" data-element_type=\"widget\" data-widget_type=\"rt-info-box.default\">\n\t\t\t\t<div class=\"elementor-widget-container\">\n\t\t\t\t\t\r\n<div class=\"rt-el-info-box service-wrap-layout1 rtin-light\">\r\n\t<div class=\"service-inner-layout1 position-loop\">\r\n\t\t<div class=\"single-item\">\r\n\t\t\t  <div class=\"service-box-layout1 no\">\r\n\t\t        <div class=\"item-icon\">\r\n\t\t           \t\t\t\t\t\t<img decoding=\"async\" width=\"150\" height=\"150\" src=\"https:\/\/medisunhastanesi.com\/wp-content\/uploads\/2023\/11\/woman-svgrepo-com.svg\" class=\"attachment-thumbnail size-thumbnail\" alt=\"\" \/>\t\t\t\t\t\t\t        <\/div>\r\n\t\t        <h4 class=\"item-title\">\r\n\t\t             <a href=\"https:\/\/medisunhastanesi.com\/ru\/kadin-check-up-kapsamli-40-yas-alti\/\">Kad\u0131n Check\u2013Up<\/a>\t\t        <\/h4>\r\n\t\t        <p>\n<br>(40 Ya\u015f Alt\u0131)<\/p>\r\n\t\t    <\/div>\r\n\t\t<\/div>\r\n\t<\/div>\r\n<\/div>\t\t\t\t<\/div>\n\t\t\t\t<\/div>\n\t\t\t\t\t<\/div>\n\t\t<\/div>\n\t\t\t\t<div class=\"elementor-column elementor-col-25 elementor-top-column elementor-element elementor-element-8e0c9c0\" data-id=\"8e0c9c0\" data-element_type=\"column\">\n\t\t\t<div class=\"elementor-widget-wrap elementor-element-populated\">\n\t\t\t\t\t\t<div class=\"elementor-element elementor-element-2af78f3 elementor-widget elementor-widget-rt-info-box\" data-id=\"2af78f3\" data-element_type=\"widget\" data-widget_type=\"rt-info-box.default\">\n\t\t\t\t<div class=\"elementor-widget-container\">\n\t\t\t\t\t\r\n<div class=\"rt-el-info-box service-wrap-layout1 rtin-light\">\r\n\t<div class=\"service-inner-layout1 position-loop\">\r\n\t\t<div class=\"single-item\">\r\n\t\t\t  <div class=\"service-box-layout1 no\">\r\n\t\t        <div class=\"item-icon\">\r\n\t\t           \t\t\t\t\t\t<img loading=\"lazy\" decoding=\"async\" width=\"150\" height=\"150\" src=\"https:\/\/medisunhastanesi.com\/wp-content\/uploads\/2023\/11\/man-svgrepo-com-2.svg\" class=\"attachment-thumbnail size-thumbnail\" alt=\"\" \/>\t\t\t\t\t\t\t        <\/div>\r\n\t\t        <h4 class=\"item-title\">\r\n\t\t             <a href=\"https:\/\/medisunhastanesi.com\/ru\/erkek-check-up-kapsamli-40-yas-alti\/\">Erkek Check\u2013Up<\/a>\t\t        <\/h4>\r\n\t\t        <p>\n<br>(40 Ya\u015f Alt\u0131)<\/p>\r\n\t\t    <\/div>\r\n\t\t<\/div>\r\n\t<\/div>\r\n<\/div>\t\t\t\t<\/div>\n\t\t\t\t<\/div>\n\t\t\t\t\t<\/div>\n\t\t<\/div>\n\t\t\t\t\t<\/div>\n\t\t<\/section>\n\t\t\t\t<section class=\"elementor-section elementor-top-section elementor-element elementor-element-abc259b elementor-section-boxed elementor-section-height-default elementor-section-height-default\" data-id=\"abc259b\" data-element_type=\"section\">\n\t\t\t\t\t\t<div class=\"elementor-container elementor-column-gap-default\">\n\t\t\t\t\t<div class=\"elementor-column elementor-col-100 elementor-top-column elementor-element elementor-element-fdeb1f2\" data-id=\"fdeb1f2\" data-element_type=\"column\">\n\t\t\t<div class=\"elementor-widget-wrap elementor-element-populated\">\n\t\t\t\t\t\t<div class=\"elementor-element elementor-element-c1be732 elementor-headline--style-highlight elementor-widget elementor-widget-animated-headline\" data-id=\"c1be732\" data-element_type=\"widget\" data-settings=\"{&quot;marker&quot;:&quot;double&quot;,&quot;highlighted_text&quot;:&quot;Kardiyoloji&quot;,&quot;headline_style&quot;:&quot;highlight&quot;,&quot;loop&quot;:&quot;yes&quot;,&quot;highlight_animation_duration&quot;:1200,&quot;highlight_iteration_delay&quot;:8000}\" data-widget_type=\"animated-headline.default\">\n\t\t\t\t<div class=\"elementor-widget-container\">\n\t\t\t\t\t\t\t<h3 class=\"elementor-headline\">\n\t\t\t\t<span class=\"elementor-headline-dynamic-wrapper elementor-headline-text-wrapper\">\n\t\t\t\t\t<span class=\"elementor-headline-dynamic-text elementor-headline-text-active\">\u041a\u0430\u0440\u0434\u0438\u043e\u043b\u043e\u0433\u0438\u044f<\/span>\n\t\t\t\t<\/span>\n\t\t\t\t\t<span class=\"elementor-headline-plain-text elementor-headline-text-wrapper\">Check-Up<\/span>\n\t\t\t\t\t<\/h3>\n\t\t\t\t\t\t<\/div>\n\t\t\t\t<\/div>\n\t\t\t\t\t<\/div>\n\t\t<\/div>\n\t\t\t\t\t<\/div>\n\t\t<\/section>\n\t\t\t\t<section class=\"elementor-section elementor-top-section elementor-element elementor-element-4cf82bf elementor-section-boxed elementor-section-height-default elementor-section-height-default\" data-id=\"4cf82bf\" data-element_type=\"section\">\n\t\t\t\t\t\t<div class=\"elementor-container elementor-column-gap-default\">\n\t\t\t\t\t<div class=\"elementor-column elementor-col-33 elementor-top-column elementor-element elementor-element-d08333e\" data-id=\"d08333e\" data-element_type=\"column\">\n\t\t\t<div class=\"elementor-widget-wrap elementor-element-populated\">\n\t\t\t\t\t\t<div class=\"elementor-element elementor-element-660edd2 elementor-widget__width-initial elementor-widget elementor-widget-rt-info-box\" data-id=\"660edd2\" data-element_type=\"widget\" data-widget_type=\"rt-info-box.default\">\n\t\t\t\t<div class=\"elementor-widget-container\">\n\t\t\t\t\t\r\n<div class=\"rt-el-info-box service-wrap-layout1 rtin-light\">\r\n\t<div class=\"service-inner-layout1 position-loop\">\r\n\t\t<div class=\"single-item\">\r\n\t\t\t  <div class=\"service-box-layout1 no\">\r\n\t\t        <div class=\"item-icon\">\r\n\t\t           \t\t\t\t\t\t<img decoding=\"async\" width=\"150\" height=\"150\" src=\"https:\/\/medisunhastanesi.com\/wp-content\/uploads\/2023\/11\/woman-people-svgrepo-com.svg\" class=\"attachment-thumbnail size-thumbnail\" alt=\"\" \/>\t\t\t\t\t\t\t        <\/div>\r\n\t\t        <h4 class=\"item-title\">\r\n\t\t             <a href=\"https:\/\/medisunhastanesi.com\/ru\/kadin-check-up-standart-40-yas-ustu\/\">&nbsp;&nbsp;&nbsp;&nbsp;&nbsp;&nbsp;\u041a\u0430\u0440\u0434\u0438\u043e\u043b\u043e\u0433\u0438\u044f &nbsp;&nbsp;&nbsp;&nbsp;&nbsp; <br>Check-Up<\/a>\t\t        <\/h4>\r\n\t\t        <p>Standart\n<br>&nbsp;<\/p>\r\n\t\t    <\/div>\r\n\t\t<\/div>\r\n\t<\/div>\r\n<\/div>\t\t\t\t<\/div>\n\t\t\t\t<\/div>\n\t\t\t\t\t<\/div>\n\t\t<\/div>\n\t\t\t\t<div class=\"elementor-column elementor-col-33 elementor-top-column elementor-element elementor-element-9a75d85\" data-id=\"9a75d85\" data-element_type=\"column\">\n\t\t\t<div class=\"elementor-widget-wrap\">\n\t\t\t\t\t\t\t<\/div>\n\t\t<\/div>\n\t\t\t\t<div class=\"elementor-column elementor-col-33 elementor-top-column elementor-element elementor-element-064816f\" data-id=\"064816f\" data-element_type=\"column\">\n\t\t\t<div class=\"elementor-widget-wrap\">\n\t\t\t\t\t\t\t<\/div>\n\t\t<\/div>\n\t\t\t\t\t<\/div>\n\t\t<\/section>\n\t\t\t\t<section class=\"elementor-section elementor-top-section elementor-element elementor-element-bf5fedc elementor-section-boxed elementor-section-height-default elementor-section-height-default\" data-id=\"bf5fedc\" data-element_type=\"section\">\n\t\t\t\t\t\t<div class=\"elementor-container elementor-column-gap-default\">\n\t\t\t\t\t<div class=\"elementor-column elementor-col-100 elementor-top-column elementor-element elementor-element-2e83b5e\" data-id=\"2e83b5e\" data-element_type=\"column\">\n\t\t\t<div class=\"elementor-widget-wrap elementor-element-populated\">\n\t\t\t\t\t\t<div class=\"elementor-element elementor-element-e58e1ae elementor-headline--style-highlight elementor-widget elementor-widget-animated-headline\" data-id=\"e58e1ae\" data-element_type=\"widget\" data-settings=\"{&quot;marker&quot;:&quot;underline_zigzag&quot;,&quot;highlighted_text&quot;:&quot;\\u00c7ocuk&quot;,&quot;headline_style&quot;:&quot;highlight&quot;,&quot;loop&quot;:&quot;yes&quot;,&quot;highlight_animation_duration&quot;:1200,&quot;highlight_iteration_delay&quot;:8000}\" data-widget_type=\"animated-headline.default\">\n\t\t\t\t<div class=\"elementor-widget-container\">\n\t\t\t\t\t\t\t<h3 class=\"elementor-headline\">\n\t\t\t\t<span class=\"elementor-headline-dynamic-wrapper elementor-headline-text-wrapper\">\n\t\t\t\t\t<span class=\"elementor-headline-dynamic-text elementor-headline-text-active\">\u00c7ocuk<\/span>\n\t\t\t\t<\/span>\n\t\t\t\t\t<span class=\"elementor-headline-plain-text elementor-headline-text-wrapper\">Check-Up<\/span>\n\t\t\t\t\t<\/h3>\n\t\t\t\t\t\t<\/div>\n\t\t\t\t<\/div>\n\t\t\t\t\t<\/div>\n\t\t<\/div>\n\t\t\t\t\t<\/div>\n\t\t<\/section>\n\t\t\t\t<section class=\"elementor-section elementor-top-section elementor-element elementor-element-0a57f4a elementor-section-content-middle elementor-section-boxed elementor-section-height-default elementor-section-height-default\" data-id=\"0a57f4a\" data-element_type=\"section\">\n\t\t\t\t\t\t<div class=\"elementor-container elementor-column-gap-default\">\n\t\t\t\t\t<div class=\"elementor-column elementor-col-50 elementor-top-column elementor-element elementor-element-5419538\" data-id=\"5419538\" data-element_type=\"column\">\n\t\t\t<div class=\"elementor-widget-wrap elementor-element-populated\">\n\t\t\t\t\t\t<div class=\"elementor-element elementor-element-ba0029c elementor-widget__width-initial elementor-widget elementor-widget-rt-info-box\" data-id=\"ba0029c\" data-element_type=\"widget\" data-widget_type=\"rt-info-box.default\">\n\t\t\t\t<div class=\"elementor-widget-container\">\n\t\t\t\t\t\r\n<div class=\"rt-el-info-box service-wrap-layout1 rtin-light\">\r\n\t<div class=\"service-inner-layout1 position-loop\">\r\n\t\t<div class=\"single-item\">\r\n\t\t\t  <div class=\"service-box-layout1 no\">\r\n\t\t        <div class=\"item-icon\">\r\n\t\t           \t\t\t\t\t\t<img decoding=\"async\" width=\"150\" height=\"150\" src=\"https:\/\/medisunhastanesi.com\/wp-content\/uploads\/2023\/11\/woman-people-svgrepo-com.svg\" class=\"attachment-thumbnail size-thumbnail\" alt=\"\" \/>\t\t\t\t\t\t\t        <\/div>\r\n\t\t        <h4 class=\"item-title\">\r\n\t\t             <a href=\"https:\/\/medisunhastanesi.com\/ru\/kadin-check-up-vip\/\">\u00c7ocuk Check-Up<\/a>\t\t        <\/h4>\r\n\t\t        <p>Standart\n<br>&nbsp;<\/p>\r\n\t\t    <\/div>\r\n\t\t<\/div>\r\n\t<\/div>\r\n<\/div>\t\t\t\t<\/div>\n\t\t\t\t<\/div>\n\t\t\t\t\t<\/div>\n\t\t<\/div>\n\t\t\t\t<div class=\"elementor-column elementor-col-50 elementor-top-column elementor-element elementor-element-4143ba5\" data-id=\"4143ba5\" data-element_type=\"column\">\n\t\t\t<div class=\"elementor-widget-wrap\">\n\t\t\t\t\t\t\t<\/div>\n\t\t<\/div>\n\t\t\t\t\t<\/div>\n\t\t<\/section>\n\t\t\t\t<\/div>","protected":false},"excerpt":{"rendered":"<p>Check-Up Kad\u0131n Check\u2013Up (40 Ya\u015f \u00dcst\u00fc) Erkek Check\u2013Up (40 Ya\u015f \u00dcst\u00fc) Kad\u0131n Check\u2013Up (40 Ya\u015f Alt\u0131) Erkek Check\u2013Up (40 Ya\u015f Alt\u0131) Kardiyoloji Check-Up &nbsp;&nbsp;&nbsp;&nbsp;&nbsp;&nbsp;Kardiyoloji &nbsp;&nbsp;&nbsp;&nbsp;&nbsp; Check-Up Standart &nbsp; \u00c7ocuk Check-Up \u00c7ocuk Check-Up Standart &nbsp;<\/p>","protected":false},"author":1,"featured_media":0,"parent":0,"menu_order":0,"comment_status":"closed","ping_status":"closed","template":"","meta":{"footnotes":""},"aioseo_notices":[],"_links":{"self":[{"href":"https:\/\/medisunhastanesi.com\/ru\/wp-json\/wp\/v2\/pages\/6588"}],"collection":[{"href":"https:\/\/medisunhastanesi.com\/ru\/wp-json\/wp\/v2\/pages"}],"about":[{"href":"https:\/\/medisunhastanesi.com\/ru\/wp-json\/wp\/v2\/types\/page"}],"author":[{"embeddable":true,"href":"https:\/\/medisunhastanesi.com\/ru\/wp-json\/wp\/v2\/users\/1"}],"replies":[{"embeddable":true,"href":"https:\/\/medisunhastanesi.com\/ru\/wp-json\/wp\/v2\/comments?post=6588"}],"version-history":[{"count":12,"href":"https:\/\/medisunhastanesi.com\/ru\/wp-json\/wp\/v2\/pages\/6588\/revisions"}],"predecessor-version":[{"id":7696,"href":"https:\/\/medisunhastanesi.com\/ru\/wp-json\/wp\/v2\/pages\/6588\/revisions\/7696"}],"wp:attachment":[{"href":"https:\/\/medisunhastanesi.com\/ru\/wp-json\/wp\/v2\/media?parent=6588"}],"curies":[{"name":"wp","href":"https:\/\/api.w.org\/{rel}","templated":true}]}}