{"id":133,"date":"2018-11-07T12:33:51","date_gmt":"2018-11-07T12:33:51","guid":{"rendered":"https:\/\/medisunhastanesi.com\/?page_id=133"},"modified":"2024-10-07T10:57:55","modified_gmt":"2024-10-07T07:57:55","slug":"hakkimizda","status":"publish","type":"page","link":"https:\/\/medisunhastanesi.com\/ru\/hakkimizda\/","title":{"rendered":"\u041e \u043d\u0430\u0441"},"content":{"rendered":"<h2>\u00d6zel Medisun \u00c7ayyolu Hastanesi,<\/h2>\n<p>4.000 m2 kapal\u0131 alana kurulmu\u015f olup; 2 Ameliyat Salonu, 1 Lokal Cerrahi Odas\u0131, 15 Yeni Do\u011fan Yo\u011fun Bak\u0131m, 11 Genel Yo\u011fun Bak\u0131m, 4 Koroner Yo\u011fun Bak\u0131m olmak \u00fczere toplamda 75 hasta yata\u011f\u0131 kapasitelidir. Yatakl\u0131 servislerimizde engelli hastalar\u0131m\u0131z\u0131n her t\u00fcrl\u00fc ihtiyac\u0131na cevap verebilecek engelli odalar\u0131, ortak alanlarda kolay ula\u015f\u0131labilecek engelli lavabolar\u0131 ve bekleme salonlar\u0131 bulunmaktad\u0131r.<\/p>\n<p>\t\t\t\t\t\t\t\t\t\t\t\t<img loading=\"lazy\" decoding=\"async\" width=\"400\" height=\"300\" src=\"https:\/\/medisunhastanesi.com\/wp-content\/uploads\/2023\/11\/20231110_090733-1.jpg\" alt=\"\" srcset=\"https:\/\/medisunhastanesi.com\/wp-content\/uploads\/2023\/11\/20231110_090733-1.jpg 400w, https:\/\/medisunhastanesi.com\/wp-content\/uploads\/2023\/11\/20231110_090733-1-300x225.jpg 300w\" sizes=\"(max-width: 400px) 100vw, 400px\" \/><br \/>\n\t\t\t\t\t\t\t\t\t\t\t\t<img loading=\"lazy\" decoding=\"async\" width=\"925\" height=\"694\" src=\"https:\/\/medisunhastanesi.com\/wp-content\/uploads\/2023\/11\/20231110_090258.jpg\" alt=\"\" srcset=\"https:\/\/medisunhastanesi.com\/wp-content\/uploads\/2023\/11\/20231110_090258.jpg 925w, https:\/\/medisunhastanesi.com\/wp-content\/uploads\/2023\/11\/20231110_090258-300x225.jpg 300w\" sizes=\"(max-width: 925px) 100vw, 925px\" \/>\t\t\t\t\t\t\t\t\t\t\t\t\t\t<\/p>\n<h2>Hastanemizde;<\/h2>\n<p>Sa\u011fl\u0131k Bakanl\u0131\u011f\u0131 Hizmet Kalite Standartlar\u0131 (SKS) ile \u00e7er\u00e7evesinde hasta ve \u00e7al\u0131\u015fan g\u00fcvenli\u011fini temel alan kesintisiz, h\u0131zl\u0131 ve g\u00fcvenilir hizmet prensibini benimsedik. Bu ama\u00e7la; 7\/24 Acil Servis ve Ambulans Hizmetlerimiz; alan\u0131nda uzman hekimlerden olu\u015fan kadromuz ile ihtiyaca g\u00f6re \u00e7al\u0131\u015fma s\u00fcrelerini belirlemi\u015f oldu\u011fumuz poliklinik hizmetlerimiz; G\u00f6r\u00fcnt\u00fcleme Merkezimizde 1,5 Tesla Manyetik Rezonans (MR), Bilgisayarl\u0131 Tomografi, Dijital R\u00f6ntgen, Mammografi, Kemik Dansitometri, Panoramik R\u00f6ntgen, Ultrason cihazlar\u0131m\u0131z ve tam donan\u0131ml\u0131 Biyokimya ve Mikrobiyoloji Laboratuvar\u0131m\u0131z ile kesintisiz hizmet sa\u011flamaktay\u0131z.<\/p>\n<p>\u201cAlan\u0131nda uzman sa\u011fl\u0131k profesyonellerinin \u00e7al\u0131\u015fmak i\u00e7in \u00f6ncelikle tercih etti\u011fi; hasta ve yak\u0131nlar\u0131n\u0131n ihtiya\u00e7 duyduklar\u0131 her durumda ak\u0131llar\u0131na ilk gelen ve hizmet verdi\u011fi her alanda referans olarak g\u00f6sterilen sa\u011fl\u0131k kurulu\u015fu olmak\u201d vizyonuyla \u00e7\u0131kt\u0131\u011f\u0131m\u0131z bu yolda; kurulu\u015fumuzdan bu yana b\u00f6lge insan\u0131n\u0131n sa\u011fl\u0131kl\u0131 ya\u015fam standard\u0131n\u0131 y\u00fckseltmek, kar\u015f\u0131la\u015ft\u0131klar\u0131 sa\u011fl\u0131k sorunlar\u0131n\u0131 ortadan kald\u0131rabilmek amac\u0131yla ekip ruhuyla hareket ederek kaliteli bir hizmet anlay\u0131\u015f\u0131 sergiledik. Bundan sonraki y\u0131llarda da, bu anlay\u0131\u015fla ve b\u00fcy\u00fcyen kadromuzla, \u00e7al\u0131\u015fmalar\u0131m\u0131z\u0131 artt\u0131rarak devam ettirip, b\u00fcy\u00fcme hedeflerimizi ad\u0131m ad\u0131m ger\u00e7ekle\u015ftirip, sa\u011fl\u0131kta referans hastane olarak yolumuza devam edece\u011fiz.<\/p>\n<p>\t\t\t\t\t\t\t\t\t\t\t\t<img loading=\"lazy\" decoding=\"async\" width=\"462\" height=\"347\" src=\"https:\/\/medisunhastanesi.com\/wp-content\/uploads\/2023\/11\/20231110_090740.jpg\" alt=\"\" srcset=\"https:\/\/medisunhastanesi.com\/wp-content\/uploads\/2023\/11\/20231110_090740.jpg 462w, https:\/\/medisunhastanesi.com\/wp-content\/uploads\/2023\/11\/20231110_090740-300x225.jpg 300w\" sizes=\"(max-width: 462px) 100vw, 462px\" \/><\/p>","protected":false},"excerpt":{"rendered":"<p>\u00d6zel Medisun \u00c7ayyolu Hastanesi, 4.000 m2 kapal\u0131 alana kurulmu\u015f olup; 2 Ameliyat Salonu, 1 Lokal Cerrahi Odas\u0131, 15 Yeni Do\u011fan Yo\u011fun Bak\u0131m, 11 Genel Yo\u011fun Bak\u0131m, 4 Koroner Yo\u011fun Bak\u0131m olmak \u00fczere toplamda 75 hasta yata\u011f\u0131 kapasitelidir. Yatakl\u0131 servislerimizde engelli hastalar\u0131m\u0131z\u0131n her t\u00fcrl\u00fc ihtiyac\u0131na cevap verebilecek engelli odalar\u0131, ortak alanlarda kolay ula\u015f\u0131labilecek engelli lavabolar\u0131 ve&#8230;<\/p>","protected":false},"author":1,"featured_media":0,"parent":0,"menu_order":0,"comment_status":"closed","ping_status":"closed","template":"","meta":{"footnotes":""},"aioseo_notices":[],"_links":{"self":[{"href":"https:\/\/medisunhastanesi.com\/ru\/wp-json\/wp\/v2\/pages\/133"}],"collection":[{"href":"https:\/\/medisunhastanesi.com\/ru\/wp-json\/wp\/v2\/pages"}],"about":[{"href":"https:\/\/medisunhastanesi.com\/ru\/wp-json\/wp\/v2\/types\/page"}],"author":[{"embeddable":true,"href":"https:\/\/medisunhastanesi.com\/ru\/wp-json\/wp\/v2\/users\/1"}],"replies":[{"embeddable":true,"href":"https:\/\/medisunhastanesi.com\/ru\/wp-json\/wp\/v2\/comments?post=133"}],"version-history":[{"count":2,"href":"https:\/\/medisunhastanesi.com\/ru\/wp-json\/wp\/v2\/pages\/133\/revisions"}],"predecessor-version":[{"id":7577,"href":"https:\/\/medisunhastanesi.com\/ru\/wp-json\/wp\/v2\/pages\/133\/revisions\/7577"}],"wp:attachment":[{"href":"https:\/\/medisunhastanesi.com\/ru\/wp-json\/wp\/v2\/media?parent=133"}],"curies":[{"name":"wp","href":"https:\/\/api.w.org\/{rel}","templated":true}]}}