{"id":6815,"date":"2023-11-29T16:20:04","date_gmt":"2023-11-29T13:20:04","guid":{"rendered":"https:\/\/medisunhastanesi.com\/?page_id=6815"},"modified":"2024-01-02T17:53:30","modified_gmt":"2024-01-02T14:53:30","slug":"blog","status":"publish","type":"page","link":"https:\/\/medisunhastanesi.com\/es\/blog\/","title":{"rendered":"Blog"},"content":{"rendered":"<div data-elementor-type=\"wp-page\" data-elementor-id=\"6815\" class=\"elementor elementor-6815\" data-elementor-post-type=\"page\">\n\t\t\t\t\t\t<section class=\"elementor-section elementor-top-section elementor-element elementor-element-ee69d73 elementor-section-boxed elementor-section-height-default elementor-section-height-default\" data-id=\"ee69d73\" data-element_type=\"section\">\n\t\t\t\t\t\t<div class=\"elementor-container elementor-column-gap-default\">\n\t\t\t\t\t<div class=\"elementor-column elementor-col-100 elementor-top-column elementor-element elementor-element-7e87fe7\" data-id=\"7e87fe7\" data-element_type=\"column\">\n\t\t\t<div class=\"elementor-widget-wrap elementor-element-populated\">\n\t\t\t\t\t\t<div class=\"elementor-element elementor-element-acba5bc elementor-widget elementor-widget-rt-blog-post\" data-id=\"acba5bc\" data-element_type=\"widget\" data-widget_type=\"rt-blog-post.default\">\n\t\t\t\t<div class=\"elementor-widget-container\">\n\t\t\t\t\t\r\n<div class=\"row justify-content-center\">\r\n\t\t\t\t<div class=\"blog-col-1st col-lg-4 col-md-4 col-sm-6 col-xs-12\">\r\n\t  <div class=\"blog-box-layout2 blog-box-layout8\">\r\n\t  \t\t    <div class=\"item-img\">\r\n\t      <a href=\"https:\/\/medisunhastanesi.com\/es\/biyometrik-kimlik-dogrulama\/\">\r\n\t        <img fetchpriority=\"high\" decoding=\"async\" width=\"665\" height=\"452\" src=\"https:\/\/medisunhastanesi.com\/wp-content\/uploads\/2025\/03\/ekds_duyurusu_sgk-696x452-1-665x452.jpg\" class=\"attachment-medilink-size2 size-medilink-size2 wp-post-image\" alt=\"\" srcset=\"https:\/\/medisunhastanesi.com\/wp-content\/uploads\/2025\/03\/ekds_duyurusu_sgk-696x452-1-665x452.jpg 665w, https:\/\/medisunhastanesi.com\/wp-content\/uploads\/2025\/03\/ekds_duyurusu_sgk-696x452-1-18x12.jpg 18w\" sizes=\"(max-width: 665px) 100vw, 665px\" \/>\t      <\/a>\r\n\t      \t    <\/div>\r\n\t\t\t    <div class=\"item-content\">\r\n\t     \t      <div class=\"post-meta\">\r\n\t        <ul>\r\n\t          <li>\r\n\t            <i class=\"fas fa-user\"><\/i><a href=\"https:\/\/medisunhastanesi.com\/es\/author\/premiumtrofficial_wfg7d2n3\/\" title=\"Entradas de Medisun\" rel=\"author\">Medisun<\/a>\t          <\/li>\r\n\t          <li>\r\n\t            <a href=\"https:\/\/medisunhastanesi.com\/es\/biyometrik-kimlik-dogrulama\/\"><i class=\"fas fa-clock\"><\/i>\r\n\t              <span>2Min Read<\/span><\/a>\r\n\t          <\/li>\r\n\t        <\/ul>\r\n\t      <\/div>\r\n\t  \t \t      <h3 class=\"item-title\">\r\n\t        <a href=\"https:\/\/medisunhastanesi.com\/es\/biyometrik-kimlik-dogrulama\/\">Biyometrik Kimlik Do\u011frulama<\/a>\r\n\t      <\/h3>\r\n\t     <p>T\u00fcm \u00f6zel hastanelerde sa\u011fl\u0131k hizmeti al\u0131rken kimlik do\u011frulama yap\u0131lmas\u0131 ve parmak izi okutulmas\u0131, 2 Ocak 2025 tarihinde T\u00fcrkiye&hellip;<\/p>\t     \t\r\n\t      <div class=\"post-actions-wrapper-2\">\r\n\t        <a class=\"item-btn\" href=\"https:\/\/medisunhastanesi.com\/es\/biyometrik-kimlik-dogrulama\/\">Seguir leyendo<i class=\"fas fa-long-arrow-alt-right\"><\/i><\/a>\r\n\t      <\/div>\r\n\t  \t\t    <\/div>\r\n\t  <\/div>\r\n\t<\/div>\r\n\t\t<div class=\"blog-col-1st col-lg-4 col-md-4 col-sm-6 col-xs-12\">\r\n\t  <div class=\"blog-box-layout2 blog-box-layout8\">\r\n\t  \t\t    <div class=\"item-img\">\r\n\t      <a href=\"https:\/\/medisunhastanesi.com\/es\/hpv-virusu\/\">\r\n\t        <img decoding=\"async\" width=\"300\" height=\"100\" src=\"https:\/\/medisunhastanesi.com\/wp-content\/uploads\/2024\/10\/HPV-Hakkinda-Bilmemiz-Gerekenler.png\" class=\"attachment-medilink-size2 size-medilink-size2 wp-post-image\" alt=\"\" srcset=\"https:\/\/medisunhastanesi.com\/wp-content\/uploads\/2024\/10\/HPV-Hakkinda-Bilmemiz-Gerekenler.png 300w, https:\/\/medisunhastanesi.com\/wp-content\/uploads\/2024\/10\/HPV-Hakkinda-Bilmemiz-Gerekenler-18x6.png 18w\" sizes=\"(max-width: 300px) 100vw, 300px\" \/>\t      <\/a>\r\n\t      \t    <\/div>\r\n\t\t\t    <div class=\"item-content\">\r\n\t     \t      <div class=\"post-meta\">\r\n\t        <ul>\r\n\t          <li>\r\n\t            <i class=\"fas fa-user\"><\/i><a href=\"https:\/\/medisunhastanesi.com\/es\/author\/premiumtrofficial_wfg7d2n3\/\" title=\"Entradas de Medisun\" rel=\"author\">Medisun<\/a>\t          <\/li>\r\n\t          <li>\r\n\t            <a href=\"https:\/\/medisunhastanesi.com\/es\/hpv-virusu\/\"><i class=\"fas fa-clock\"><\/i>\r\n\t              <span>3Min Read<\/span><\/a>\r\n\t          <\/li>\r\n\t        <\/ul>\r\n\t      <\/div>\r\n\t  \t \t      <h3 class=\"item-title\">\r\n\t        <a href=\"https:\/\/medisunhastanesi.com\/es\/hpv-virusu\/\">Virus Hpv<\/a>\r\n\t      <\/h3>\r\n\t     <p>HPV Vir\u00fcs\u00fc; (&nbsp;\u0130nsan Papilloma Vir\u00fcs\u00fc&nbsp;) Papilloma vir\u00fcs grubundan bir&nbsp;DNA vir\u00fcs\u00fcd\u00fcr. V\u00fcc\u00fcda girdi\u011finde de\u011fi\u015fik dokularda deri ve mukozalara yerle\u015ferek&hellip;<\/p>\t     \t\r\n\t      <div class=\"post-actions-wrapper-2\">\r\n\t        <a class=\"item-btn\" href=\"https:\/\/medisunhastanesi.com\/es\/hpv-virusu\/\">Seguir leyendo<i class=\"fas fa-long-arrow-alt-right\"><\/i><\/a>\r\n\t      <\/div>\r\n\t  \t\t    <\/div>\r\n\t  <\/div>\r\n\t<\/div>\r\n\t\t<div class=\"blog-col-1st col-lg-4 col-md-4 col-sm-6 col-xs-12\">\r\n\t  <div class=\"blog-box-layout2 blog-box-layout8\">\r\n\t  \t\t    <div class=\"item-img\">\r\n\t      <a href=\"https:\/\/medisunhastanesi.com\/es\/7572-2\/\">\r\n\t        <img decoding=\"async\" width=\"300\" height=\"100\" src=\"https:\/\/medisunhastanesi.com\/wp-content\/uploads\/2024\/10\/Kendine-Zaman-Ayir_1_Ic_Sayfa_Banner-1024x283-1.png\" class=\"attachment-medilink-size2 size-medilink-size2 wp-post-image\" alt=\"\" srcset=\"https:\/\/medisunhastanesi.com\/wp-content\/uploads\/2024\/10\/Kendine-Zaman-Ayir_1_Ic_Sayfa_Banner-1024x283-1.png 300w, https:\/\/medisunhastanesi.com\/wp-content\/uploads\/2024\/10\/Kendine-Zaman-Ayir_1_Ic_Sayfa_Banner-1024x283-1-18x6.png 18w\" sizes=\"(max-width: 300px) 100vw, 300px\" \/>\t      <\/a>\r\n\t      \t    <\/div>\r\n\t\t\t    <div class=\"item-content\">\r\n\t     \t      <div class=\"post-meta\">\r\n\t        <ul>\r\n\t          <li>\r\n\t            <i class=\"fas fa-user\"><\/i><a href=\"https:\/\/medisunhastanesi.com\/es\/author\/premiumtrofficial_wfg7d2n3\/\" title=\"Entradas de Medisun\" rel=\"author\">Medisun<\/a>\t          <\/li>\r\n\t          <li>\r\n\t            <a href=\"https:\/\/medisunhastanesi.com\/es\/7572-2\/\"><i class=\"fas fa-clock\"><\/i>\r\n\t              <span>8Min Read<\/span><\/a>\r\n\t          <\/li>\r\n\t        <\/ul>\r\n\t      <\/div>\r\n\t  \t \t      <h3 class=\"item-title\">\r\n\t        <a href=\"https:\/\/medisunhastanesi.com\/es\/7572-2\/\">Mes de sensibilizaci\u00f3n sobre el c\u00e1ncer de mama<\/a>\r\n\t      <\/h3>\r\n\t     <p>Meme; s\u00fct\u00fc \u00fcreten salg\u0131 bezleri ve bunlar\u0131n olu\u015fturdu\u011fu 16-20 tane meme loblar\u0131, s\u00fct\u00fc ta\u015f\u0131yan ta\u015f\u0131y\u0131c\u0131 kanallar, meme ba\u015f\u0131&hellip;<\/p>\t     \t\r\n\t      <div class=\"post-actions-wrapper-2\">\r\n\t        <a class=\"item-btn\" href=\"https:\/\/medisunhastanesi.com\/es\/7572-2\/\">Seguir leyendo<i class=\"fas fa-long-arrow-alt-right\"><\/i><\/a>\r\n\t      <\/div>\r\n\t  \t\t    <\/div>\r\n\t  <\/div>\r\n\t<\/div>\r\n\t\t<div class=\"blog-col-1st col-lg-4 col-md-4 col-sm-6 col-xs-12\">\r\n\t  <div class=\"blog-box-layout2 blog-box-layout8\">\r\n\t  \t\t    <div class=\"item-img\">\r\n\t      <a href=\"https:\/\/medisunhastanesi.com\/es\/ankara-ozel-medisun-hastanesi-hangi-bolumler-var\/\">\r\n\t        <img loading=\"lazy\" decoding=\"async\" width=\"300\" height=\"100\" src=\"https:\/\/medisunhastanesi.com\/wp-content\/uploads\/2024\/02\/unnamed-1.jpg\" class=\"attachment-medilink-size2 size-medilink-size2 wp-post-image\" alt=\"Ankara \u00d6zel Medisun Hastanesi\" \/>\t      <\/a>\r\n\t      \t    <\/div>\r\n\t\t\t    <div class=\"item-content\">\r\n\t     \t      <div class=\"post-meta\">\r\n\t        <ul>\r\n\t          <li>\r\n\t            <i class=\"fas fa-user\"><\/i><a href=\"https:\/\/medisunhastanesi.com\/es\/author\/premiumtrofficial_wfg7d2n3\/\" title=\"Entradas de Medisun\" rel=\"author\">Medisun<\/a>\t          <\/li>\r\n\t          <li>\r\n\t            <a href=\"https:\/\/medisunhastanesi.com\/es\/ankara-ozel-medisun-hastanesi-hangi-bolumler-var\/\"><i class=\"fas fa-clock\"><\/i>\r\n\t              <span>3Min Read<\/span><\/a>\r\n\t          <\/li>\r\n\t        <\/ul>\r\n\t      <\/div>\r\n\t  \t \t      <h3 class=\"item-title\">\r\n\t        <a href=\"https:\/\/medisunhastanesi.com\/es\/ankara-ozel-medisun-hastanesi-hangi-bolumler-var\/\">\u00bfQu\u00e9 departamentos hay en el Hospital Privado Medisun de Ankara?<\/a>\r\n\t      <\/h3>\r\n\t     <p>Sa\u011fl\u0131k hizmeti almak isteyenlerin en \u00e7ok merak etti\u011fi konulardan biri Ankara \u00d6zel Medisun Hastanesi b\u00f6l\u00fcmleri: \u00d6zel Medisun Hastanesi&hellip;<\/p>\t     \t\r\n\t      <div class=\"post-actions-wrapper-2\">\r\n\t        <a class=\"item-btn\" href=\"https:\/\/medisunhastanesi.com\/es\/ankara-ozel-medisun-hastanesi-hangi-bolumler-var\/\">Seguir leyendo<i class=\"fas fa-long-arrow-alt-right\"><\/i><\/a>\r\n\t      <\/div>\r\n\t  \t\t    <\/div>\r\n\t  <\/div>\r\n\t<\/div>\r\n\t\t<div class=\"blog-col-1st col-lg-4 col-md-4 col-sm-6 col-xs-12\">\r\n\t  <div class=\"blog-box-layout2 blog-box-layout8\">\r\n\t  \t\t    <div class=\"item-img\">\r\n\t      <a href=\"https:\/\/medisunhastanesi.com\/es\/ankara-hastanesi-ozel-medisun-cayyolu-hastanesi\/\">\r\n\t        <img loading=\"lazy\" decoding=\"async\" width=\"665\" height=\"494\" src=\"https:\/\/medisunhastanesi.com\/wp-content\/uploads\/2023\/11\/20231110_090258-665x494.jpg\" class=\"attachment-medilink-size2 size-medilink-size2 wp-post-image\" alt=\"Ankara Hastanesi\" \/>\t      <\/a>\r\n\t      \t    <\/div>\r\n\t\t\t    <div class=\"item-content\">\r\n\t     \t      <div class=\"post-meta\">\r\n\t        <ul>\r\n\t          <li>\r\n\t            <i class=\"fas fa-user\"><\/i><a href=\"https:\/\/medisunhastanesi.com\/es\/author\/premiumtrofficial_wfg7d2n3\/\" title=\"Entradas de Medisun\" rel=\"author\">Medisun<\/a>\t          <\/li>\r\n\t          <li>\r\n\t            <a href=\"https:\/\/medisunhastanesi.com\/es\/ankara-hastanesi-ozel-medisun-cayyolu-hastanesi\/\"><i class=\"fas fa-clock\"><\/i>\r\n\t              <span>2Min Read<\/span><\/a>\r\n\t          <\/li>\r\n\t        <\/ul>\r\n\t      <\/div>\r\n\t  \t \t      <h3 class=\"item-title\">\r\n\t        <a href=\"https:\/\/medisunhastanesi.com\/es\/ankara-hastanesi-ozel-medisun-cayyolu-hastanesi\/\">Hospital de Ankara Hospital privado Medisun Cayyolu<\/a>\r\n\t      <\/h3>\r\n\t     <p>Ankara&#8217;n\u0131n sa\u011fl\u0131k sekt\u00f6r\u00fcndeki \u00f6nc\u00fc isimlerinden biri olarak \u00f6ne \u00e7\u0131kan Ankara Hastanesi: \u00d6zel Medisun \u00c7ayyolu Hastanesi, modern tesisleri, uzman&hellip;<\/p>\t     \t\r\n\t      <div class=\"post-actions-wrapper-2\">\r\n\t        <a class=\"item-btn\" href=\"https:\/\/medisunhastanesi.com\/es\/ankara-hastanesi-ozel-medisun-cayyolu-hastanesi\/\">Seguir leyendo<i class=\"fas fa-long-arrow-alt-right\"><\/i><\/a>\r\n\t      <\/div>\r\n\t  \t\t    <\/div>\r\n\t  <\/div>\r\n\t<\/div>\r\n\t\t<\/div>\t\t\t\t<\/div>\n\t\t\t\t<\/div>\n\t\t\t\t\t<\/div>\n\t\t<\/div>\n\t\t\t\t\t<\/div>\n\t\t<\/section>\n\t\t\t\t<\/div>","protected":false},"excerpt":{"rendered":"<p>admin 2Min Read Ankara \u00d6zel Medisun \u00c7ayyolu Hastanesi: Bizim \u0130\u00e7in De\u011ferlisiniz Ankara&#8217;da \u00f6ne \u00e7\u0131kan sa\u011fl\u0131k kurulu\u015flar\u0131ndan biri olan \u00d6zel Medisun \u00c7ayyolu Hastanesi, modern tesisleri ve uzman kadrosuyla hizmet veriyor.&hellip; Devam\u0131n\u0131 Oku<\/p>","protected":false},"author":1,"featured_media":0,"parent":0,"menu_order":0,"comment_status":"closed","ping_status":"closed","template":"","meta":{"footnotes":""},"aioseo_notices":[],"_links":{"self":[{"href":"https:\/\/medisunhastanesi.com\/es\/wp-json\/wp\/v2\/pages\/6815"}],"collection":[{"href":"https:\/\/medisunhastanesi.com\/es\/wp-json\/wp\/v2\/pages"}],"about":[{"href":"https:\/\/medisunhastanesi.com\/es\/wp-json\/wp\/v2\/types\/page"}],"author":[{"embeddable":true,"href":"https:\/\/medisunhastanesi.com\/es\/wp-json\/wp\/v2\/users\/1"}],"replies":[{"embeddable":true,"href":"https:\/\/medisunhastanesi.com\/es\/wp-json\/wp\/v2\/comments?post=6815"}],"version-history":[{"count":4,"href":"https:\/\/medisunhastanesi.com\/es\/wp-json\/wp\/v2\/pages\/6815\/revisions"}],"predecessor-version":[{"id":7104,"href":"https:\/\/medisunhastanesi.com\/es\/wp-json\/wp\/v2\/pages\/6815\/revisions\/7104"}],"wp:attachment":[{"href":"https:\/\/medisunhastanesi.com\/es\/wp-json\/wp\/v2\/media?parent=6815"}],"curies":[{"name":"wp","href":"https:\/\/api.w.org\/{rel}","templated":true}]}}