{"id":656,"date":"2018-11-14T12:10:50","date_gmt":"2018-11-14T12:10:50","guid":{"rendered":"https:\/\/medisunhastanesi.com\/?page_id=656"},"modified":"2024-08-26T13:27:31","modified_gmt":"2024-08-26T10:27:31","slug":"bize-ulasin","status":"publish","type":"page","link":"https:\/\/medisunhastanesi.com\/es\/bize-ulasin\/","title":{"rendered":"P\u00f3ngase en contacto con nosotros"},"content":{"rendered":"\t\t<div data-elementor-type=\"wp-post\" data-elementor-id=\"656\" class=\"elementor elementor-656\" data-elementor-post-type=\"page\">\n\t\t\t\t\t\t<section class=\"elementor-section elementor-top-section elementor-element elementor-element-be8a286 elementor-section-boxed elementor-section-height-default elementor-section-height-default\" data-id=\"be8a286\" data-element_type=\"section\">\n\t\t\t\t\t\t<div class=\"elementor-container elementor-column-gap-default\">\n\t\t\t\t\t<div class=\"elementor-column elementor-col-50 elementor-top-column elementor-element elementor-element-82bef79\" data-id=\"82bef79\" data-element_type=\"column\">\n\t\t\t<div class=\"elementor-widget-wrap elementor-element-populated\">\n\t\t\t\t\t\t<div class=\"elementor-element elementor-element-7bd7d79 elementor-widget elementor-widget-rt-title\" data-id=\"7bd7d79\" data-element_type=\"widget\" data-widget_type=\"rt-title.default\">\n\t\t\t\t<div class=\"elementor-widget-container\">\n\t\t\t\t\t\r\n<div class=\"section-heading heading-dark text-left heading-layout1\">\r\n    <h2 class=\"rtin-title\">Bize Ula\u015f\u0131n<\/h2>\r\n     <\/div>\t\t\t\t<\/div>\n\t\t\t\t<\/div>\n\t\t\t\t<div class=\"elementor-element elementor-element-ef882ad elementor-widget elementor-widget-wpforms\" data-id=\"ef882ad\" data-element_type=\"widget\" data-widget_type=\"wpforms.default\">\n\t\t\t\t<div class=\"elementor-widget-container\">\n\t\t\t\t\t<style id=\"wpforms-css-vars-root\">\n\t\t\t\t:root {\n\t\t\t\t\t--wpforms-field-border-radius: 3px;\n--wpforms-field-background-color: #ffffff;\n--wpforms-field-border-color: rgba( 0, 0, 0, 0.25 );\n--wpforms-field-text-color: rgba( 0, 0, 0, 0.7 );\n--wpforms-label-color: rgba( 0, 0, 0, 0.85 );\n--wpforms-label-sublabel-color: rgba( 0, 0, 0, 0.55 );\n--wpforms-label-error-color: #d63637;\n--wpforms-button-border-radius: 3px;\n--wpforms-button-background-color: #066aab;\n--wpforms-button-text-color: #ffffff;\n--wpforms-field-size-input-height: 43px;\n--wpforms-field-size-input-spacing: 15px;\n--wpforms-field-size-font-size: 16px;\n--wpforms-field-size-line-height: 19px;\n--wpforms-field-size-padding-h: 14px;\n--wpforms-field-size-checkbox-size: 16px;\n--wpforms-field-size-sublabel-spacing: 5px;\n--wpforms-field-size-icon-size: 1;\n--wpforms-label-size-font-size: 16px;\n--wpforms-label-size-line-height: 19px;\n--wpforms-label-size-sublabel-font-size: 14px;\n--wpforms-label-size-sublabel-line-height: 17px;\n--wpforms-button-size-font-size: 17px;\n--wpforms-button-size-height: 41px;\n--wpforms-button-size-padding-h: 15px;\n--wpforms-button-size-margin-top: 10px;\n\n\t\t\t\t}\n\t\t\t<\/style><style id=\"wpforms-css-vars-elementor-widget-ef882ad\">\n\t\t\t\t.elementor-widget-wpforms.elementor-element-ef882ad {\n\t\t\t\t\t--wpforms-field-size-input-height: 43px;\n--wpforms-field-size-input-spacing: 15px;\n--wpforms-field-size-font-size: 16px;\n--wpforms-field-size-line-height: 19px;\n--wpforms-field-size-padding-h: 14px;\n--wpforms-field-size-checkbox-size: 16px;\n--wpforms-field-size-sublabel-spacing: 5px;\n--wpforms-field-size-icon-size: 1;\n--wpforms-label-size-font-size: 16px;\n--wpforms-label-size-line-height: 19px;\n--wpforms-label-size-sublabel-font-size: 14px;\n--wpforms-label-size-sublabel-line-height: 17px;\n--wpforms-button-size-font-size: 17px;\n--wpforms-button-size-height: 41px;\n--wpforms-button-size-padding-h: 15px;\n--wpforms-button-size-margin-top: 10px;\n\n\t\t\t\t}\n\t\t\t<\/style><div class=\"wpforms-container wpforms-container-full wpforms-render-modern\" id=\"wpforms-7035\"><form id=\"wpforms-form-7035\" class=\"wpforms-validate wpforms-form wpforms-ajax-form\" data-formid=\"7035\" method=\"post\" enctype=\"multipart\/form-data\" action=\"\/es\/wp-json\/wp\/v2\/pages\/656\" data-token=\"a5e2b81ec50a57532ccbfc12c9c978ad\"><noscript class=\"wpforms-error-noscript\">Please enable JavaScript in your browser to complete this form.<\/noscript><div class=\"wpforms-hidden\" id=\"wpforms-error-noscript\">Please enable JavaScript in your browser to complete this form.<\/div><div class=\"wpforms-field-container\"><div id=\"wpforms-7035-field_0-container\" class=\"wpforms-field wpforms-field-name\" data-field-id=\"0\"><label class=\"wpforms-field-label\" for=\"wpforms-7035-field_0\">Ad\u0131 Soyad\u0131 <span class=\"wpforms-required-label\" aria-hidden=\"true\">*<\/span><\/label><input type=\"text\" id=\"wpforms-7035-field_0\" class=\"wpforms-field-large wpforms-field-required\" name=\"wpforms[fields][0]\" aria-errormessage=\"wpforms-7035-field_0-error\" required><\/div><div id=\"wpforms-7035-field_3-container\" class=\"wpforms-field wpforms-field-phone\" data-field-id=\"3\"><label class=\"wpforms-field-label\" for=\"wpforms-7035-field_3\">Telefon <span class=\"wpforms-required-label\" aria-hidden=\"true\">*<\/span><\/label><input type=\"tel\" id=\"wpforms-7035-field_3\" class=\"wpforms-field-large wpforms-field-required wpforms-smart-phone-field\" data-rule-smart-phone-field=\"true\" name=\"wpforms[fields][3]\" aria-errormessage=\"wpforms-7035-field_3-error\" required><\/div><div id=\"wpforms-7035-field_1-container\" class=\"wpforms-field wpforms-field-email\" data-field-id=\"1\"><label class=\"wpforms-field-label\" for=\"wpforms-7035-field_1\">E-posta <span class=\"wpforms-required-label\" aria-hidden=\"true\">*<\/span><\/label><input type=\"email\" id=\"wpforms-7035-field_1\" class=\"wpforms-field-large wpforms-field-required\" name=\"wpforms[fields][1]\" spellcheck=\"false\" aria-errormessage=\"wpforms-7035-field_1-error\" required><\/div><div id=\"wpforms-7035-field_5-container\" class=\"wpforms-field wpforms-field-select wpforms-field-select-style-modern\" data-field-id=\"5\"><label class=\"wpforms-field-label\" for=\"wpforms-7035-field_5\">Konu <span class=\"wpforms-required-label\" aria-hidden=\"true\">*<\/span><\/label><select id=\"wpforms-7035-field_5\" class=\"wpforms-field-large wpforms-field-required choicesjs-select\" data-size-class=\"wpforms-field-row wpforms-field-large\" data-search-enabled=\"\" name=\"wpforms[fields][5]\" required=\"required\"><option value=\"\" class=\"placeholder\" disabled  selected='selected'>Te\u015fekk\u00fcr<\/option><option value=\"Te\u015fekk\u00fcr\" >Te\u015fekk\u00fcr<\/option><option value=\"Kalite\" >Kalite<\/option><option value=\"\u0130stek \/ \u015eikayet\" >\u0130stek \/ \u015eikayet<\/option><option value=\"Di\u011fer\" >Di\u011fer<\/option><\/select><\/div><div id=\"wpforms-7035-field_2-container\" class=\"wpforms-field wpforms-field-textarea\" data-field-id=\"2\"><label class=\"wpforms-field-label\" for=\"wpforms-7035-field_2\">Mesaj <span class=\"wpforms-required-label\" aria-hidden=\"true\">*<\/span><\/label><textarea id=\"wpforms-7035-field_2\" class=\"wpforms-field-large wpforms-field-required\" name=\"wpforms[fields][2]\" aria-errormessage=\"wpforms-7035-field_2-error\" required><\/textarea><\/div><\/div><!-- .wpforms-field-container --><input type=\"hidden\" name=\"wpforms[recaptcha]\" value=\"\"><div class=\"wpforms-submit-container\" ><input type=\"hidden\" name=\"wpforms[id]\" value=\"7035\"><input type=\"hidden\" name=\"wpforms[author]\" value=\"1\"><button type=\"submit\" name=\"wpforms[submit]\" id=\"wpforms-submit-7035\" class=\"wpforms-submit\" data-alt-text=\"G\u00f6nderiliyor...\" data-submit-text=\"G\u00f6nder\" aria-live=\"assertive\" value=\"wpforms-submit\">G\u00f6nder<\/button><img decoding=\"async\" src=\"https:\/\/medisunhastanesi.com\/wp-content\/plugins\/wpforms\/assets\/images\/submit-spin.svg\" class=\"wpforms-submit-spinner\" style=\"display: none;\" width=\"26\" height=\"26\" alt=\"Loading\"><\/div><\/form><\/div>  <!-- .wpforms-container -->\t\t\t\t<\/div>\n\t\t\t\t<\/div>\n\t\t\t\t\t<\/div>\n\t\t<\/div>\n\t\t\t\t<div class=\"elementor-column elementor-col-50 elementor-top-column elementor-element elementor-element-6868b37\" data-id=\"6868b37\" data-element_type=\"column\">\n\t\t\t<div class=\"elementor-widget-wrap elementor-element-populated\">\n\t\t\t\t\t\t<div class=\"elementor-element elementor-element-3b8656f elementor-widget elementor-widget-rt-title\" data-id=\"3b8656f\" data-element_type=\"widget\" data-widget_type=\"rt-title.default\">\n\t\t\t\t<div class=\"elementor-widget-container\">\n\t\t\t\t\t\r\n<div class=\"section-heading heading-dark text-left heading-layout1\">\r\n    <h2 class=\"rtin-title\">Adres<\/h2>\r\n     <\/div>\t\t\t\t<\/div>\n\t\t\t\t<\/div>\n\t\t\t\t<div class=\"elementor-element elementor-element-8e2a4b6 elementor-widget elementor-widget-rt-contact\" data-id=\"8e2a4b6\" data-element_type=\"widget\" data-widget_type=\"rt-contact.default\">\n\t\t\t\t<div class=\"elementor-widget-container\">\n\t\t\t\t\t\r\n<div class=\"rt-el-contact\">\r\n\t<ul>\r\n\t\t<li><i class=\"fas fa-map-marker\"><\/i> \u00c7ayyolu, 1920. Cadde No:61, 06800 \u00c7ankaya\/Ankara<\/li><li><i class=\"fas fa-phone-square\"><\/i> <a href=\"tel:444 7 600\">444 7 600<\/a><\/li><li><i class=\"fas fa-phone-square\"><\/i> <a href=\"tel:0312 236 10 01\">0312 236 10 01<\/a><\/li><li><i class=\"fa fa-envelope-o\" aria-hidden=\"true\"><\/i> <a href=\"mailto:info@medisunhastanesi.com\">info@medisunhastanesi.com<\/a><\/li>\t<\/ul>\r\n<\/div>\t\t\t\t<\/div>\n\t\t\t\t<\/div>\n\t\t\t\t\t<\/div>\n\t\t<\/div>\n\t\t\t\t\t<\/div>\n\t\t<\/section>\n\t\t\t\t<section class=\"elementor-section elementor-top-section elementor-element elementor-element-d0bc910 elementor-section-boxed elementor-section-height-default elementor-section-height-default\" data-id=\"d0bc910\" data-element_type=\"section\">\n\t\t\t\t\t\t<div class=\"elementor-container elementor-column-gap-default\">\n\t\t\t\t\t<div class=\"elementor-column elementor-col-100 elementor-top-column elementor-element elementor-element-36db803\" data-id=\"36db803\" data-element_type=\"column\">\n\t\t\t<div class=\"elementor-widget-wrap elementor-element-populated\">\n\t\t\t\t\t\t<div class=\"elementor-element elementor-element-b805f4b elementor-widget elementor-widget-rt-title\" data-id=\"b805f4b\" data-element_type=\"widget\" data-widget_type=\"rt-title.default\">\n\t\t\t\t<div class=\"elementor-widget-container\">\n\t\t\t\t\t\r\n\t<div class=\"rt-el-title section-heading heading-dark text-center heading-layout1 style1 theme1\">\r\n\t\t<h2 class=\"rtin-title\">\u015eehir \u0130\u00e7i Ula\u015f\u0131m<\/h2>\r\n\t\t\t<\/div>\r\n\t\t\t\t\t<\/div>\n\t\t\t\t<\/div>\n\t\t\t\t\t<\/div>\n\t\t<\/div>\n\t\t\t\t\t<\/div>\n\t\t<\/section>\n\t\t\t\t<section class=\"elementor-section elementor-top-section elementor-element elementor-element-0b2f6e1 elementor-section-boxed elementor-section-height-default elementor-section-height-default\" data-id=\"0b2f6e1\" data-element_type=\"section\">\n\t\t\t\t\t\t<div class=\"elementor-container elementor-column-gap-default\">\n\t\t\t\t\t<div class=\"elementor-column elementor-col-50 elementor-top-column elementor-element elementor-element-f112377\" data-id=\"f112377\" data-element_type=\"column\">\n\t\t\t<div class=\"elementor-widget-wrap elementor-element-populated\">\n\t\t\t\t\t\t<div class=\"elementor-element elementor-element-d924083 elementor-widget elementor-widget-rt-info-box\" data-id=\"d924083\" data-element_type=\"widget\" data-widget_type=\"rt-info-box.default\">\n\t\t\t\t<div class=\"elementor-widget-container\">\n\t\t\t\t\t\r\n<div class=\"rt-el-info-box clearfix media  rtin-light rtin-style2\">\r\n\t<div class=\"rtin-icon\">\r\n\t\t\t\t\t\t\t\t\t\t\t<i class=\"primaryColor fa fa-bus\" aria-hidden=\"true\"><\/i>\r\n\t\t\t\t\t\t<\/div>\r\n\t<div class=\"media-body rtin-content\">\r\n\t\t<h2 class=\"media-heading rtin-title\">K\u0131z\u0131lay Merkezden<\/h2>\r\n\t\t<p class=\"rtin-text\">K\u0131z\u0131lay merkezden, K\u0131z\u0131lay-\u00dcmitk\u00f6y metrosu yoluyla \u00dcmitk\u00f6y metro dura\u011f\u0131nda inildi\u011fi takdirde, <b>570<\/b> No\u2019lu belediye otob\u00fcs\u00fc ile Medisun \u00c7ayyolu Hastanesine ula\u015f\u0131m sa\u011flanabilmektedir.<\/p>\r\n\t<\/div>\r\n<\/div>\t\t\t\t<\/div>\n\t\t\t\t<\/div>\n\t\t\t\t\t<\/div>\n\t\t<\/div>\n\t\t\t\t<div class=\"elementor-column elementor-col-50 elementor-top-column elementor-element elementor-element-bbdac78\" data-id=\"bbdac78\" data-element_type=\"column\">\n\t\t\t<div class=\"elementor-widget-wrap elementor-element-populated\">\n\t\t\t\t\t\t<div class=\"elementor-element elementor-element-cf0475f elementor-widget elementor-widget-rt-info-box\" data-id=\"cf0475f\" data-element_type=\"widget\" data-widget_type=\"rt-info-box.default\">\n\t\t\t\t<div class=\"elementor-widget-container\">\n\t\t\t\t\t\r\n<div class=\"rt-el-info-box clearfix media  rtin-light rtin-style2\">\r\n\t<div class=\"rtin-icon\">\r\n\t\t\t\t\t\t\t\t\t\t\t<i class=\"primaryColor fa fa-bus\" aria-hidden=\"true\"><\/i>\r\n\t\t\t\t\t\t<\/div>\r\n\t<div class=\"media-body rtin-content\">\r\n\t\t<h2 class=\"media-heading rtin-title\">S\u0131hhiye B\u00f6lgesinden<\/h2>\r\n\t\t<p class=\"rtin-text\">S\u0131hhiye-\u00dcmitk\u00f6y dolmu\u015flar\u0131yla \u00dcmitk\u00f6y metro dura\u011f\u0131ndan <b>570<\/b> No\u2019lu belediye otob\u00fcs\u00fcnden Medisun \u00c7ayyolu Hastanesine ula\u015f\u0131m sa\u011flanabilmektedir.<\/p>\r\n\t<\/div>\r\n<\/div>\t\t\t\t<\/div>\n\t\t\t\t<\/div>\n\t\t\t\t\t<\/div>\n\t\t<\/div>\n\t\t\t\t\t<\/div>\n\t\t<\/section>\n\t\t\t\t<section class=\"elementor-section elementor-top-section elementor-element elementor-element-7b05ac2 elementor-section-boxed elementor-section-height-default elementor-section-height-default\" data-id=\"7b05ac2\" data-element_type=\"section\">\n\t\t\t\t\t\t<div class=\"elementor-container elementor-column-gap-default\">\n\t\t\t\t\t<div class=\"elementor-column elementor-col-100 elementor-top-column elementor-element elementor-element-642e455\" data-id=\"642e455\" data-element_type=\"column\">\n\t\t\t<div class=\"elementor-widget-wrap elementor-element-populated\">\n\t\t\t\t\t\t<div class=\"elementor-element elementor-element-a062844 elementor-widget elementor-widget-rt-title\" data-id=\"a062844\" data-element_type=\"widget\" data-widget_type=\"rt-title.default\">\n\t\t\t\t<div class=\"elementor-widget-container\">\n\t\t\t\t\t\r\n\t<div class=\"rt-el-title section-heading heading-dark text-center heading-layout1 style1 theme1\">\r\n\t\t<h2 class=\"rtin-title\">\u015eehirler Aras\u0131 Ula\u015f\u0131m<\/h2>\r\n\t\t\t<\/div>\r\n\t\t\t\t\t<\/div>\n\t\t\t\t<\/div>\n\t\t\t\t\t<\/div>\n\t\t<\/div>\n\t\t\t\t\t<\/div>\n\t\t<\/section>\n\t\t\t\t<section class=\"elementor-section elementor-top-section elementor-element elementor-element-6db1dca elementor-section-boxed elementor-section-height-default elementor-section-height-default\" data-id=\"6db1dca\" data-element_type=\"section\">\n\t\t\t\t\t\t<div class=\"elementor-container elementor-column-gap-default\">\n\t\t\t\t\t<div class=\"elementor-column elementor-col-50 elementor-top-column elementor-element elementor-element-10d3d81\" data-id=\"10d3d81\" data-element_type=\"column\">\n\t\t\t<div class=\"elementor-widget-wrap elementor-element-populated\">\n\t\t\t\t\t\t<div class=\"elementor-element elementor-element-7966aa0 elementor-widget elementor-widget-rt-info-box\" data-id=\"7966aa0\" data-element_type=\"widget\" data-widget_type=\"rt-info-box.default\">\n\t\t\t\t<div class=\"elementor-widget-container\">\n\t\t\t\t\t\r\n<div class=\"rt-el-info-box clearfix media  rtin-light rtin-style2\">\r\n\t<div class=\"rtin-icon\">\r\n\t\t\t\t\t\t\t\t\t\t\t<i class=\"primaryColor fa fa-bus\" aria-hidden=\"true\"><\/i>\r\n\t\t\t\t\t\t<\/div>\r\n\t<div class=\"media-body rtin-content\">\r\n\t\t<h2 class=\"media-heading rtin-title\">Ankara Esenbo\u011fa Hava Alan\u0131ndan<\/h2>\r\n\t\t<p class=\"rtin-text\">\u201cBelko-Air\u2019\u0131n 442-K hatt\u0131\u201d ile K\u0131z\u0131lay merkeze ula\u015f\u0131l\u0131p, ard\u0131ndan K\u0131z\u0131lay-\u00dcmitk\u00f6y metrosundan \u00dcmitk\u00f6y dura\u011f\u0131nda inilerek <b>570<\/b> No\u2019lu belediye otob\u00fcs\u00fc ile Medisun \u00c7ayyolu Hastanesine ula\u015f\u0131m sa\u011flanabilmektedir.<\/p>\r\n\t<\/div>\r\n<\/div>\t\t\t\t<\/div>\n\t\t\t\t<\/div>\n\t\t\t\t\t<\/div>\n\t\t<\/div>\n\t\t\t\t<div class=\"elementor-column elementor-col-50 elementor-top-column elementor-element elementor-element-0db49cc\" data-id=\"0db49cc\" data-element_type=\"column\">\n\t\t\t<div class=\"elementor-widget-wrap elementor-element-populated\">\n\t\t\t\t\t\t<div class=\"elementor-element elementor-element-a8fa3fb elementor-widget elementor-widget-rt-info-box\" data-id=\"a8fa3fb\" data-element_type=\"widget\" data-widget_type=\"rt-info-box.default\">\n\t\t\t\t<div class=\"elementor-widget-container\">\n\t\t\t\t\t\r\n<div class=\"rt-el-info-box clearfix media  rtin-light rtin-style2\">\r\n\t<div class=\"rtin-icon\">\r\n\t\t\t\t\t\t\t\t\t\t\t<i class=\"primaryColor fa fa-bus\" aria-hidden=\"true\"><\/i>\r\n\t\t\t\t\t\t<\/div>\r\n\t<div class=\"media-body rtin-content\">\r\n\t\t<h2 class=\"media-heading rtin-title\">A\u015eT\u0130' den<\/h2>\r\n\t\t<p class=\"rtin-text\">Ankara \u015eehirleraras\u0131 Terminal \u0130\u015fletmesi (A\u015eT\u0130) aks\u0131nda bulunan K\u0131z\u0131lay-\u00dcmitk\u00f6y metrosunun \u201cS\u00f6\u011f\u00fct\u00f6z\u00fc\u201d dura\u011f\u0131n\u0131 kullanarak \u00dcmitk\u00f6y dura\u011f\u0131nda inilip, <b>570<\/b> No\u2019lu belediye otob\u00fcs\u00fc ile Medisun \u00c7ayyolu Hastanesine ula\u015fabilirsiniz.<\/p>\r\n\t<\/div>\r\n<\/div>\t\t\t\t<\/div>\n\t\t\t\t<\/div>\n\t\t\t\t\t<\/div>\n\t\t<\/div>\n\t\t\t\t\t<\/div>\n\t\t<\/section>\n\t\t\t\t<section class=\"elementor-section elementor-top-section elementor-element elementor-element-f45cbbc elementor-section-boxed elementor-section-height-default elementor-section-height-default\" data-id=\"f45cbbc\" data-element_type=\"section\">\n\t\t\t\t\t\t<div class=\"elementor-container elementor-column-gap-default\">\n\t\t\t\t\t<div class=\"elementor-column elementor-col-100 elementor-top-column elementor-element elementor-element-d7a3079\" data-id=\"d7a3079\" data-element_type=\"column\">\n\t\t\t<div class=\"elementor-widget-wrap elementor-element-populated\">\n\t\t\t\t\t\t<div class=\"elementor-element elementor-element-2392e00 elementor-widget elementor-widget-rt-title\" data-id=\"2392e00\" data-element_type=\"widget\" data-widget_type=\"rt-title.default\">\n\t\t\t\t<div class=\"elementor-widget-container\">\n\t\t\t\t\t\r\n\t<div class=\"rt-el-title section-heading heading-dark text-center heading-layout1 style1 theme1\">\r\n\t\t<h2 class=\"rtin-title\">Tren Gar\u0131ndan Ula\u015f\u0131m<\/h2>\r\n\t\t\t<\/div>\r\n\t\t\t\t\t<\/div>\n\t\t\t\t<\/div>\n\t\t\t\t\t<\/div>\n\t\t<\/div>\n\t\t\t\t\t<\/div>\n\t\t<\/section>\n\t\t\t\t<section class=\"elementor-section elementor-top-section elementor-element elementor-element-950b171 elementor-section-boxed elementor-section-height-default elementor-section-height-default\" data-id=\"950b171\" data-element_type=\"section\">\n\t\t\t\t\t\t<div class=\"elementor-container elementor-column-gap-default\">\n\t\t\t\t\t<div class=\"elementor-column elementor-col-50 elementor-top-column elementor-element elementor-element-089a33a\" data-id=\"089a33a\" data-element_type=\"column\">\n\t\t\t<div class=\"elementor-widget-wrap elementor-element-populated\">\n\t\t\t\t\t\t<div class=\"elementor-element elementor-element-81e77a3 elementor-widget elementor-widget-rt-info-box\" data-id=\"81e77a3\" data-element_type=\"widget\" data-widget_type=\"rt-info-box.default\">\n\t\t\t\t<div class=\"elementor-widget-container\">\n\t\t\t\t\t\r\n<div class=\"rt-el-info-box clearfix media  rtin-light rtin-style2\">\r\n\t<div class=\"rtin-icon\">\r\n\t\t\t\t\t\t\t\t\t\t\t<i class=\"primaryColor fa fa-bus\" aria-hidden=\"true\"><\/i>\r\n\t\t\t\t\t\t<\/div>\r\n\t<div class=\"media-body rtin-content\">\r\n\t\t<h2 class=\"media-heading rtin-title\">Ankara YHT Gar\u0131ndan Ula\u015f\u0131m<\/h2>\r\n\t\t<p class=\"rtin-text\">S\u0131hhiye-\u00dcmitk\u00f6y dolmu\u015flar\u0131yla \u00dcmitk\u00f6y metro dura\u011f\u0131ndan <b>570<\/b> No\u2019lu belediye otob\u00fcs\u00fcnden Medisun \u00c7ayyolu Hastanesine ula\u015f\u0131m sa\u011flanabilmektedir.<\/p>\r\n\t<\/div>\r\n<\/div>\t\t\t\t<\/div>\n\t\t\t\t<\/div>\n\t\t\t\t\t<\/div>\n\t\t<\/div>\n\t\t\t\t<div class=\"elementor-column elementor-col-50 elementor-top-column elementor-element elementor-element-3fdfd76\" data-id=\"3fdfd76\" data-element_type=\"column\">\n\t\t\t<div class=\"elementor-widget-wrap elementor-element-populated\">\n\t\t\t\t\t\t<div class=\"elementor-element elementor-element-3de6530 elementor-widget elementor-widget-rt-info-box\" data-id=\"3de6530\" data-element_type=\"widget\" data-widget_type=\"rt-info-box.default\">\n\t\t\t\t<div class=\"elementor-widget-container\">\n\t\t\t\t\t\r\n<div class=\"rt-el-info-box clearfix media  rtin-light rtin-style2\">\r\n\t<div class=\"rtin-icon\">\r\n\t\t\t\t\t\t\t\t\t\t\t<i class=\"primaryColor fa fa-bus\" aria-hidden=\"true\"><\/i>\r\n\t\t\t\t\t\t<\/div>\r\n\t<div class=\"media-body rtin-content\">\r\n\t\t<h2 class=\"media-heading rtin-title\">Eryaman YHT Gar\u0131ndan Ula\u015f\u0131m<\/h2>\r\n\t\t<p class=\"rtin-text\">Eryaman YHT istasyonundan  \u00dcmitk\u00f6y istikametindeki Dolmu\u015f ve Ego Otob\u00fcsleri ile \u00dcmitk\u00f6y dura\u011f\u0131nda inilip, <b>570<\/b> No\u2019lu belediye otob\u00fcs\u00fc ile Medisun \u00c7ayyolu Hastanesine ula\u015fabilirsiniz.<\/p>\r\n\t<\/div>\r\n<\/div>\t\t\t\t<\/div>\n\t\t\t\t<\/div>\n\t\t\t\t\t<\/div>\n\t\t<\/div>\n\t\t\t\t\t<\/div>\n\t\t<\/section>\n\t\t\t\t<\/div>\n\t\t","protected":false},"excerpt":{"rendered":"<p>Bize Ula\u015f\u0131n Bu formu bitirebilmek i\u00e7in taray\u0131c\u0131n\u0131zda JavaScript&#039;i etkinle\u015ftirin.Bu formu bitirebilmek i\u00e7in taray\u0131c\u0131n\u0131zda JavaScript&#039;i etkinle\u015ftirin.Ad\u0131 Soyad\u0131 *Telefon *E-posta *Konu *Te\u015fekk\u00fcrTe\u015fekk\u00fcrKalite\u0130stek \/ \u015eikayetDi\u011ferMesaj * G\u00f6nder Adres \u00c7ayyolu, 1920. Cadde No:61, 06800 \u00c7ankaya\/Ankara 444 7 600 0312 236 10 01 info@medisunhastanesi.com \u015eehir \u0130\u00e7i Ula\u015f\u0131m K\u0131z\u0131lay Merkezden K\u0131z\u0131lay merkezden, K\u0131z\u0131lay-\u00dcmitk\u00f6y metrosu yoluyla \u00dcmitk\u00f6y metro dura\u011f\u0131nda inildi\u011fi takdirde, 570&#8230;<\/p>","protected":false},"author":1,"featured_media":0,"parent":0,"menu_order":0,"comment_status":"closed","ping_status":"closed","template":"","meta":{"footnotes":""},"aioseo_notices":[],"_links":{"self":[{"href":"https:\/\/medisunhastanesi.com\/es\/wp-json\/wp\/v2\/pages\/656"}],"collection":[{"href":"https:\/\/medisunhastanesi.com\/es\/wp-json\/wp\/v2\/pages"}],"about":[{"href":"https:\/\/medisunhastanesi.com\/es\/wp-json\/wp\/v2\/types\/page"}],"author":[{"embeddable":true,"href":"https:\/\/medisunhastanesi.com\/es\/wp-json\/wp\/v2\/users\/1"}],"replies":[{"embeddable":true,"href":"https:\/\/medisunhastanesi.com\/es\/wp-json\/wp\/v2\/comments?post=656"}],"version-history":[{"count":18,"href":"https:\/\/medisunhastanesi.com\/es\/wp-json\/wp\/v2\/pages\/656\/revisions"}],"predecessor-version":[{"id":7516,"href":"https:\/\/medisunhastanesi.com\/es\/wp-json\/wp\/v2\/pages\/656\/revisions\/7516"}],"wp:attachment":[{"href":"https:\/\/medisunhastanesi.com\/es\/wp-json\/wp\/v2\/media?parent=656"}],"curies":[{"name":"wp","href":"https:\/\/api.w.org\/{rel}","templated":true}]}}