{"id":6519,"date":"2023-11-23T14:23:18","date_gmt":"2023-11-23T11:23:18","guid":{"rendered":"https:\/\/medisunhastanesi.com\/?page_id=6519"},"modified":"2023-11-23T14:40:34","modified_gmt":"2023-11-23T11:40:34","slug":"a-sablon","status":"publish","type":"page","link":"https:\/\/medisunhastanesi.com\/es\/a-sablon\/","title":{"rendered":"Nuestro valor fundamental"},"content":{"rendered":"<div data-elementor-type=\"wp-post\" data-elementor-id=\"6519\" class=\"elementor elementor-6519\" data-elementor-post-type=\"page\">\n\t\t\t\t\t\t<section class=\"elementor-section elementor-top-section elementor-element elementor-element-4c516c6 elementor-section-boxed elementor-section-height-default elementor-section-height-default\" data-id=\"4c516c6\" data-element_type=\"section\">\n\t\t\t\t\t\t<div class=\"elementor-container elementor-column-gap-default\">\n\t\t\t\t\t<div class=\"elementor-column elementor-col-100 elementor-top-column elementor-element elementor-element-f3ee142\" data-id=\"f3ee142\" data-element_type=\"column\">\n\t\t\t<div class=\"elementor-widget-wrap elementor-element-populated\">\n\t\t\t\t\t\t<div class=\"elementor-element elementor-element-f7056e9 elementor-widget elementor-widget-rt-title\" data-id=\"f7056e9\" data-element_type=\"widget\" data-widget_type=\"rt-title.default\">\n\t\t\t\t<div class=\"elementor-widget-container\">\n\t\t\t\t\t\r\n\t<div class=\"rt-el-title section-heading heading-dark text-center heading-layout1 style1 theme1\">\r\n\t\t<h2 class=\"rtin-title\">Nuestros valores fundamentales<\/h2>\r\n\t\t\t\t\t\t<p class=\"rtin-subtitle\">Nuestros objetivos y valores b\u00e1sicos, que hemos determinado para hacer realidad nuestra visi\u00f3n y misi\u00f3n, son una parte vital de la construcci\u00f3n de una cultura de trabajo eficaz, eficiente y transparente. Estos valores gu\u00edan a cada uno de nuestros empleados en sus procesos de trabajo. Nuestro principal objetivo es garantizar la satisfacci\u00f3n incondicional de pacientes y empleados. <\/p>\r\n\t\t\t\t<\/div>\r\n\t\t\t\t\t<\/div>\n\t\t\t\t<\/div>\n\t\t\t\t\t<\/div>\n\t\t<\/div>\n\t\t\t\t\t<\/div>\n\t\t<\/section>\n\t\t\t\t<section class=\"elementor-section elementor-top-section elementor-element elementor-element-efe2ce6 elementor-section-full_width elementor-section-height-default elementor-section-height-default\" data-id=\"efe2ce6\" data-element_type=\"section\">\n\t\t\t\t\t\t<div class=\"elementor-container elementor-column-gap-default\">\n\t\t\t\t\t<div class=\"elementor-column elementor-col-25 elementor-top-column elementor-element elementor-element-31a573f\" data-id=\"31a573f\" data-element_type=\"column\">\n\t\t\t<div class=\"elementor-widget-wrap elementor-element-populated\">\n\t\t\t\t\t\t<div class=\"elementor-element elementor-element-7cf6af8 elementor-widget elementor-widget-rt-icon-list\" data-id=\"7cf6af8\" data-element_type=\"widget\" data-widget_type=\"rt-icon-list.default\">\n\t\t\t\t<div class=\"elementor-widget-container\">\n\t\t\t\t\t\r\n<div class=\"about-info-list\">\r\n\t<ul class=\"about-info theme2\">\r\n\t\t\t\t\t<li>\r\n\t\t\t\t\t\t\t\tConf\u00ede en\t\t\t<\/li>\r\n\t\t\t<\/ul>\r\n<\/div>\r\n\r\n\t\t\t\t<\/div>\n\t\t\t\t<\/div>\n\t\t\t\t<div class=\"elementor-element elementor-element-35f504f elementor-widget elementor-widget-text-editor\" data-id=\"35f504f\" data-element_type=\"widget\" data-widget_type=\"text-editor.default\">\n\t\t\t\t<div class=\"elementor-widget-container\">\n\t\t\t\t\t\t\t\t\t<p>El deber m\u00e1s importante de la direcci\u00f3n es proporcionar un \u00e1rea de servicio segura para nuestros empleados y pacientes.<\/p>\t\t\t\t\t\t\t\t<\/div>\n\t\t\t\t<\/div>\n\t\t\t\t<div class=\"elementor-element elementor-element-078cfc9 elementor-widget elementor-widget-spacer\" data-id=\"078cfc9\" data-element_type=\"widget\" data-widget_type=\"spacer.default\">\n\t\t\t\t<div class=\"elementor-widget-container\">\n\t\t\t\t\t\t\t<div class=\"elementor-spacer\">\n\t\t\t<div class=\"elementor-spacer-inner\"><\/div>\n\t\t<\/div>\n\t\t\t\t\t\t<\/div>\n\t\t\t\t<\/div>\n\t\t\t\t\t<\/div>\n\t\t<\/div>\n\t\t\t\t<div class=\"elementor-column elementor-col-25 elementor-top-column elementor-element elementor-element-68125d4\" data-id=\"68125d4\" data-element_type=\"column\">\n\t\t\t<div class=\"elementor-widget-wrap elementor-element-populated\">\n\t\t\t\t\t\t<div class=\"elementor-element elementor-element-717a429 elementor-widget elementor-widget-rt-icon-list\" data-id=\"717a429\" data-element_type=\"widget\" data-widget_type=\"rt-icon-list.default\">\n\t\t\t\t<div class=\"elementor-widget-container\">\n\t\t\t\t\t\r\n<div class=\"about-info-list\">\r\n\t<ul class=\"about-info theme2\">\r\n\t\t\t\t\t<li>\r\n\t\t\t\t\t\t\t\tRespetar\t\t\t<\/li>\r\n\t\t\t<\/ul>\r\n<\/div>\r\n\r\n\t\t\t\t<\/div>\n\t\t\t\t<\/div>\n\t\t\t\t<div class=\"elementor-element elementor-element-b85851f elementor-widget elementor-widget-text-editor\" data-id=\"b85851f\" data-element_type=\"widget\" data-widget_type=\"text-editor.default\">\n\t\t\t\t<div class=\"elementor-widget-container\">\n\t\t\t\t\t\t\t\t\t<p>Tratar a todos con respeto y honor es nuestro valor fundamental.<\/p>\t\t\t\t\t\t\t\t<\/div>\n\t\t\t\t<\/div>\n\t\t\t\t<div class=\"elementor-element elementor-element-71f1497 elementor-widget elementor-widget-spacer\" data-id=\"71f1497\" data-element_type=\"widget\" data-widget_type=\"spacer.default\">\n\t\t\t\t<div class=\"elementor-widget-container\">\n\t\t\t\t\t\t\t<div class=\"elementor-spacer\">\n\t\t\t<div class=\"elementor-spacer-inner\"><\/div>\n\t\t<\/div>\n\t\t\t\t\t\t<\/div>\n\t\t\t\t<\/div>\n\t\t\t\t\t<\/div>\n\t\t<\/div>\n\t\t\t\t<div class=\"elementor-column elementor-col-25 elementor-top-column elementor-element elementor-element-68ecda5\" data-id=\"68ecda5\" data-element_type=\"column\">\n\t\t\t<div class=\"elementor-widget-wrap elementor-element-populated\">\n\t\t\t\t\t\t<div class=\"elementor-element elementor-element-67a3f45 elementor-widget elementor-widget-rt-icon-list\" data-id=\"67a3f45\" data-element_type=\"widget\" data-widget_type=\"rt-icon-list.default\">\n\t\t\t\t<div class=\"elementor-widget-container\">\n\t\t\t\t\t\r\n<div class=\"about-info-list\">\r\n\t<ul class=\"about-info theme2\">\r\n\t\t\t\t\t<li>\r\n\t\t\t\t\t\t\t\tIgualdad\t\t\t<\/li>\r\n\t\t\t<\/ul>\r\n<\/div>\r\n\r\n\t\t\t\t<\/div>\n\t\t\t\t<\/div>\n\t\t\t\t<div class=\"elementor-element elementor-element-3e47166 elementor-widget elementor-widget-text-editor\" data-id=\"3e47166\" data-element_type=\"widget\" data-widget_type=\"text-editor.default\">\n\t\t\t\t<div class=\"elementor-widget-container\">\n\t\t\t\t\t\t\t\t\t<p>Creemos en la igualdad de nuestros empleados y pacientes en todos los \u00e1mbitos.<\/p>\t\t\t\t\t\t\t\t<\/div>\n\t\t\t\t<\/div>\n\t\t\t\t<div class=\"elementor-element elementor-element-81d94d5 elementor-widget elementor-widget-spacer\" data-id=\"81d94d5\" data-element_type=\"widget\" data-widget_type=\"spacer.default\">\n\t\t\t\t<div class=\"elementor-widget-container\">\n\t\t\t\t\t\t\t<div class=\"elementor-spacer\">\n\t\t\t<div class=\"elementor-spacer-inner\"><\/div>\n\t\t<\/div>\n\t\t\t\t\t\t<\/div>\n\t\t\t\t<\/div>\n\t\t\t\t\t<\/div>\n\t\t<\/div>\n\t\t\t\t<div class=\"elementor-column elementor-col-25 elementor-top-column elementor-element elementor-element-fb2745f\" data-id=\"fb2745f\" data-element_type=\"column\">\n\t\t\t<div class=\"elementor-widget-wrap elementor-element-populated\">\n\t\t\t\t\t\t<div class=\"elementor-element elementor-element-1c4a69b elementor-widget elementor-widget-rt-icon-list\" data-id=\"1c4a69b\" data-element_type=\"widget\" data-widget_type=\"rt-icon-list.default\">\n\t\t\t\t<div class=\"elementor-widget-container\">\n\t\t\t\t\t\r\n<div class=\"about-info-list\">\r\n\t<ul class=\"about-info theme2\">\r\n\t\t\t\t\t<li>\r\n\t\t\t\t\t\t\t\tApertura\t\t\t<\/li>\r\n\t\t\t<\/ul>\r\n<\/div>\r\n\r\n\t\t\t\t<\/div>\n\t\t\t\t<\/div>\n\t\t\t\t<div class=\"elementor-element elementor-element-994232f elementor-widget elementor-widget-text-editor\" data-id=\"994232f\" data-element_type=\"widget\" data-widget_type=\"text-editor.default\">\n\t\t\t\t<div class=\"elementor-widget-container\">\n\t\t\t\t\t\t\t\t\t<p>Actuamos con honradez y transparencia en todo lo que hacemos.<\/p>\t\t\t\t\t\t\t\t<\/div>\n\t\t\t\t<\/div>\n\t\t\t\t<div class=\"elementor-element elementor-element-4c3ad62 elementor-widget elementor-widget-spacer\" data-id=\"4c3ad62\" data-element_type=\"widget\" data-widget_type=\"spacer.default\">\n\t\t\t\t<div class=\"elementor-widget-container\">\n\t\t\t\t\t\t\t<div class=\"elementor-spacer\">\n\t\t\t<div class=\"elementor-spacer-inner\"><\/div>\n\t\t<\/div>\n\t\t\t\t\t\t<\/div>\n\t\t\t\t<\/div>\n\t\t\t\t\t<\/div>\n\t\t<\/div>\n\t\t\t\t\t<\/div>\n\t\t<\/section>\n\t\t\t\t<section class=\"elementor-section elementor-top-section elementor-element elementor-element-4a0b788 elementor-section-boxed elementor-section-height-default elementor-section-height-default\" data-id=\"4a0b788\" data-element_type=\"section\">\n\t\t\t\t\t\t<div class=\"elementor-container elementor-column-gap-default\">\n\t\t\t\t\t<div class=\"elementor-column elementor-col-25 elementor-top-column elementor-element elementor-element-646bd51\" data-id=\"646bd51\" data-element_type=\"column\">\n\t\t\t<div class=\"elementor-widget-wrap elementor-element-populated\">\n\t\t\t\t\t\t<div class=\"elementor-element elementor-element-baf2092 elementor-widget elementor-widget-rt-icon-list\" data-id=\"baf2092\" data-element_type=\"widget\" data-widget_type=\"rt-icon-list.default\">\n\t\t\t\t<div class=\"elementor-widget-container\">\n\t\t\t\t\t\r\n<div class=\"about-info-list\">\r\n\t<ul class=\"about-info theme2\">\r\n\t\t\t\t\t<li>\r\n\t\t\t\t\t\t\t\tAprendizaje continuo:\t\t\t<\/li>\r\n\t\t\t<\/ul>\r\n<\/div>\r\n\r\n\t\t\t\t<\/div>\n\t\t\t\t<\/div>\n\t\t\t\t<div class=\"elementor-element elementor-element-96a0009 elementor-widget elementor-widget-text-editor\" data-id=\"96a0009\" data-element_type=\"widget\" data-widget_type=\"text-editor.default\">\n\t\t\t\t<div class=\"elementor-widget-container\">\n\t\t\t\t\t\t\t\t\t<p>Consideramos que la educaci\u00f3n, la investigaci\u00f3n y el aprendizaje son el centro del desarrollo.<\/p>\t\t\t\t\t\t\t\t<\/div>\n\t\t\t\t<\/div>\n\t\t\t\t\t<\/div>\n\t\t<\/div>\n\t\t\t\t<div class=\"elementor-column elementor-col-25 elementor-top-column elementor-element elementor-element-6a20f28\" data-id=\"6a20f28\" data-element_type=\"column\">\n\t\t\t<div class=\"elementor-widget-wrap elementor-element-populated\">\n\t\t\t\t\t\t<div class=\"elementor-element elementor-element-473c1d7 elementor-widget elementor-widget-rt-icon-list\" data-id=\"473c1d7\" data-element_type=\"widget\" data-widget_type=\"rt-icon-list.default\">\n\t\t\t\t<div class=\"elementor-widget-container\">\n\t\t\t\t\t\r\n<div class=\"about-info-list\">\r\n\t<ul class=\"about-info theme2\">\r\n\t\t\t\t\t<li>\r\n\t\t\t\t\t\t\t\tOrgullo\t\t\t<\/li>\r\n\t\t\t<\/ul>\r\n<\/div>\r\n\r\n\t\t\t\t<\/div>\n\t\t\t\t<\/div>\n\t\t\t\t<div class=\"elementor-element elementor-element-c98f9fc elementor-widget elementor-widget-text-editor\" data-id=\"c98f9fc\" data-element_type=\"widget\" data-widget_type=\"text-editor.default\">\n\t\t\t\t<div class=\"elementor-widget-container\">\n\t\t\t\t\t\t\t\t\t<p>Estamos orgullosos de lo que hacemos.<\/p>\t\t\t\t\t\t\t\t<\/div>\n\t\t\t\t<\/div>\n\t\t\t\t\t<\/div>\n\t\t<\/div>\n\t\t\t\t<div class=\"elementor-column elementor-col-25 elementor-top-column elementor-element elementor-element-ed06b4c\" data-id=\"ed06b4c\" data-element_type=\"column\">\n\t\t\t<div class=\"elementor-widget-wrap elementor-element-populated\">\n\t\t\t\t\t\t<div class=\"elementor-element elementor-element-3dcea43 elementor-widget elementor-widget-rt-icon-list\" data-id=\"3dcea43\" data-element_type=\"widget\" data-widget_type=\"rt-icon-list.default\">\n\t\t\t\t<div class=\"elementor-widget-container\">\n\t\t\t\t\t\r\n<div class=\"about-info-list\">\r\n\t<ul class=\"about-info theme2\">\r\n\t\t\t\t\t<li>\r\n\t\t\t\t\t\t\t\tEficacia y continuidad\t\t\t<\/li>\r\n\t\t\t<\/ul>\r\n<\/div>\r\n\r\n\t\t\t\t<\/div>\n\t\t\t\t<\/div>\n\t\t\t\t<div class=\"elementor-element elementor-element-212767e elementor-widget elementor-widget-text-editor\" data-id=\"212767e\" data-element_type=\"widget\" data-widget_type=\"text-editor.default\">\n\t\t\t\t<div class=\"elementor-widget-container\">\n\t\t\t\t\t\t\t\t\t<p>Creemos en la necesidad de la asistencia sanitaria m\u00e1s rentable y sostenible para todos los segmentos de la sociedad.<\/p>\t\t\t\t\t\t\t\t<\/div>\n\t\t\t\t<\/div>\n\t\t\t\t\t<\/div>\n\t\t<\/div>\n\t\t\t\t<div class=\"elementor-column elementor-col-25 elementor-top-column elementor-element elementor-element-14df481\" data-id=\"14df481\" data-element_type=\"column\">\n\t\t\t<div class=\"elementor-widget-wrap elementor-element-populated\">\n\t\t\t\t\t\t<div class=\"elementor-element elementor-element-020e046 elementor-widget elementor-widget-rt-icon-list\" data-id=\"020e046\" data-element_type=\"widget\" data-widget_type=\"rt-icon-list.default\">\n\t\t\t\t<div class=\"elementor-widget-container\">\n\t\t\t\t\t\r\n<div class=\"about-info-list\">\r\n\t<ul class=\"about-info theme2\">\r\n\t\t\t\t\t<li>\r\n\t\t\t\t\t\t\t\tTrabajo en equipo\t\t\t<\/li>\r\n\t\t\t<\/ul>\r\n<\/div>\r\n\r\n\t\t\t\t<\/div>\n\t\t\t\t<\/div>\n\t\t\t\t<div class=\"elementor-element elementor-element-43a3f6a elementor-widget elementor-widget-text-editor\" data-id=\"43a3f6a\" data-element_type=\"widget\" data-widget_type=\"text-editor.default\">\n\t\t\t\t<div class=\"elementor-widget-container\">\n\t\t\t\t\t\t\t\t\t<p>Nos esforzamos por ser un equipo reconocido como de alto rendimiento, proactivo y comprometido con nuestro trabajo. Creemos que es importante prestar un servicio de calidad, fomentar un entorno de aprendizaje, apoyarnos mutuamente y comportarnos con profesionalidad en todo momento.<\/p>\t\t\t\t\t\t\t\t<\/div>\n\t\t\t\t<\/div>\n\t\t\t\t\t<\/div>\n\t\t<\/div>\n\t\t\t\t\t<\/div>\n\t\t<\/section>\n\t\t\t\t<\/div>","protected":false},"excerpt":{"rendered":"<p>Temel De\u011ferlerimiz Vizyon ve misyonumuzu ger\u00e7ekle\u015ftirmek i\u00e7in belirlemi\u015f oldu\u011fumuz temel hedef ve de\u011ferlerimiz; etkili, verimli, \u015feffaf bir \u00e7al\u0131\u015fma k\u00fclt\u00fcr\u00fc in\u015fa etmenin hayati bir par\u00e7as\u0131d\u0131r. Bu de\u011ferler her bir \u00e7al\u0131\u015fan\u0131m\u0131z\u0131n i\u015f s\u00fcre\u00e7lerinde onlara yol g\u00f6stericidir. Temel Hedefimiz; ko\u015fulsuz hasta ve \u00e7al\u0131\u015fan memnuniyetinin sa\u011flanmas\u0131d\u0131r. G\u00fcven \u00c7al\u0131\u015fanlar\u0131m\u0131z ve hastalar\u0131m\u0131z i\u00e7in g\u00fcvenli bir hizmet alan\u0131 sunmak y\u00f6netimin en \u00f6nemli&#8230;<\/p>","protected":false},"author":1,"featured_media":0,"parent":0,"menu_order":0,"comment_status":"closed","ping_status":"closed","template":"","meta":{"footnotes":""},"aioseo_notices":[],"_links":{"self":[{"href":"https:\/\/medisunhastanesi.com\/es\/wp-json\/wp\/v2\/pages\/6519"}],"collection":[{"href":"https:\/\/medisunhastanesi.com\/es\/wp-json\/wp\/v2\/pages"}],"about":[{"href":"https:\/\/medisunhastanesi.com\/es\/wp-json\/wp\/v2\/types\/page"}],"author":[{"embeddable":true,"href":"https:\/\/medisunhastanesi.com\/es\/wp-json\/wp\/v2\/users\/1"}],"replies":[{"embeddable":true,"href":"https:\/\/medisunhastanesi.com\/es\/wp-json\/wp\/v2\/comments?post=6519"}],"version-history":[{"count":0,"href":"https:\/\/medisunhastanesi.com\/es\/wp-json\/wp\/v2\/pages\/6519\/revisions"}],"wp:attachment":[{"href":"https:\/\/medisunhastanesi.com\/es\/wp-json\/wp\/v2\/media?parent=6519"}],"curies":[{"name":"wp","href":"https:\/\/api.w.org\/{rel}","templated":true}]}}