{"id":6659,"date":"2023-11-28T15:00:42","date_gmt":"2023-11-28T12:00:42","guid":{"rendered":"https:\/\/medisunhastanesi.com\/?page_id=6659"},"modified":"2026-02-27T14:17:42","modified_gmt":"2026-02-27T11:17:42","slug":"kadin-check-up-standart-40-yas-ustu","status":"publish","type":"page","link":"https:\/\/medisunhastanesi.com\/en\/kadin-check-up-standart-40-yas-ustu\/","title":{"rendered":"Kardiyoloji Check \u2013 Up"},"content":{"rendered":"<ul>\n<li><strong>Kardiyoloji muayenesi<\/strong><\/li>\n<li><strong>ALT<\/strong> : Karaci\u011fer fonksiyon testi<\/li>\n<li><strong>AST<\/strong> : Karaci\u011fer fonksiyon testi<\/li>\n<li><strong>ALP<\/strong> : Karaci\u011fer fonksiyon testi<\/li>\n<li><strong>GGT<\/strong>:Karaci\u011fer fonksiyon testi<\/li>\n<li><strong>Glukoz<\/strong><\/li>\n<li><strong>TSH<\/strong> :Tiroid hastal\u0131klar\u0131n\u0131n ve fonksiyonlar\u0131n tan\u0131 ve takibi<\/li>\n<li><strong>Triglyceride<\/strong><\/li>\n<li><strong>Hemogram<\/strong> : Kans\u0131zl\u0131k , Kan hastal\u0131klar\u0131n\u0131n ve kan h\u00fccrelerinin incelenmesi<\/li>\n<li><strong>Tam \u0130drar Tetkiki<\/strong> : B\u00f6brekler , idrar yollar\u0131 ve idrar torbas\u0131 hastal\u0131klar\u0131 tan\u0131s\u0131<\/li>\n<li><strong>Creatinine<\/strong> : B\u00f6brek fonksiyon testi<\/li>\n<li><strong>\u00dcRE<\/strong> : B\u00f6brek fonksiyon testi<\/li>\n<li><strong>Ferritin<\/strong> : Kan ve demir metabolizmas\u0131 hastal\u0131klar\u0131 tan\u0131s\u0131<\/li>\n<li><strong>Total<\/strong> <strong>Kolesterol <\/strong>: V\u00fcc\u00fcttaki ya\u011f oranlar\u0131n\u0131n \u00f6l\u00e7\u00fcm\u00fc<\/li>\n<li><strong>HDL Kolesterol<\/strong> : \u0130yi huylu kolesterol<\/li>\n<li><strong>LDL Kolesterol<\/strong> : K\u00f6t\u00fc huylu kolesterol<\/li>\n<li><strong>Elektrokardiografi<\/strong> : Kalp hastal\u0131klar\u0131 ve ritim bozukluklar\u0131 tan\u0131s\u0131<\/li>\n<li><strong>Ekokardiyografi ( EKO )<\/strong> : Kalp kas\u0131n\u0131n ve sinirsel iletim sisteminin \u00e7al\u0131\u015fmas\u0131n\u0131n incelenmesi<\/li>\n<li><strong>EFOR<\/strong> <strong>Treadmil<\/strong> : Kalp hastal\u0131klar\u0131n\u0131n tan\u0131s\u0131 .<\/li>\n<li><strong>Akci\u011fer<\/strong> <strong>Grafisi<\/strong> : Tek Y\u00f6nl\u00fc Akci\u011fer Filmi<\/li>\n<li><strong>CRP<\/strong> : Enfeksiyon has tal\u0131klar\u0131n tan\u0131s\u0131<\/li>\n<li><strong>ASO<\/strong> : Streptokok enfeksiyonu tan\u0131 ve takibi<\/li>\n<li><strong>RF (Romatoid fakt\u00f6r )<\/strong> : Romatoid artrit hastal\u0131\u011f\u0131n\u0131n tan\u0131 ve takibi<\/li>\n<li><strong>Troponin<\/strong>.<\/li>\n<li><strong>Magnesium<\/strong><\/li>\n<li><strong>Potassium<\/strong><\/li>\n<li><strong>Sodium<\/strong><\/li>\n<li><strong>Chlorine<\/strong><\/li>\n<li><strong>Bilirubin total<\/strong><\/li>\n<li><strong>Bilirubin direk <\/strong><\/li>\n<\/ul>","protected":false},"excerpt":{"rendered":"<p>Kardiyoloji muayenesi ALT : Karaci\u011fer fonksiyon testi AST : Karaci\u011fer fonksiyon testi ALP : Karaci\u011fer fonksiyon testi GGT:Karaci\u011fer fonksiyon testi Glukoz TSH :Tiroid hastal\u0131klar\u0131n\u0131n ve fonksiyonlar\u0131n tan\u0131 ve takibi Trigliserid Hemogram : Kans\u0131zl\u0131k , Kan hastal\u0131klar\u0131n\u0131n ve kan h\u00fccrelerinin incelenmesi Tam \u0130drar Tetkiki : B\u00f6brekler , idrar yollar\u0131 ve idrar torbas\u0131 hastal\u0131klar\u0131 tan\u0131s\u0131 Kreatinin :&#8230;<\/p>","protected":false},"author":1,"featured_media":0,"parent":0,"menu_order":0,"comment_status":"closed","ping_status":"closed","template":"","meta":{"footnotes":""},"aioseo_notices":[],"_links":{"self":[{"href":"https:\/\/medisunhastanesi.com\/en\/wp-json\/wp\/v2\/pages\/6659"}],"collection":[{"href":"https:\/\/medisunhastanesi.com\/en\/wp-json\/wp\/v2\/pages"}],"about":[{"href":"https:\/\/medisunhastanesi.com\/en\/wp-json\/wp\/v2\/types\/page"}],"author":[{"embeddable":true,"href":"https:\/\/medisunhastanesi.com\/en\/wp-json\/wp\/v2\/users\/1"}],"replies":[{"embeddable":true,"href":"https:\/\/medisunhastanesi.com\/en\/wp-json\/wp\/v2\/comments?post=6659"}],"version-history":[{"count":3,"href":"https:\/\/medisunhastanesi.com\/en\/wp-json\/wp\/v2\/pages\/6659\/revisions"}],"predecessor-version":[{"id":7693,"href":"https:\/\/medisunhastanesi.com\/en\/wp-json\/wp\/v2\/pages\/6659\/revisions\/7693"}],"wp:attachment":[{"href":"https:\/\/medisunhastanesi.com\/en\/wp-json\/wp\/v2\/media?parent=6659"}],"curies":[{"name":"wp","href":"https:\/\/api.w.org\/{rel}","templated":true}]}}