{"id":6583,"date":"2023-11-25T12:34:41","date_gmt":"2023-11-25T09:34:41","guid":{"rendered":"https:\/\/medisunhastanesi.com\/?page_id=6583"},"modified":"2023-11-25T12:37:43","modified_gmt":"2023-11-25T09:37:43","slug":"istenmeyen-olay-bildirim-sistemi","status":"publish","type":"page","link":"https:\/\/medisunhastanesi.com\/en\/istenmeyen-olay-bildirim-sistemi\/","title":{"rendered":"Unwanted Event Notification System"},"content":{"rendered":"<div data-elementor-type=\"wp-post\" data-elementor-id=\"6583\" class=\"elementor elementor-6583\" data-elementor-post-type=\"page\">\n\t\t\t\t\t\t<section class=\"elementor-section elementor-top-section elementor-element elementor-element-3f62513 elementor-section-boxed elementor-section-height-default elementor-section-height-default\" data-id=\"3f62513\" data-element_type=\"section\">\n\t\t\t\t\t\t<div class=\"elementor-container elementor-column-gap-default\">\n\t\t\t\t\t<div class=\"elementor-column elementor-col-50 elementor-top-column elementor-element elementor-element-e2a185e\" data-id=\"e2a185e\" data-element_type=\"column\">\n\t\t\t<div class=\"elementor-widget-wrap elementor-element-populated\">\n\t\t\t\t\t\t<div class=\"elementor-element elementor-element-d9777fa elementor-widget elementor-widget-rt-title\" data-id=\"d9777fa\" data-element_type=\"widget\" data-widget_type=\"rt-title.default\">\n\t\t\t\t<div class=\"elementor-widget-container\">\n\t\t\t\t\t\r\n\t<div class=\"rt-el-title section-heading heading-dark text-center heading-layout1 style1 theme1\">\r\n\t\t<h2 class=\"rtin-title\">Turkey Patient Safety<\/h2>\r\n\t\t\t\t\t\t<p class=\"rtin-subtitle\">For Notification System<\/p>\r\n\t\t\t\t<\/div>\r\n\t\t\t\t\t<\/div>\n\t\t\t\t<\/div>\n\t\t\t\t<div class=\"elementor-element elementor-element-56f8d57 elementor-widget elementor-widget-rt-button\" data-id=\"56f8d57\" data-element_type=\"widget\" data-widget_type=\"rt-button.default\">\n\t\t\t\t<div class=\"elementor-widget-container\">\n\t\t\t\t\t\r\n<div class=\"btn-layout-1\">\r\n\t\t\t<div class=\"item-button\">\r\n\t\t\t<a class=\"item-btn\" href=\"https:\/\/hgbs.saglik.gov.tr\/\">Click Here<i class=\"fas fa-angle-right\"><\/i><\/a>\t\t<\/div>\r\n\t<\/div>\t\t\t\t<\/div>\n\t\t\t\t<\/div>\n\t\t\t\t\t<\/div>\n\t\t<\/div>\n\t\t\t\t<div class=\"elementor-column elementor-col-50 elementor-top-column elementor-element elementor-element-da6137a\" data-id=\"da6137a\" data-element_type=\"column\">\n\t\t\t<div class=\"elementor-widget-wrap elementor-element-populated\">\n\t\t\t\t\t\t<div class=\"elementor-element elementor-element-7dadba2 elementor-widget elementor-widget-rt-title\" data-id=\"7dadba2\" data-element_type=\"widget\" data-widget_type=\"rt-title.default\">\n\t\t\t\t<div class=\"elementor-widget-container\">\n\t\t\t\t\t\r\n\t<div class=\"rt-el-title section-heading heading-dark text-center heading-layout1 style1 theme1\">\r\n\t\t<h2 class=\"rtin-title\">Employee Safety in Healthcare in Turkey<\/h2>\r\n\t\t\t\t\t\t<p class=\"rtin-subtitle\">For Notification System<\/p>\r\n\t\t\t\t<\/div>\r\n\t\t\t\t\t<\/div>\n\t\t\t\t<\/div>\n\t\t\t\t<div class=\"elementor-element elementor-element-01cd29f elementor-widget elementor-widget-rt-button\" data-id=\"01cd29f\" data-element_type=\"widget\" data-widget_type=\"rt-button.default\">\n\t\t\t\t<div class=\"elementor-widget-container\">\n\t\t\t\t\t\r\n<div class=\"btn-layout-1\">\r\n\t\t\t<div class=\"item-button\">\r\n\t\t\t<a class=\"item-btn\" href=\"https:\/\/cgbs.saglik.gov.tr\/\">Click Here<i class=\"fas fa-angle-right\"><\/i><\/a>\t\t<\/div>\r\n\t<\/div>\t\t\t\t<\/div>\n\t\t\t\t<\/div>\n\t\t\t\t\t<\/div>\n\t\t<\/div>\n\t\t\t\t\t<\/div>\n\t\t<\/section>\n\t\t\t\t<section class=\"elementor-section elementor-top-section elementor-element elementor-element-b43df7b elementor-section-boxed elementor-section-height-default elementor-section-height-default\" data-id=\"b43df7b\" data-element_type=\"section\">\n\t\t\t\t\t\t<div class=\"elementor-container elementor-column-gap-default\">\n\t\t\t\t\t<div class=\"elementor-column elementor-col-100 elementor-top-column elementor-element elementor-element-eaba38b\" data-id=\"eaba38b\" data-element_type=\"column\">\n\t\t\t<div class=\"elementor-widget-wrap elementor-element-populated\">\n\t\t\t\t\t\t<div class=\"elementor-element elementor-element-41bdd23 elementor-widget elementor-widget-spacer\" data-id=\"41bdd23\" data-element_type=\"widget\" data-widget_type=\"spacer.default\">\n\t\t\t\t<div class=\"elementor-widget-container\">\n\t\t\t\t\t\t\t<div class=\"elementor-spacer\">\n\t\t\t<div class=\"elementor-spacer-inner\"><\/div>\n\t\t<\/div>\n\t\t\t\t\t\t<\/div>\n\t\t\t\t<\/div>\n\t\t\t\t\t<\/div>\n\t\t<\/div>\n\t\t\t\t\t<\/div>\n\t\t<\/section>\n\t\t\t\t<\/div>","protected":false},"excerpt":{"rendered":"<p>T\u00fcrkiye Hasta G\u00fcvenli\u011fi Bildirim Sistemi i\u00e7in Buraya T\u0131klay\u0131n T\u00fcrkiye Sa\u011fl\u0131kta \u00c7al\u0131\u015fan G\u00fcvenli\u011fi Bildirim Sistemi i\u00e7in Buraya T\u0131klay\u0131n<\/p>","protected":false},"author":1,"featured_media":0,"parent":0,"menu_order":0,"comment_status":"closed","ping_status":"closed","template":"","meta":{"footnotes":""},"aioseo_notices":[],"_links":{"self":[{"href":"https:\/\/medisunhastanesi.com\/en\/wp-json\/wp\/v2\/pages\/6583"}],"collection":[{"href":"https:\/\/medisunhastanesi.com\/en\/wp-json\/wp\/v2\/pages"}],"about":[{"href":"https:\/\/medisunhastanesi.com\/en\/wp-json\/wp\/v2\/types\/page"}],"author":[{"embeddable":true,"href":"https:\/\/medisunhastanesi.com\/en\/wp-json\/wp\/v2\/users\/1"}],"replies":[{"embeddable":true,"href":"https:\/\/medisunhastanesi.com\/en\/wp-json\/wp\/v2\/comments?post=6583"}],"version-history":[{"count":0,"href":"https:\/\/medisunhastanesi.com\/en\/wp-json\/wp\/v2\/pages\/6583\/revisions"}],"wp:attachment":[{"href":"https:\/\/medisunhastanesi.com\/en\/wp-json\/wp\/v2\/media?parent=6583"}],"curies":[{"name":"wp","href":"https:\/\/api.w.org\/{rel}","templated":true}]}}