{"id":6554,"date":"2023-11-23T15:16:57","date_gmt":"2023-11-23T12:16:57","guid":{"rendered":"https:\/\/medisunhastanesi.com\/?page_id=6554"},"modified":"2024-08-27T00:55:31","modified_gmt":"2024-08-26T21:55:31","slug":"kalite-yonetimimiz","status":"publish","type":"page","link":"https:\/\/medisunhastanesi.com\/en\/kalite-yonetimimiz\/","title":{"rendered":"Quality Management"},"content":{"rendered":"<div data-elementor-type=\"wp-post\" data-elementor-id=\"6554\" class=\"elementor elementor-6554\" data-elementor-post-type=\"page\">\n\t\t\t\t\t\t<section class=\"elementor-section elementor-top-section elementor-element elementor-element-43db86b elementor-section-boxed elementor-section-height-default elementor-section-height-default\" data-id=\"43db86b\" data-element_type=\"section\">\n\t\t\t\t\t\t<div class=\"elementor-container elementor-column-gap-default\">\n\t\t\t\t\t<div class=\"elementor-column elementor-col-100 elementor-top-column elementor-element elementor-element-8d9d2be\" data-id=\"8d9d2be\" data-element_type=\"column\">\n\t\t\t<div class=\"elementor-widget-wrap elementor-element-populated\">\n\t\t\t\t\t\t<div class=\"elementor-element elementor-element-c94baef elementor-widget elementor-widget-rt-title\" data-id=\"c94baef\" data-element_type=\"widget\" data-widget_type=\"rt-title.default\">\n\t\t\t\t<div class=\"elementor-widget-container\">\n\t\t\t\t\t\r\n\t<div class=\"rt-el-title section-heading heading-dark text-center heading-layout1 style1 theme1\">\r\n\t\t<h2 class=\"rtin-title\">About Quality Management<\/h2>\r\n\t\t\t<\/div>\r\n\t\t\t\t\t<\/div>\n\t\t\t\t<\/div>\n\t\t\t\t<div class=\"elementor-element elementor-element-da14cdb elementor-widget elementor-widget-image\" data-id=\"da14cdb\" data-element_type=\"widget\" data-widget_type=\"image.default\">\n\t\t\t\t<div class=\"elementor-widget-container\">\n\t\t\t\t\t\t\t\t\t\t\t\t\t\t\t<img fetchpriority=\"high\" decoding=\"async\" width=\"1024\" height=\"681\" src=\"https:\/\/medisunhastanesi.com\/wp-content\/uploads\/2024\/07\/stock_45health-care-insurance-concept-doctor-online-technology-medical-health-care-insurance-concept-1024x681.webp\" class=\"attachment-large size-large wp-image-7483\" alt=\"\" srcset=\"https:\/\/medisunhastanesi.com\/wp-content\/uploads\/2024\/07\/stock_45health-care-insurance-concept-doctor-online-technology-medical-health-care-insurance-concept-1024x681.webp 1024w, https:\/\/medisunhastanesi.com\/wp-content\/uploads\/2024\/07\/stock_45health-care-insurance-concept-doctor-online-technology-medical-health-care-insurance-concept-300x200.webp 300w, https:\/\/medisunhastanesi.com\/wp-content\/uploads\/2024\/07\/stock_45health-care-insurance-concept-doctor-online-technology-medical-health-care-insurance-concept-1536x1022.webp 1536w, https:\/\/medisunhastanesi.com\/wp-content\/uploads\/2024\/07\/stock_45health-care-insurance-concept-doctor-online-technology-medical-health-care-insurance-concept-2048x1363.webp 2048w, https:\/\/medisunhastanesi.com\/wp-content\/uploads\/2024\/07\/stock_45health-care-insurance-concept-doctor-online-technology-medical-health-care-insurance-concept-18x12.webp 18w\" sizes=\"(max-width: 1024px) 100vw, 1024px\" \/>\t\t\t\t\t\t\t\t\t\t\t\t\t\t\t<\/div>\n\t\t\t\t<\/div>\n\t\t\t\t<div class=\"elementor-element elementor-element-a669bdd elementor-widget elementor-widget-text-editor\" data-id=\"a669bdd\" data-element_type=\"widget\" data-widget_type=\"text-editor.default\">\n\t\t\t\t<div class=\"elementor-widget-container\">\n\t\t\t\t\t\t\t\t\t<p>Private Medisun \u00c7ayyolu Hospital provides high quality health services in line with the Ministry of Health Quality Standards in Health. Our hospital implements quality management processes by showing continuous improvements.<\/p><p>OUR WORKING PRINCIPLES AS QUALITY DEPARTMENT<br \/>It is aimed to realize fast and accurate diagnosis and treatment by using modern and advanced technology. It is the responsibility of all employees, especially the senior management, to ensure the continuous improvement of the system by working in accordance with the requirements of our Hospital Quality Management System.<br \/>In our organization, Quality Management System studies are accepted as an activity that must be carried out by all units and all employees. Accordingly, continuous trainings are organized and implemented to ensure that all employees are informed about Quality Management and quality improvements. Employees are encouraged to participate in quality studies.<br \/>Processes are determined to continuously improve satisfaction by measuring the expectations and requests of patients, their relatives and contracted institutions. Improvement activities that measure the performance of these processes are planned.<br \/>In order to improve service quality, good relations are established with cooperating companies and their performance is continuously measured to ensure faster, more economical and higher quality service.<\/p><p>Our Quality Policy<br \/>\uf0fc To provide quality health services with the infrastructure, knowledge and human resources required by modern medicine<br \/>\uf0fc To continue to work in accordance with quality standards in line with corporate objectives<br \/>\uf0fc To provide uninterrupted health services with timely, appropriate, competent and sufficient resources to achieve strategic goals in the light of corporate objectives <br \/>\uf0fc To provide quality service by observing national and international patient and employee safety targets<br \/>\uf0fc Ensuring patient, patient relatives and employee satisfaction and meeting expectations<br \/>\uf0fc To adopt the philosophy of lifelong education to increase the quality of employees and support the health of patients and their relatives<br \/>\uf0fc To contribute to activities to protect and improve the health of the society in accordance with its objectives<br \/>\uf0fc Not compromising on the requirements of the Quality Management System and implementing the current one<br \/>\uf0fc To increase efficiency in line with the objectives by ensuring the compliance of processes and improving their effectiveness<br \/>\uf0fc Ensuring continuous improvement<br \/>\uf0fc Accountability.<br \/>Our Duties as Quality<br \/>\uf0fc Monitoring national and international standards, implementing the current ones in line with the objectives<br \/>\uf0fc To carry out all its activities in accordance with the legislation, standards and objectives of the institution and to ensure its traceability <br \/>\uf0fc To ensure the coordination of employees within the framework of legislation, standards and objectives, to monitor, provide feedback and ensure improvements<br \/>\uf0fc To monitor, evaluate and coordinate corporate macro and micro targets and key performance indicators <br \/>\uf0fc Maintaining improvements in line with self-assessments, ensuring employee participation and development<br \/>\uf0fc To evaluate patient and employee satisfaction, to maintain improvements, to ensure the protection of rights and responsibilities<br \/>\uf0fc To monitor, analyze and maintain improvements in patient and employee safety practices<br \/>\uf0fc To monitor the impact of decisions and ensure participation by maintaining internal governance. <br \/>In this sense;<br \/>- Our priority is to keep satisfaction at the highest level by meeting the expectations of patients and their relatives,<br \/>- To continuously improve our quality management system with a contemporary management approach,<br \/>- To provide honest quality healthcare services by continuously improving the trust of patients, suppliers and all employees in the organization,<br \/>- Enabling team spirit in the improvement and development process by supporting our employees with continuous training,<br \/>- To provide a friendly, sincere and respectful working environment that employees are proud of,<br \/>- Using our resources effectively,<br \/>- Respect for the environment,<br \/>- To be the most respected and reliable hospital in our region.<br \/>Quality Management System<br \/>Our hospital continues to work on patient and employee safety monitoring and measurement studies and continuous improvement.<\/p><p>Benefits of Quality Management System:<br \/>- Cost and time savings<br \/>- Patient-oriented service delivery<br \/>- Fewer patient\/caregiver - employee complaints<br \/>- Optimal use of resources<br \/>- Healthy information flow<br \/>- Ease of management<br \/>- Providing quality patient care<br \/>- Creation of leadership awareness among staff to develop and improve quality<br \/>- Ensure continuous improvement<br \/>- Ensuring the continuity of training activities<\/p><p>Quality Management Principles<br \/>Patient Orientation<br \/>Our hospital must understand and strive to exceed current and future patient needs and expectations.<br \/>Leadership<br \/>Leaders set the purpose and direction of the organization. In order to achieve the goals of the organization, an environment must be created to ensure the participation of people.<br \/>Involvement of Individuals<br \/>Employees are the foundation of an organization. Their full involvement in the work enables them to use their talents for the benefit of the organization.<br \/>Process Approach<br \/>If appropriate resources and activities are managed as a process, the desired results can be achieved more effectively.<br \/>System Approach in Management<br \/>Identifying, understanding and managing the system in which interrelated processes are created for a specific purpose increases the effectiveness and efficiency of the organization.<br \/>Continuous Improvement<br \/>Continuous improvement should be the organization's most enduring goal.<br \/>Realistic Approach to Decision Making<br \/>Effective decision making depends on analyzing data and information.<br \/>Mutually Beneficial Supplier Relationships<br \/>Although the organization and its suppliers are independent from each other, a mutually beneficial relationship creates value. Total Quality Management, which provides a great competitive power and superiority in organizations, is successful in ensuring dynamism and development in the organization if the principles mentioned above are adopted and implemented.<\/p><p><img decoding=\"async\" class=\"wp-image-7540 aligncenter\" src=\"https:\/\/medisunhastanesi.com\/wp-content\/uploads\/2024\/08\/kalite-252x300.jpg\" alt=\"\" width=\"1076\" height=\"1281\" srcset=\"https:\/\/medisunhastanesi.com\/wp-content\/uploads\/2024\/08\/kalite-252x300.jpg 252w, https:\/\/medisunhastanesi.com\/wp-content\/uploads\/2024\/08\/kalite-859x1024.jpg 859w, https:\/\/medisunhastanesi.com\/wp-content\/uploads\/2024\/08\/kalite-10x12.jpg 10w\" sizes=\"(max-width: 1076px) 100vw, 1076px\" \/><\/p>\t\t\t\t\t\t\t\t<\/div>\n\t\t\t\t<\/div>\n\t\t\t\t<div class=\"elementor-element elementor-element-db535a6 elementor-widget elementor-widget-rt-button\" data-id=\"db535a6\" data-element_type=\"widget\" data-widget_type=\"rt-button.default\">\n\t\t\t\t<div class=\"elementor-widget-container\">\n\t\t\t\t\t\r\n<div class=\"btn-layout-1\">\r\n\t\t\t<div class=\"item-button\">\r\n\t\t\t<a class=\"item-btn\" href=\"https:\/\/medisunhastanesi.com\/en\/bize-ulasin\/\">Contact us<i class=\"fas fa-angle-right\"><\/i><\/a>\t\t<\/div>\r\n\t<\/div>\t\t\t\t<\/div>\n\t\t\t\t<\/div>\n\t\t\t\t\t<\/div>\n\t\t<\/div>\n\t\t\t\t\t<\/div>\n\t\t<\/section>\n\t\t\t\t<\/div>","protected":false},"excerpt":{"rendered":"<p>Kalite Y\u00f6netimimiz Hakk\u0131nda \u00d6zel Medisun \u00c7ayyolu Hastanesi; T.C. Sa\u011fl\u0131k Bakanl\u0131\u011f\u0131 Sa\u011fl\u0131kta Kalite Standartlar\u0131 do\u011frultusunda y\u00fcksek kalite sa\u011fl\u0131k hizmeti sunmaktad\u0131r. Hastanemiz kalite y\u00f6netim s\u00fcre\u00e7lerini s\u00fcrekli iyile\u015ftirmeler g\u00f6stererek uygulamaktad\u0131r. KAL\u0130TE B\u00d6L\u00dcM\u00dc OLARAK \u00c7ALI\u015eMA PRENS\u0130PLER\u0130M\u0130Z\u00c7a\u011fda\u015f ve geli\u015fmi\u015f teknoloji kullan\u0131larak h\u0131zl\u0131 ve do\u011fru tan\u0131 ile tedaviyi ger\u00e7ekle\u015ftirmek hedeflenir. Hastanemiz Kalite Y\u00f6netim Sistemi, \u015fartlar\u0131na uygun \u015fekilde \u00e7al\u0131\u015farak sistemin s\u00fcrekli iyile\u015ftirilmesini&#8230;<\/p>","protected":false},"author":1,"featured_media":0,"parent":0,"menu_order":0,"comment_status":"closed","ping_status":"closed","template":"","meta":{"footnotes":""},"aioseo_notices":[],"_links":{"self":[{"href":"https:\/\/medisunhastanesi.com\/en\/wp-json\/wp\/v2\/pages\/6554"}],"collection":[{"href":"https:\/\/medisunhastanesi.com\/en\/wp-json\/wp\/v2\/pages"}],"about":[{"href":"https:\/\/medisunhastanesi.com\/en\/wp-json\/wp\/v2\/types\/page"}],"author":[{"embeddable":true,"href":"https:\/\/medisunhastanesi.com\/en\/wp-json\/wp\/v2\/users\/1"}],"replies":[{"embeddable":true,"href":"https:\/\/medisunhastanesi.com\/en\/wp-json\/wp\/v2\/comments?post=6554"}],"version-history":[{"count":12,"href":"https:\/\/medisunhastanesi.com\/en\/wp-json\/wp\/v2\/pages\/6554\/revisions"}],"predecessor-version":[{"id":7543,"href":"https:\/\/medisunhastanesi.com\/en\/wp-json\/wp\/v2\/pages\/6554\/revisions\/7543"}],"wp:attachment":[{"href":"https:\/\/medisunhastanesi.com\/en\/wp-json\/wp\/v2\/media?parent=6554"}],"curies":[{"name":"wp","href":"https:\/\/api.w.org\/{rel}","templated":true}]}}