{"id":7609,"date":"2025-02-13T14:28:10","date_gmt":"2025-02-13T11:28:10","guid":{"rendered":"https:\/\/medisunhastanesi.com\/?page_id=7609"},"modified":"2025-02-13T15:22:34","modified_gmt":"2025-02-13T12:22:34","slug":"gebe-okulu","status":"publish","type":"page","link":"https:\/\/medisunhastanesi.com\/de\/gebe-okulu\/","title":{"rendered":"Schule f\u00fcr Schwangere"},"content":{"rendered":"<p><strong>Schule f\u00fcr Schwangere Wir begleiten Sie auf Ihrem Weg der Vorbereitung auf das Leben!<\/strong><\/p>\n\n\n\n<p><strong>Liebe Mama- und Papa-Kandidaten,<\/strong><\/p>\n\n\n\n<p>Die Schwangerschaft ist eine der sch\u00f6nsten und wundersamsten Phasen Ihres Lebens. In dieser Zeit erleben Sie viele Ver\u00e4nderungen, sowohl k\u00f6rperlich als auch seelisch. Als Schwangerenschule sind wir hier, um Sie auf dieser aufregenden Reise zu begleiten und Sie dabei zu unterst\u00fctzen, eine bewusste und gesunde Schwangerschaft zu erleben.<\/p>\n\n\n\n<p><strong>Unser Ziel<\/strong><\/p>\n\n\n\n<ul>\n<li>Sicherstellung, dass alle schwangeren Frauen \u00fcber Fragen im Zusammenhang mit der Schwangerschaft, der Geburt und der Zeit nach der Geburt informiert werden<\/li>\n\n\n\n<li>Vorbereitung der werdenden Mutter auf die Geburt<\/li>\n\n\n\n<li>Schwangeren M\u00fcttern die Angst vor der Geburt nehmen<\/li>\n\n\n\n<li>Um sicherzustellen, dass werdende M\u00fctter bewusst geb\u00e4ren<\/li>\n\n\n\n<li>Erwerb von Kenntnissen und F\u00e4higkeiten \u00fcber normale Wehen, Schmerzbehandlung und \u00dcbernahme neuer Rollen<\/li>\n\n\n\n<li>Erwerb von Kenntnissen und F\u00e4higkeiten in den Bereichen Wochenbett, Wochenbettprozess, Neugeborenenprozess, Babypflege, Muttermilch und Stillen.<\/li>\n<\/ul>\n\n\n\n<p><strong>Was ist eine Schwangerenschule?<\/strong><\/p>\n\n\n\n<p>Die Schwangerschaftsschule ist ein Schulungsprogramm, das von erfahrenen Experten durchgef\u00fchrt wird, die werdende M\u00fctter und V\u00e4ter \u00fcber Schwangerschaft, Geburt und postnatale Prozesse informieren. Unser Ziel ist es, Ihnen zu helfen, Ihre Schwangerschaft auf angenehme und sichere Weise zu verbringen, indem wir Sie mit genauen und aktuellen Informationen versorgen.<\/p>\n\n\n\n<p><strong>Was sind die Vorteile einer Schwangerschaftsschule?<\/strong><\/p>\n\n\n\n<p>Die Vorteile des Besuchs der Schwangerenschule sind vielf\u00e4ltig:<\/p>\n\n\n\n<ul>\n<li><strong>Bewusst schwanger werden:<\/strong>\u00a0Sie werden die Ver\u00e4nderungen in Ihrem K\u00f6rper w\u00e4hrend der Schwangerschaft verstehen und die Entwicklung Ihres Babys genau verfolgen k\u00f6nnen.<\/li>\n\n\n\n<li><strong>Richtige Ern\u00e4hrung und k\u00f6rperliche Bet\u00e4tigung:<\/strong>\u00a0Sie werden verstehen, wie wichtig eine gesunde Ern\u00e4hrung und regelm\u00e4\u00dfige Bewegung w\u00e4hrend der Schwangerschaft sind, und Sie werden in der Lage sein, die richtigen Entscheidungen f\u00fcr sich und Ihr Baby zu treffen.<\/li>\n\n\n\n<li><strong>Vorbereitung auf den Geburtsvorgang:<\/strong>\u00a0Sie lernen die Phasen der Geburt kennen, die Entspannungstechniken, die Sie w\u00e4hrend der Geburt anwenden k\u00f6nnen, und Sie werden besser vorbereitet in die Geburt gehen, indem Sie Ihre Geburts\u00e4ngste \u00fcberwinden.<\/li>\n\n\n\n<li><strong>Postnatale Betreuung:<\/strong>\u00a0Sie erhalten Informationen \u00fcber Babypflege, Stillen und Wochenbett und k\u00f6nnen die Zeit nach der Geburt leichter bew\u00e4ltigen.<\/li>\n\n\n\n<li><strong>St\u00e4rkung der Mutter-S\u00e4uglings-Bindung:<\/strong>\u00a0Sie st\u00e4rken die Bindung, die Sie vor und nach der Geburt zu Ihrem Baby aufbauen werden, und k\u00f6nnen seine Bed\u00fcrfnisse besser verstehen.<\/li>\n\n\n\n<li><strong>Unterst\u00fctzendes Umfeld:<\/strong>\u00a0Sie werden andere werdende M\u00fctter und V\u00e4ter kennen lernen, Ihre Erfahrungen austauschen und ein Umfeld finden, in dem Sie sich gegenseitig unterst\u00fctzen k\u00f6nnen.<\/li>\n\n\n\n<li><strong>Gelegenheit, Informationen von Experten zu erhalten:<\/strong>\u00a0Sie haben die M\u00f6glichkeit, sich direkt zu informieren und Antworten auf Ihre Fragen von Fach\u00e4rzten, Hebammen, Physiotherapeuten und Ern\u00e4hrungsberatern zu erhalten.<\/li>\n\n\n\n<li><strong>Abbau von Stress und \u00c4ngsten:<\/strong>\u00a0Sie werden den Stress und die \u00c4ngste, die durch die Ungewissheit der Schwangerschaft verursacht werden, reduzieren und sich mehr auf sich selbst und Ihr Baby konzentrieren k\u00f6nnen.<\/li>\n\n\n\n<li><strong>Aktive Teilnahme an der Entbindung:<\/strong>\u00a0Sie werden in der Lage sein, eine aktive Rolle im Geburtsprozess zu \u00fcbernehmen, Ihre Geburtspr\u00e4ferenzen zu bestimmen und besser mit dem Geburtsteam zu kommunizieren.<\/li>\n\n\n\n<li><strong>Investieren Sie in sich selbst und Ihr Baby:<\/strong>\u00a0Mit der Teilnahme an der Schwangerschaftsschule t\u00e4tigen Sie eine der wertvollsten Investitionen, die Sie f\u00fcr sich und Ihr Baby t\u00e4tigen k\u00f6nnen.<\/li>\n<\/ul>\n\n\n\n<p><strong>Was beinhaltet unser Schulprogramm f\u00fcr Schwangere?<\/strong><\/p>\n\n\n\n<p><strong>Inhalt unseres Schulprogramms f\u00fcr Schwangere (\u00dcbersicht):<\/strong><\/p>\n\n\n\n<p>Unser Programm der Schwangerschaftsschule hat einen umfassenden Inhalt, um Sie in jeder Phase Ihrer Schwangerschaft zu unterst\u00fctzen. Einige der wichtigsten Themen, die in unserem Programm behandelt werden, sind:<\/p>\n\n\n\n<ul>\n<li><strong>Prozess der Schwangerschaft:<\/strong>\u00a0Physiologie der Schwangerschaft, Symptome, Ver\u00e4nderungen je nach Trimester und Risikofaktoren.<\/li>\n\n\n\n<li><strong>Ern\u00e4hrung und Bewegung:<\/strong>\u00a0Gesunde Ern\u00e4hrung, Gewichtskontrolle, Bewegungsempfehlungen und Dinge, die w\u00e4hrend der Schwangerschaft zu beachten sind.<\/li>\n\n\n\n<li><strong>Bew\u00e4ltigung von Wehen und Geburtsschmerzen:<\/strong>\u00a0Stadien der Geburt, Atemtechniken bei der Geburt, Entspannungsmethoden, Massage und andere Methoden zur Schmerzbehandlung.<\/li>\n\n\n\n<li><strong>Babypflege<\/strong>\u00a0Pflege von Neugeborenen, Stilltechniken, Babybad, Schlafverhalten und Sicherheit.<\/li>\n\n\n\n<li><strong>Puerperium<\/strong>\u00a0Physiologie des Wochenbetts, Gesundheit der Mutter, Stillprobleme und L\u00f6sungen, postpartale Depression.<\/li>\n\n\n\n<li><strong>Beziehung zwischen Mutter und Kind:<\/strong>\u00a0Wie Sie eine Bindung zu Ihrem Baby aufbauen, mit ihm kommunizieren, spielen und seine emotionale Entwicklung f\u00f6rdern k\u00f6nnen.<\/li>\n<\/ul>\n\n\n\n<p><strong>So melden Sie sich f\u00fcr die Schwangerschaftsschule an<\/strong><\/p>\n\n\n\n<ul>\n<li>Um sich f\u00fcr unsere Schwangerschaftsschule anzumelden, k\u00f6nnen Sie Ihre Kontaktinformationen und Ihre Anfrage \u00fcber die Registerkarte Kontakt auf unserer Website eingeben, das Online-Anmeldeformular ausf\u00fcllen oder <a href=\"tel:444%207%20600\">444 7 600<\/a>-201- <a href=\"tel:0312%20236%2010%2001\">0312 236 10 01<\/a> Sie k\u00f6nnen uns unter unserer Telefonnummer erreichen. Sie k\u00f6nnen uns auch \u00fcber unsere Social-Media-Konten erreichen. <strong>Denken Sie daran: Eine bewusste Schwangerschaft bedeutet ein gesundes Baby!<\/strong><\/li>\n<\/ul>\n\n\n\n<p><strong>Wir hei\u00dfen Sie auch in unserer Schwangerenschule willkommen.<\/strong><\/p>\n\n\n\n<p><strong>Wir w\u00fcnschen Ihnen eine gesunde und gl\u00fcckliche Schwangerschaft!<\/strong><\/p>\n\n\n\n<p><strong>Hinweis <\/strong>Schwangere Frauen ab der 12. Schwangerschaftswoche k\u00f6nnen zusammen mit ihren Partnern oder Angeh\u00f6rigen an unserem Schulungsprogramm teilnehmen. Unser Schulungsprogramm ist kostenlos.<\/p>","protected":false},"excerpt":{"rendered":"<p>Gebe Okulu: Hayata Haz\u0131rl\u0131k Yolculu\u011funuzda Yan\u0131n\u0131zday\u0131z! De\u011ferli Anne ve Baba Adaylar\u0131, Gebelik, hayat\u0131n\u0131z\u0131n en \u00f6zel ve mucizevi d\u00f6nemlerinden biridir. Bu d\u00f6nemde hem fiziksel hem de duygusal olarak bir\u00e7ok de\u011fi\u015fim ya\u015fars\u0131n\u0131z. Gebe Okulu olarak, bu heyecanl\u0131 yolculu\u011funuzda sizlere rehberlik etmek, bilin\u00e7li ve sa\u011fl\u0131kl\u0131 bir gebelik ge\u00e7irmenize destek olmak i\u00e7in buraday\u0131z. Amac\u0131m\u0131z Gebe Okulu Nedir? Gebe Okulu,&#8230;<\/p>","protected":false},"author":1,"featured_media":0,"parent":0,"menu_order":0,"comment_status":"closed","ping_status":"closed","template":"","meta":{"footnotes":""},"aioseo_notices":[],"_links":{"self":[{"href":"https:\/\/medisunhastanesi.com\/de\/wp-json\/wp\/v2\/pages\/7609"}],"collection":[{"href":"https:\/\/medisunhastanesi.com\/de\/wp-json\/wp\/v2\/pages"}],"about":[{"href":"https:\/\/medisunhastanesi.com\/de\/wp-json\/wp\/v2\/types\/page"}],"author":[{"embeddable":true,"href":"https:\/\/medisunhastanesi.com\/de\/wp-json\/wp\/v2\/users\/1"}],"replies":[{"embeddable":true,"href":"https:\/\/medisunhastanesi.com\/de\/wp-json\/wp\/v2\/comments?post=7609"}],"version-history":[{"count":3,"href":"https:\/\/medisunhastanesi.com\/de\/wp-json\/wp\/v2\/pages\/7609\/revisions"}],"predecessor-version":[{"id":7614,"href":"https:\/\/medisunhastanesi.com\/de\/wp-json\/wp\/v2\/pages\/7609\/revisions\/7614"}],"wp:attachment":[{"href":"https:\/\/medisunhastanesi.com\/de\/wp-json\/wp\/v2\/media?parent=7609"}],"curies":[{"name":"wp","href":"https:\/\/api.w.org\/{rel}","templated":true}]}}