{"id":6675,"date":"2023-11-28T15:04:03","date_gmt":"2023-11-28T12:04:03","guid":{"rendered":"https:\/\/medisunhastanesi.com\/?page_id=6675"},"modified":"2026-02-27T14:16:55","modified_gmt":"2026-02-27T11:16:55","slug":"kadin-check-up-vip","status":"publish","type":"page","link":"https:\/\/medisunhastanesi.com\/de\/kadin-check-up-vip\/","title":{"rendered":"\u00c7ocuk Check-UP"},"content":{"rendered":"<ul>\n<li><strong>\u00c7ocuk Hastal\u0131klar\u0131 Muayenesi <\/strong><\/li>\n<li><strong>Glukoz<\/strong><\/li>\n<li><strong>ALT<\/strong> : Karaci\u011fer fonksiyon testi<\/li>\n<li><strong>AST<\/strong> : Karaci\u011fer fonksiyon testi<\/li>\n<li><strong>ALP<\/strong> : Karaci\u011fer , kemik hastal\u0131klar\u0131n\u0131n tan\u0131 ve takibi<\/li>\n<li><strong>\u00dcrik Asit<\/strong> : Protein metabolizmas\u0131 ve gut hastal\u0131\u011f\u0131 tan\u0131s\u0131<\/li>\n<li><strong>TSH<\/strong> : Tiroid hastal\u0131klar\u0131n\u0131n ve fonksiyonlar\u0131n tan\u0131 ve takibi<\/li>\n<li><strong>T4<\/strong> : Tiroid guatr hastal\u0131klar\u0131n\u0131n tan\u0131s\u0131<\/li>\n<li><strong>Hemogram<\/strong> : Kans\u0131zl\u0131k , Kan hastal\u0131klar\u0131n\u0131n ve kan h\u00fccrelerinin incelenmesi<\/li>\n<li><strong>Tam \u0130drar Tetkiki<\/strong> : B\u00f6brekler , idrar yollar\u0131 ve idrar torbas\u0131 hastal\u0131klar\u0131 tan\u0131s\u0131<\/li>\n<li><strong>Kalsiyum<\/strong> : Kemik ve kalsiyum metabolizmas\u0131 tan\u0131 ve takibi<\/li>\n<li><strong>Kreatinin<\/strong> : B\u00f6brek fonksiyon testi<\/li>\n<li><strong>\u00dcRE<\/strong> : B\u00f6brek fonksiyon testi<\/li>\n<li><strong>Demir<\/strong> : Kan ve demir metabolizmas\u0131 hastal\u0131klar\u0131n\u0131n tan\u0131s\u0131<\/li>\n<li><strong>Demir Ba\u011flama Kapasitesi<\/strong> : Kan ve demir metabolizmas\u0131 hastal\u0131klar\u0131n\u0131n tan\u0131s\u0131<\/li>\n<li><strong>Ferritin<\/strong> : Kan ve demir metabolizmas\u0131 hastal\u0131klar\u0131 tan\u0131s\u0131<\/li>\n<li><strong>25-OH Vit D3<\/strong> : Vitamin D hastal\u0131klar\u0131n\u0131n tan\u0131 ve takibi<\/li>\n<li><strong>Vitamin B12<\/strong> : Kans\u0131zl\u0131k ve baz\u0131 sinir sistemi rahats\u0131zl\u0131klar\u0131 tan\u0131s\u0131<\/li>\n<li><strong>CRP<\/strong><\/li>\n<li><strong>Protein<\/strong><\/li>\n<li><strong>Sodyum<\/strong><\/li>\n<li><strong>Potasyum<\/strong><\/li>\n<li><strong>Klor<\/strong><\/li>\n<li><strong>Folik asit<\/strong><\/li>\n<li><strong>Bilirubin total<\/strong><\/li>\n<li><strong>Bilrubin direk<\/strong><\/li>\n<li><strong>LDH<\/strong><\/li>\n<li><strong>Albumin<\/strong><\/li>\n<\/ul>","protected":false},"excerpt":{"rendered":"<p>\u00c7ocuk Hastal\u0131klar\u0131 Muayenesi Glukoz ALT : Karaci\u011fer fonksiyon testi AST : Karaci\u011fer fonksiyon testi ALP : Karaci\u011fer , kemik hastal\u0131klar\u0131n\u0131n tan\u0131 ve takibi \u00dcrik Asit : Protein metabolizmas\u0131 ve gut hastal\u0131\u011f\u0131 tan\u0131s\u0131 TSH : Tiroid hastal\u0131klar\u0131n\u0131n ve fonksiyonlar\u0131n tan\u0131 ve takibi T4 : Tiroid guatr hastal\u0131klar\u0131n\u0131n tan\u0131s\u0131 Hemogram : Kans\u0131zl\u0131k , Kan hastal\u0131klar\u0131n\u0131n ve kan&#8230;<\/p>","protected":false},"author":1,"featured_media":0,"parent":0,"menu_order":0,"comment_status":"closed","ping_status":"closed","template":"","meta":{"footnotes":""},"aioseo_notices":[],"_links":{"self":[{"href":"https:\/\/medisunhastanesi.com\/de\/wp-json\/wp\/v2\/pages\/6675"}],"collection":[{"href":"https:\/\/medisunhastanesi.com\/de\/wp-json\/wp\/v2\/pages"}],"about":[{"href":"https:\/\/medisunhastanesi.com\/de\/wp-json\/wp\/v2\/types\/page"}],"author":[{"embeddable":true,"href":"https:\/\/medisunhastanesi.com\/de\/wp-json\/wp\/v2\/users\/1"}],"replies":[{"embeddable":true,"href":"https:\/\/medisunhastanesi.com\/de\/wp-json\/wp\/v2\/comments?post=6675"}],"version-history":[{"count":2,"href":"https:\/\/medisunhastanesi.com\/de\/wp-json\/wp\/v2\/pages\/6675\/revisions"}],"predecessor-version":[{"id":7692,"href":"https:\/\/medisunhastanesi.com\/de\/wp-json\/wp\/v2\/pages\/6675\/revisions\/7692"}],"wp:attachment":[{"href":"https:\/\/medisunhastanesi.com\/de\/wp-json\/wp\/v2\/media?parent=6675"}],"curies":[{"name":"wp","href":"https:\/\/api.w.org\/{rel}","templated":true}]}}