{"id":6562,"date":"2023-11-23T15:41:18","date_gmt":"2023-11-23T12:41:18","guid":{"rendered":"https:\/\/medisunhastanesi.com\/?page_id=6562"},"modified":"2023-11-23T15:42:49","modified_gmt":"2023-11-23T12:42:49","slug":"hasta-refakat-ve-ziyaret-kurallari","status":"publish","type":"page","link":"https:\/\/medisunhastanesi.com\/de\/hasta-refakat-ve-ziyaret-kurallari\/","title":{"rendered":"Hasta Refakat ve Ziyaret Kurallar\u0131"},"content":{"rendered":"<div data-elementor-type=\"wp-post\" data-elementor-id=\"6562\" class=\"elementor elementor-6562\" data-elementor-post-type=\"page\">\n\t\t\t\t\t\t<section class=\"elementor-section elementor-top-section elementor-element elementor-element-b6cd3e8 elementor-section-boxed elementor-section-height-default elementor-section-height-default\" data-id=\"b6cd3e8\" data-element_type=\"section\">\n\t\t\t\t\t\t<div class=\"elementor-container elementor-column-gap-default\">\n\t\t\t\t\t<div class=\"elementor-column elementor-col-100 elementor-top-column elementor-element elementor-element-134eef9\" data-id=\"134eef9\" data-element_type=\"column\">\n\t\t\t<div class=\"elementor-widget-wrap elementor-element-populated\">\n\t\t\t\t\t\t<div class=\"elementor-element elementor-element-ce87d3c elementor-widget elementor-widget-rt-title\" data-id=\"ce87d3c\" data-element_type=\"widget\" data-widget_type=\"rt-title.default\">\n\t\t\t\t<div class=\"elementor-widget-container\">\n\t\t\t\t\t\r\n\t<div class=\"rt-el-title section-heading heading-dark text-center heading-layout1 style1 theme1\">\r\n\t\t<h2 class=\"rtin-title\">Hasta Refakat ve Ziyaret Kurallar\u0131<\/h2>\r\n\t\t\t<\/div>\r\n\t\t\t\t\t<\/div>\n\t\t\t\t<\/div>\n\t\t\t\t<div class=\"elementor-element elementor-element-4297a81 elementor-widget elementor-widget-text-editor\" data-id=\"4297a81\" data-element_type=\"widget\" data-widget_type=\"text-editor.default\">\n\t\t\t\t<div class=\"elementor-widget-container\">\n\t\t\t\t\t\t\t\t\t<p><em><strong>Say\u0131n Hastam\u0131z \/ Hasta Yak\u0131n\u0131m\u0131z;<\/strong><\/em><\/p><p><em><strong>Hastanemizde misafir oldu\u011funuz s\u00fcre i\u00e7erisinde sa\u011fl\u0131\u011f\u0131n\u0131z ve g\u00fcvenli\u011finiz a\u00e7\u0131s\u0131ndan a\u015fa\u011f\u0131da belirtilen hususlara \u00f6zen g\u00f6stermenizi rica ederiz.<\/strong><\/em><\/p><p>\u00a0<\/p>\t\t\t\t\t\t\t\t<\/div>\n\t\t\t\t<\/div>\n\t\t\t\t<div class=\"elementor-element elementor-element-4df164b elementor-widget elementor-widget-text-editor\" data-id=\"4df164b\" data-element_type=\"widget\" data-widget_type=\"text-editor.default\">\n\t\t\t\t<div class=\"elementor-widget-container\">\n\t\t\t\t\t\t\t\t\t<p><strong>Hasta Bak\u0131m Uygulamalar\u0131:\u00a0<\/strong>Refakat\u00e7ilerin hastalar\u0131n\u0131n bak\u0131m\u0131na sadece doktorun ve hem\u015firenin izin verdi\u011fi \u00f6l\u00e7\u00fcde yard\u0131m etmesi beklenmektedir. Refakat\u00e7i de\u011fi\u015fimlerinde, l\u00fctfen servis hem\u015firenizi bilgilendiriniz. Hem\u015firenizin bilgisi olmadan servisten ayr\u0131lmay\u0131n\u0131z.<strong>\u00a0<\/strong><\/p><p><strong>Ziyaret Saatleri ve Kurallar\u0131:<\/strong>\u00a0Hastanemiz ziyaret saatleri 08:00 \u2013 22:00 aras\u0131ndad\u0131r. K\u0131sa s\u00fcreli ziyaretlerin hastalar\u0131m\u0131z\u0131n sa\u011fl\u0131\u011f\u0131 a\u00e7\u0131s\u0131ndan \u00f6nemli oldu\u011fu unutulmamal\u0131d\u0131r. Ziyaret\u00e7ilerimizin enfeksiyon riski sebebiyle canl\u0131 \u00e7i\u00e7ek, yiyecek ve i\u00e7ecek getirmemelerini, hasta yataklar\u0131na oturmamalar\u0131n\u0131 ve koridorda y\u00fcksek sesle konu\u015fmamalar\u0131n\u0131 rica ederiz.<\/p><p><strong>Kahvalt\u0131 ve Yemek Saatleri:<\/strong>\u00a0Hasta\/yak\u0131nlar\u0131n\u0131n hasta g\u00fcvenli\u011finin kontrol\u00fc a\u00e7\u0131s\u0131ndan hastane d\u0131\u015f\u0131ndan yemek getirmesi istenmemektedir. Hastanemizde kahvalt\u0131 servisimiz sabah 07:00-08:00 saatleri aras\u0131nda verilmektedir. \u00d6\u011fle yeme\u011fi saat 12:00-13:00 aras\u0131nda, ak\u015fam yeme\u011fi de 17:00-18:00 saatleri aras\u0131nda verilmektedir. Baz\u0131 \u00f6zellikli hastalara (diyabet gibi) saat 10:30, 15:30 ve 20:30\u2019 da ara \u00f6\u011f\u00fcn verilmektedir.\u00a0<strong>Refakat\u00e7ileriniz<\/strong>\u00a0sadece kendileri i\u00e7in d\u0131\u015far\u0131dan yemek tercih eder ise; a\u011f\u0131r kokulu yiyecekler (so\u011fan \u2013 sar\u0131msak gibi) almamalar\u0131n\u0131 rica ederiz. Refakat\u00e7ilerimiz; yanlar\u0131nda getirdikleri yemekleri yemek i\u00e7in, hastane kafeteryas\u0131n\u0131 kullanabilirler.<\/p><p><strong>T\u00fct\u00fcn \u00dcr\u00fcnleri Kullan\u0131m\u0131:<\/strong>\u00a0\u0130lgili yasa gere\u011fi hastane i\u00e7erisinde sigara kullan\u0131m\u0131\u00a0<strong>yasakt\u0131r.<\/strong><\/p><p><strong>Hasta\/Yak\u0131n\u0131n\u0131n Bilgilendirilmesi:<\/strong>\u00a0Hastan\u0131n durumu hakk\u0131ndaki bilgiyi yaln\u0131zca sorumlu hekimi vermektedir.<\/p><p><strong>Hasta\/Yak\u0131n\u0131n\u0131n B\u00f6l\u00fcm \u00c7al\u0131\u015fanlar\u0131 \u0130le \u0130lgili Bilgilendirilmesi:<\/strong>\u00a0Sa\u011fl\u0131k hizmeti verecek veya vermekte olan hekimler ve di\u011fer sa\u011fl\u0131k \u00e7al\u0131\u015fanlar\u0131 kimliklerini, g\u00f6rev ve unvanlar\u0131n\u0131 hasta\/hasta yak\u0131n\u0131na bildirmelidir.<\/p><p><strong>\u0130la\u00e7 Kullan\u0131m\u0131:<\/strong>\u00a0Hastanemizde bulundu\u011funuz s\u00fcre i\u00e7erisinde tedaviniz sa\u011fl\u0131k \u00e7al\u0131\u015fanlar\u0131 taraf\u0131ndan y\u00fcr\u00fct\u00fclecektir. L\u00fctfen kendi kendinize ila\u00e7 almay\u0131n\u0131z, s\u00fcrekli kulland\u0131\u011f\u0131n\u0131z ila\u00e7 varsa hekiminize ve hem\u015firenize bildirerek kontrol edilmesini sa\u011flay\u0131n\u0131z. Taburculuk sonras\u0131 ila\u00e7lar\u0131n\u0131z\u0131 size re\u00e7ete edildi\u011fi \u015fekilde kullan\u0131n\u0131z.<\/p><p>Unutmay\u0131n\u0131z ki,\u00a0<strong>\u201c\u00c7ok ila\u00e7 de\u011fil, do\u011fru ila\u00e7 iyile\u015ftirir.\u201d<\/strong><\/p>\t\t\t\t\t\t\t\t<\/div>\n\t\t\t\t<\/div>\n\t\t\t\t\t<\/div>\n\t\t<\/div>\n\t\t\t\t\t<\/div>\n\t\t<\/section>\n\t\t\t\t<\/div>","protected":false},"excerpt":{"rendered":"<p>Hasta Refakat ve Ziyaret Kurallar\u0131 Say\u0131n Hastam\u0131z \/ Hasta Yak\u0131n\u0131m\u0131z; Hastanemizde misafir oldu\u011funuz s\u00fcre i\u00e7erisinde sa\u011fl\u0131\u011f\u0131n\u0131z ve g\u00fcvenli\u011finiz a\u00e7\u0131s\u0131ndan a\u015fa\u011f\u0131da belirtilen hususlara \u00f6zen g\u00f6stermenizi rica ederiz. \u00a0 Hasta Bak\u0131m Uygulamalar\u0131:\u00a0Refakat\u00e7ilerin hastalar\u0131n\u0131n bak\u0131m\u0131na sadece doktorun ve hem\u015firenin izin verdi\u011fi \u00f6l\u00e7\u00fcde yard\u0131m etmesi beklenmektedir. Refakat\u00e7i de\u011fi\u015fimlerinde, l\u00fctfen servis hem\u015firenizi bilgilendiriniz. Hem\u015firenizin bilgisi olmadan servisten ayr\u0131lmay\u0131n\u0131z.\u00a0 Ziyaret Saatleri&#8230;<\/p>","protected":false},"author":1,"featured_media":0,"parent":0,"menu_order":0,"comment_status":"closed","ping_status":"closed","template":"","meta":{"footnotes":""},"aioseo_notices":[],"_links":{"self":[{"href":"https:\/\/medisunhastanesi.com\/de\/wp-json\/wp\/v2\/pages\/6562"}],"collection":[{"href":"https:\/\/medisunhastanesi.com\/de\/wp-json\/wp\/v2\/pages"}],"about":[{"href":"https:\/\/medisunhastanesi.com\/de\/wp-json\/wp\/v2\/types\/page"}],"author":[{"embeddable":true,"href":"https:\/\/medisunhastanesi.com\/de\/wp-json\/wp\/v2\/users\/1"}],"replies":[{"embeddable":true,"href":"https:\/\/medisunhastanesi.com\/de\/wp-json\/wp\/v2\/comments?post=6562"}],"version-history":[{"count":0,"href":"https:\/\/medisunhastanesi.com\/de\/wp-json\/wp\/v2\/pages\/6562\/revisions"}],"wp:attachment":[{"href":"https:\/\/medisunhastanesi.com\/de\/wp-json\/wp\/v2\/media?parent=6562"}],"curies":[{"name":"wp","href":"https:\/\/api.w.org\/{rel}","templated":true}]}}