{"id":6531,"date":"2023-11-23T15:06:20","date_gmt":"2023-11-23T12:06:20","guid":{"rendered":"https:\/\/medisunhastanesi.com\/?page_id=6531"},"modified":"2023-11-23T15:13:21","modified_gmt":"2023-11-23T12:13:21","slug":"hemsireler-icin-etik-ilke-ve-sorumluluklar-etik-ilkeler","status":"publish","type":"page","link":"https:\/\/medisunhastanesi.com\/de\/hemsireler-icin-etik-ilke-ve-sorumluluklar-etik-ilkeler\/","title":{"rendered":"Hem\u015fireler \u0130\u00e7in Etik \u0130lke ve Sorumluluklar Etik \u0130lkeler"},"content":{"rendered":"<div data-elementor-type=\"wp-post\" data-elementor-id=\"6531\" class=\"elementor elementor-6531\" data-elementor-post-type=\"page\">\n\t\t\t\t\t\t<section class=\"elementor-section elementor-top-section elementor-element elementor-element-2509877 elementor-section-boxed elementor-section-height-default elementor-section-height-default\" data-id=\"2509877\" data-element_type=\"section\">\n\t\t\t\t\t\t<div class=\"elementor-container elementor-column-gap-default\">\n\t\t\t\t\t<div class=\"elementor-column elementor-col-100 elementor-top-column elementor-element elementor-element-3429c61\" data-id=\"3429c61\" data-element_type=\"column\">\n\t\t\t<div class=\"elementor-widget-wrap elementor-element-populated\">\n\t\t\t\t\t\t<div class=\"elementor-element elementor-element-a9c1b4e elementor-widget elementor-widget-rt-title\" data-id=\"a9c1b4e\" data-element_type=\"widget\" data-widget_type=\"rt-title.default\">\n\t\t\t\t<div class=\"elementor-widget-container\">\n\t\t\t\t\t\r\n<div class=\"section-heading heading-light text-left heading-layout5\">\r\n    <h2 class=\"rtin-title\">Hem\u015fireler \u0130\u00e7in Etik \u0130lke ve Sorumluluklar Etik \u0130lkeler<\/h2>\r\n\t<\/div>\t\t\t\t<\/div>\n\t\t\t\t<\/div>\n\t\t\t\t<div class=\"elementor-element elementor-element-86a9fe4 elementor-widget elementor-widget-text-editor\" data-id=\"86a9fe4\" data-element_type=\"widget\" data-widget_type=\"text-editor.default\">\n\t\t\t\t<div class=\"elementor-widget-container\">\n\t\t\t\t\t\t\t\t\t<p>Hem\u015firelerin g\u00f6revlerini yerine getirirken; zarar vermeme-yararl\u0131l\u0131k, bireye sayg\u0131, adalet ve e\u015fitlik, mahremiyet ve gizlilik ilkelerine uymalar\u0131 gerekir.<\/p>\t\t\t\t\t\t\t\t<\/div>\n\t\t\t\t<\/div>\n\t\t\t\t<div class=\"elementor-element elementor-element-87833c4 elementor-widget elementor-widget-rt-title\" data-id=\"87833c4\" data-element_type=\"widget\" data-widget_type=\"rt-title.default\">\n\t\t\t\t<div class=\"elementor-widget-container\">\n\t\t\t\t\t\r\n\t<div class=\"rt-el-title section-heading heading-dark text-center heading-layout1 style1 theme1\">\r\n\t\t<h2 class=\"rtin-title\">\u0130lkeler<\/h2>\r\n\t\t\t<\/div>\r\n\t\t\t\t\t<\/div>\n\t\t\t\t<\/div>\n\t\t\t\t<div class=\"elementor-element elementor-element-5ba632a elementor-tabs-view-vertical elementor-tabs-alignment-center elementor-widget elementor-widget-tabs\" data-id=\"5ba632a\" data-element_type=\"widget\" data-widget_type=\"tabs.default\">\n\t\t\t\t<div class=\"elementor-widget-container\">\n\t\t\t\t\t\t\t<div class=\"elementor-tabs\">\n\t\t\t<div class=\"elementor-tabs-wrapper\" role=\"tablist\" >\n\t\t\t\t\t\t\t\t\t<div id=\"elementor-tab-title-9611\" class=\"elementor-tab-title elementor-tab-desktop-title\" aria-selected=\"true\" data-tab=\"1\" role=\"tab\" tabindex=\"0\" aria-controls=\"elementor-tab-content-9611\" aria-expanded=\"false\">1. Zarar Vermeme-Yararl\u0131l\u0131k<\/div>\n\t\t\t\t\t\t\t\t\t<div id=\"elementor-tab-title-9612\" class=\"elementor-tab-title elementor-tab-desktop-title\" aria-selected=\"false\" data-tab=\"2\" role=\"tab\" tabindex=\"-1\" aria-controls=\"elementor-tab-content-9612\" aria-expanded=\"false\"> 2. Bireye Sayg\u0131<\/div>\n\t\t\t\t\t\t\t\t\t<div id=\"elementor-tab-title-9613\" class=\"elementor-tab-title elementor-tab-desktop-title\" aria-selected=\"false\" data-tab=\"3\" role=\"tab\" tabindex=\"-1\" aria-controls=\"elementor-tab-content-9613\" aria-expanded=\"false\">3. Adalet ve E\u015fitlik<\/div>\n\t\t\t\t\t\t\t\t\t<div id=\"elementor-tab-title-9614\" class=\"elementor-tab-title elementor-tab-desktop-title\" aria-selected=\"false\" data-tab=\"4\" role=\"tab\" tabindex=\"-1\" aria-controls=\"elementor-tab-content-9614\" aria-expanded=\"false\">4. Mahremiyet ve Gizlilik<\/div>\n\t\t\t\t\t\t\t<\/div>\n\t\t\t<div class=\"elementor-tabs-content-wrapper\" role=\"tablist\" aria-orientation=\"vertical\">\n\t\t\t\t\t\t\t\t\t<div class=\"elementor-tab-title elementor-tab-mobile-title\" aria-selected=\"true\" data-tab=\"1\" role=\"tab\" tabindex=\"0\" aria-controls=\"elementor-tab-content-9611\" aria-expanded=\"false\">1. Zarar Vermeme-Yararl\u0131l\u0131k<\/div>\n\t\t\t\t\t<div id=\"elementor-tab-content-9611\" class=\"elementor-tab-content elementor-clearfix\" data-tab=\"1\" role=\"tabpanel\" aria-labelledby=\"elementor-tab-title-9611\" tabindex=\"0\" hidden=\"false\"><ul><li>Hem\u015fire insan hayat\u0131n\u0131n, korunmas\u0131 gereken en y\u00fcce de\u011fer oldu\u011funun ve bu de\u011ferden hi\u00e7bir ko\u015fulda vazge\u00e7ilemeyece\u011finin bilinci ile \u00e7al\u0131\u015f\u0131r.<\/li><li>Hem\u015fire bireylerin ilgisizlik, deneyimsizlik ya da ihmal nedeniyle zarar g\u00f6rmesini \u00f6nlemeye \u00e7al\u0131\u015f\u0131r.<\/li><li>Hem\u015fire, uygulamalar\u0131n\u0131n hizmet verdi\u011fi bireyler i\u00e7in olu\u015fturabilece\u011fi risklerin fark\u0131nda olup, bu risklerin en aza indirilmesini sa\u011flamaya \u00e7al\u0131\u015f\u0131r.<\/li><li>Hem\u015fire, hizmet verdi\u011fi bireylerin t\u0131bbi uygulamalar ve\/ veya klinik ara\u015ft\u0131rmalar nedeniyle zarar g\u00f6rmelerini \u00f6nlemeye y\u00f6nelik giri\u015fimlerde bulunur.<\/li><li>Hem\u015fire hizmet verdi\u011fi bireylerin g\u00fcvenli\u011fini sa\u011flamaktan, g\u00fcvenli\u011fi i\u00e7in gerekli \u00f6nlemlerin al\u0131nmas\u0131na y\u00f6nelik giri\u015fimlere kat\u0131lmaktan ve uygulamaktan sorumludur.<\/li><li>Hem\u015fire, hizmet verdi\u011fi bireylere, gereksinimleri do\u011frultusunda, bilim ve teknolojinin olanaklar\u0131ndan da yararlanarak g\u00fcvenli hem\u015firelik bak\u0131m\u0131n\u0131 b\u00fct\u00fcnc\u00fcl bir yakla\u015f\u0131mla verir.<\/li><li>Hem\u015fire, i\u015fkenceye, zalimce yap\u0131lan insanl\u0131k d\u0131\u015f\u0131 davran\u0131\u015flara ya da a\u015fa\u011f\u0131lay\u0131c\u0131 hi\u00e7bir i\u015fleme kat\u0131lmaz ve onaylamaz.<\/li><\/ul><\/div>\n\t\t\t\t\t\t\t\t\t<div class=\"elementor-tab-title elementor-tab-mobile-title\" aria-selected=\"false\" data-tab=\"2\" role=\"tab\" tabindex=\"-1\" aria-controls=\"elementor-tab-content-9612\" aria-expanded=\"false\"> 2. Bireye Sayg\u0131<\/div>\n\t\t\t\t\t<div id=\"elementor-tab-content-9612\" class=\"elementor-tab-content elementor-clearfix\" data-tab=\"2\" role=\"tabpanel\" aria-labelledby=\"elementor-tab-title-9612\" tabindex=\"0\" hidden=\"hidden\"><ul><li>Hem\u015fire, insan onuru ve b\u00fct\u00fcnl\u00fc\u011f\u00fcne sayg\u0131n\u0131n ifadesi olan \u00f6zerkli\u011fe sayg\u0131n\u0131n insan haklar\u0131n\u0131n temel dayana\u011f\u0131 oldu\u011funun bilincindedir.<\/li><li>Hem\u015fire, bireylerin inan\u00e7, de\u011fer ve gereksinimlerini g\u00f6z \u00f6n\u00fcnde bulundurarak hizmet sunar.<\/li><li>Hem\u015fire, hizmet verdi\u011fi bireylerin bak\u0131m konusunda do\u011fru, yeterli ve anlayabilece\u011fi bir bi\u00e7imde bilgilenmelerini sa\u011flar.<\/li><li>Hem\u015fire, hastan\u0131n kendisi d\u0131\u015f\u0131nda, bilgilendirilmesini istedi\u011fi ki\u015fileri belirlemesine sayg\u0131 g\u00f6sterir.<\/li><li>Hem\u015fire bireyin herhangi bir yan\u0131ltma ve bask\u0131 alt\u0131nda kalmaks\u0131z\u0131n bak\u0131m\u0131 konusunda karar verme ve se\u00e7me hakk\u0131na sayg\u0131 g\u00f6sterir ve bu konuda gerekti\u011finde bireyi savunma rol\u00fcn\u00fc \u00fcstlenir.<\/li><li>Hem\u015fire, bireyin bak\u0131m\u0131, t\u0131bbi uygulamalar\u0131 ve tedaviyi reddetme hakk\u0131na sayg\u0131 g\u00f6sterir.<\/li><li>Hem\u015fire hizmet verdi\u011fi bireylerin bedensel b\u00fct\u00fcnl\u00fc\u011f\u00fcne y\u00f6nelik m\u00fcdahale i\u00e7eren hem\u015firelik uygulamalar\u0131 \u00f6ncesinde bireyin s\u00f6zl\u00fc ve\/veya yaz\u0131l\u0131 r\u0131zas\u0131n\u0131 al\u0131r.<\/li><li>Hem\u015fire karar verme yeterlili\u011fine sahip olmayan bireylerde bedensel b\u00fct\u00fcnl\u00fc\u011f\u00fcne y\u00f6nelik m\u00fcdahale i\u00e7eren hem\u015firelik uygulamalar\u0131 \u00f6ncesinde bireyin yasal temsilcisinin s\u00f6zl\u00fc ve\/veya yaz\u0131l\u0131 r\u0131zas\u0131n\u0131 al\u0131r.<\/li><li>Hem\u015fire acil durumlarda bireyin ya\u015fam\u0131n\u0131 korumak \u00fczere gerekli hem\u015firelik bak\u0131m\u0131n\u0131 r\u0131za almaks\u0131z\u0131n uygular.<\/li><\/ul><\/div>\n\t\t\t\t\t\t\t\t\t<div class=\"elementor-tab-title elementor-tab-mobile-title\" aria-selected=\"false\" data-tab=\"3\" role=\"tab\" tabindex=\"-1\" aria-controls=\"elementor-tab-content-9613\" aria-expanded=\"false\">3. Adalet ve E\u015fitlik<\/div>\n\t\t\t\t\t<div id=\"elementor-tab-content-9613\" class=\"elementor-tab-content elementor-clearfix\" data-tab=\"3\" role=\"tabpanel\" aria-labelledby=\"elementor-tab-title-9613\" tabindex=\"0\" hidden=\"hidden\"><ul><li>Hem\u015fire t\u00fcm insanlar\u0131n e\u015fit haklara sahip oldu\u011fu bilinci ile bireyler aras\u0131nda \u0131rk, dil, din, renk, ya\u015f, cinsiyet, inan\u00e7, sosyal ve ekonomik durum ve siyasi g\u00f6r\u00fc\u015f ayr\u0131m\u0131 g\u00f6zetmeksizin hizmet verir.<\/li><li>Hem\u015fire hizmet sunarken ki\u015fisel \u00e7\u0131kar g\u00f6zetmez ve herhangi bir ki\u015fi ya da kurulu\u015fla mesleki de\u011ferleri ile \u00e7at\u0131\u015fabilecek \u00e7\u0131kar ili\u015fkisine girmez.<\/li><li>Hem\u015fire hizmet verirken bireylerin gereksinimleri do\u011frultusunda zaman\u0131n, eme\u011fin ve di\u011fer kaynaklar\u0131n adil da\u011f\u0131l\u0131m\u0131n\u0131 sa\u011flar.<\/li><\/ul><\/div>\n\t\t\t\t\t\t\t\t\t<div class=\"elementor-tab-title elementor-tab-mobile-title\" aria-selected=\"false\" data-tab=\"4\" role=\"tab\" tabindex=\"-1\" aria-controls=\"elementor-tab-content-9614\" aria-expanded=\"false\">4. Mahremiyet ve Gizlilik<\/div>\n\t\t\t\t\t<div id=\"elementor-tab-content-9614\" class=\"elementor-tab-content elementor-clearfix\" data-tab=\"4\" role=\"tabpanel\" aria-labelledby=\"elementor-tab-title-9614\" tabindex=\"0\" hidden=\"hidden\"><ul><li>Hem\u015fire hizmet verdi\u011fi bireyin fiziksel, ruhsal ve sosyal a\u00e7\u0131lardan mahremiyetinin korunmas\u0131n\u0131 sa\u011flar.<\/li><li>Hem\u015fire hizmet verdi\u011fi bireyin kendisi ya da ailesi ile ilgili olarak payla\u015ft\u0131\u011f\u0131 bilgileri, yasal zorunluluk ve kendisinin ya da \u00fc\u00e7\u00fcnc\u00fc ki\u015filerin hayat\u0131n\u0131 tehdit eden bir zorunluluk olmad\u0131\u011f\u0131 s\u00fcrece bireyin r\u0131zas\u0131 olmaks\u0131z\u0131n ba\u015fka bireylerle payla\u015fmaz.<\/li><li>Hem\u015fire hizmet verdi\u011fi bireylerle ilgili kay\u0131tlar\u0131n gizlili\u011fine \u00f6zen g\u00f6sterir ve kay\u0131tlara hastan\u0131n bak\u0131m ve tedavisiyle do\u011frudan ilgili olmayan ki\u015filerin ula\u015fmas\u0131n\u0131 engelleyici \u00f6nlemleri al\u0131r.<\/li><li>Hem\u015fire bildirimi zorunlu olan durumlarda, bildirim nedeniyle olu\u015fabilecek zararlardan bireyi koruyucu \u00f6nlemleri al\u0131r.<\/li><li>Hem\u015fire bak\u0131m verdi\u011fi bireylere gizlili\u011fin s\u0131n\u0131rlar\u0131 ve hangi durumlarda gizlilik ilkesine uyulaca\u011f\u0131 hakk\u0131nda \u00f6n bilgi verir.<\/li><\/ul><\/div>\n\t\t\t\t\t\t\t<\/div>\n\t\t<\/div>\n\t\t\t\t\t\t<\/div>\n\t\t\t\t<\/div>\n\t\t\t\t<div class=\"elementor-element elementor-element-46349d1 elementor-widget elementor-widget-spacer\" data-id=\"46349d1\" data-element_type=\"widget\" data-widget_type=\"spacer.default\">\n\t\t\t\t<div class=\"elementor-widget-container\">\n\t\t\t\t\t\t\t<div class=\"elementor-spacer\">\n\t\t\t<div class=\"elementor-spacer-inner\"><\/div>\n\t\t<\/div>\n\t\t\t\t\t\t<\/div>\n\t\t\t\t<\/div>\n\t\t\t\t<div class=\"elementor-element elementor-element-c114eb3 elementor-widget elementor-widget-rt-title\" data-id=\"c114eb3\" data-element_type=\"widget\" data-widget_type=\"rt-title.default\">\n\t\t\t\t<div class=\"elementor-widget-container\">\n\t\t\t\t\t\r\n\t<div class=\"rt-el-title section-heading heading-dark text-center heading-layout1 style1 theme1\">\r\n\t\t<h2 class=\"rtin-title\">Sorumluluklar<\/h2>\r\n\t\t\t<\/div>\r\n\t\t\t\t\t<\/div>\n\t\t\t\t<\/div>\n\t\t\t\t<div class=\"elementor-element elementor-element-b8310ea elementor-tabs-view-vertical elementor-tabs-alignment-center elementor-widget elementor-widget-tabs\" data-id=\"b8310ea\" data-element_type=\"widget\" data-widget_type=\"tabs.default\">\n\t\t\t\t<div class=\"elementor-widget-container\">\n\t\t\t\t\t\t\t<div class=\"elementor-tabs\">\n\t\t\t<div class=\"elementor-tabs-wrapper\" role=\"tablist\" >\n\t\t\t\t\t\t\t\t\t<div id=\"elementor-tab-title-1931\" class=\"elementor-tab-title elementor-tab-desktop-title\" aria-selected=\"true\" data-tab=\"1\" role=\"tab\" tabindex=\"0\" aria-controls=\"elementor-tab-content-1931\" aria-expanded=\"false\">1. Hizmet Verdi\u011fi Birey, Aile ve Topluma Kar\u015f\u0131<\/div>\n\t\t\t\t\t\t\t\t\t<div id=\"elementor-tab-title-1932\" class=\"elementor-tab-title elementor-tab-desktop-title\" aria-selected=\"false\" data-tab=\"2\" role=\"tab\" tabindex=\"-1\" aria-controls=\"elementor-tab-content-1932\" aria-expanded=\"false\">2. Mesleki<\/div>\n\t\t\t\t\t\t\t<\/div>\n\t\t\t<div class=\"elementor-tabs-content-wrapper\" role=\"tablist\" aria-orientation=\"vertical\">\n\t\t\t\t\t\t\t\t\t<div class=\"elementor-tab-title elementor-tab-mobile-title\" aria-selected=\"true\" data-tab=\"1\" role=\"tab\" tabindex=\"0\" aria-controls=\"elementor-tab-content-1931\" aria-expanded=\"false\">1. Hizmet Verdi\u011fi Birey, Aile ve Topluma Kar\u015f\u0131<\/div>\n\t\t\t\t\t<div id=\"elementor-tab-content-1931\" class=\"elementor-tab-content elementor-clearfix\" data-tab=\"1\" role=\"tabpanel\" aria-labelledby=\"elementor-tab-title-1931\" tabindex=\"0\" hidden=\"false\"><ul><li>Hem\u015firenin temel sorumlulu\u011fu, hem\u015firelik bak\u0131m gereksinimi olan birey, aile ve topluma y\u00f6neliktir.<\/li><li>Hem\u015fire birey, aile ve toplumun sa\u011fl\u0131\u011f\u0131n\u0131n s\u00fcrd\u00fcr\u00fclmesi ve geli\u015ftirilmesi konular\u0131nda sorumluluk \u00fcstlenir. Bu ama\u00e7la sa\u011fl\u0131k e\u011fitim programlar\u0131 d\u00fczenler, d\u00fczenlenen programlara kat\u0131l\u0131r.<\/li><li>Hem\u015fire toplumda \u00e7ocuk, ya\u015fl\u0131, hasta, bak\u0131ma muhta\u00e7 bireyler gibi incinebilir gruplar\u0131n korunmas\u0131 ve sa\u011fl\u0131kla ilgili gereksinimlerinin kar\u015f\u0131lanmas\u0131nda sorumluluk \u00fcstlenir.<\/li><li>Hem\u015fire birey, aile ve topluma kar\u015f\u0131 d\u00fcr\u00fcst davran\u0131r, s\u00f6z\u00fcn\u00fc tutar ve g\u00fcvenilirli\u011fini s\u00fcrd\u00fcr\u00fcr.<\/li><li>Hem\u015fire hizmet verdi\u011fi bireylerin haklar\u0131n\u0131 savunacak yeterlili\u011fe gelmelerini sa\u011flamak \u00fczere onlar\u0131 destekler.Hem<\/li><li>\u015fire sa\u011fl\u0131kla ilgili yasa ve politikalar\u0131n olu\u015fturulmas\u0131na do\u011frudan\/dolayl\u0131 olarak kat\u0131lma sorumlulu\u011funu \u00fcstlenir.<\/li><li>Hem\u015fire hizmet verirken yapt\u0131\u011f\u0131 uygulamalarda bilimsel ve teknolojik ilerlemelerin insanlar\u0131n haklar\u0131, onuru ve g\u00fcvenli\u011fi ile uyumlu olmas\u0131na ve verece\u011fi zararlar\u0131n \u00f6nlenmesine \u00f6zen g\u00f6sterir.<\/li><li>Hem\u015fire do\u011fal \u00e7evrenin kirlenme, y\u0131k\u0131m ve tahribattan korunmas\u0131na y\u00f6nelik sorumluluk \u00fcstlenir.<\/li><li>\u00a0<\/li><\/ul><\/div>\n\t\t\t\t\t\t\t\t\t<div class=\"elementor-tab-title elementor-tab-mobile-title\" aria-selected=\"false\" data-tab=\"2\" role=\"tab\" tabindex=\"-1\" aria-controls=\"elementor-tab-content-1932\" aria-expanded=\"false\">2. Mesleki<\/div>\n\t\t\t\t\t<div id=\"elementor-tab-content-1932\" class=\"elementor-tab-content elementor-clearfix\" data-tab=\"2\" role=\"tabpanel\" aria-labelledby=\"elementor-tab-title-1932\" tabindex=\"0\" hidden=\"hidden\"><ul><li>Hem\u015fire, insan onuru ve b\u00fct\u00fcnl\u00fc\u011f\u00fcne sayg\u0131n\u0131n ifadesi olan \u00f6zerkli\u011fe sayg\u0131n\u0131n insan haklar\u0131n\u0131n temel dayana\u011f\u0131 oldu\u011funun bilincindedir.<\/li><li>Hem\u015fire, bireylerin inan\u00e7, de\u011fer ve gereksinimlerini g\u00f6z \u00f6n\u00fcnde bulundurarak hizmet sunar.<\/li><li>Hem\u015fire, hizmet verdi\u011fi bireylerin bak\u0131m konusunda do\u011fru, yeterli ve anlayabilece\u011fi bir bi\u00e7imde bilgilenmelerini sa\u011flar.<\/li><li>Hem\u015fire, hastan\u0131n kendisi d\u0131\u015f\u0131nda, bilgilendirilmesini istedi\u011fi ki\u015fileri belirlemesine sayg\u0131 g\u00f6sterir.<\/li><li>Hem\u015fire bireyin herhangi bir yan\u0131ltma ve bask\u0131 alt\u0131nda kalmaks\u0131z\u0131n bak\u0131m\u0131 konusunda karar verme ve se\u00e7me hakk\u0131na sayg\u0131 g\u00f6sterir ve bu konuda gerekti\u011finde bireyi savunma rol\u00fcn\u00fc \u00fcstlenir.<\/li><li>Hem\u015fire, bireyin bak\u0131m\u0131, t\u0131bbi uygulamalar\u0131 ve tedaviyi reddetme hakk\u0131na sayg\u0131 g\u00f6sterir.<\/li><li>Hem\u015fire hizmet verdi\u011fi bireylerin bedensel b\u00fct\u00fcnl\u00fc\u011f\u00fcne y\u00f6nelik m\u00fcdahale i\u00e7eren hem\u015firelik uygulamalar\u0131 \u00f6ncesinde bireyin s\u00f6zl\u00fc ve\/veya yaz\u0131l\u0131 r\u0131zas\u0131n\u0131 al\u0131r.<\/li><li>Hem\u015fire karar verme yeterlili\u011fine sahip olmayan bireylerde bedensel b\u00fct\u00fcnl\u00fc\u011f\u00fcne y\u00f6nelik m\u00fcdahale i\u00e7eren hem\u015firelik uygulamalar\u0131 \u00f6ncesinde bireyin yasal temsilcisinin s\u00f6zl\u00fc ve\/veya yaz\u0131l\u0131 r\u0131zas\u0131n\u0131 al\u0131r.<\/li><li>Hem\u015fire acil durumlarda bireyin ya\u015fam\u0131n\u0131 korumak \u00fczere gerekli hem\u015firelik bak\u0131m\u0131n\u0131 r\u0131za almaks\u0131z\u0131n uygular.<\/li><\/ul><\/div>\n\t\t\t\t\t\t\t<\/div>\n\t\t<\/div>\n\t\t\t\t\t\t<\/div>\n\t\t\t\t<\/div>\n\t\t\t\t\t<\/div>\n\t\t<\/div>\n\t\t\t\t\t<\/div>\n\t\t<\/section>\n\t\t\t\t<\/div>","protected":false},"excerpt":{"rendered":"<p>Hem\u015fireler \u0130\u00e7in Etik \u0130lke ve Sorumluluklar Etik \u0130lkeler Hem\u015firelerin g\u00f6revlerini yerine getirirken; zarar vermeme-yararl\u0131l\u0131k, bireye sayg\u0131, adalet ve e\u015fitlik, mahremiyet ve gizlilik ilkelerine uymalar\u0131 gerekir. \u0130lkeler 1. Zarar Vermeme-Yararl\u0131l\u0131k 2. Bireye Sayg\u0131 3. Adalet ve E\u015fitlik 4. Mahremiyet ve Gizlilik 1. Zarar Vermeme-Yararl\u0131l\u0131k Hem\u015fire insan hayat\u0131n\u0131n, korunmas\u0131 gereken en y\u00fcce de\u011fer oldu\u011funun ve bu de\u011ferden&#8230;<\/p>","protected":false},"author":1,"featured_media":0,"parent":0,"menu_order":0,"comment_status":"closed","ping_status":"closed","template":"","meta":{"footnotes":""},"aioseo_notices":[],"_links":{"self":[{"href":"https:\/\/medisunhastanesi.com\/de\/wp-json\/wp\/v2\/pages\/6531"}],"collection":[{"href":"https:\/\/medisunhastanesi.com\/de\/wp-json\/wp\/v2\/pages"}],"about":[{"href":"https:\/\/medisunhastanesi.com\/de\/wp-json\/wp\/v2\/types\/page"}],"author":[{"embeddable":true,"href":"https:\/\/medisunhastanesi.com\/de\/wp-json\/wp\/v2\/users\/1"}],"replies":[{"embeddable":true,"href":"https:\/\/medisunhastanesi.com\/de\/wp-json\/wp\/v2\/comments?post=6531"}],"version-history":[{"count":0,"href":"https:\/\/medisunhastanesi.com\/de\/wp-json\/wp\/v2\/pages\/6531\/revisions"}],"wp:attachment":[{"href":"https:\/\/medisunhastanesi.com\/de\/wp-json\/wp\/v2\/media?parent=6531"}],"curies":[{"name":"wp","href":"https:\/\/api.w.org\/{rel}","templated":true}]}}