{"id":6507,"date":"2023-11-23T14:06:27","date_gmt":"2023-11-23T11:06:27","guid":{"rendered":"https:\/\/medisunhastanesi.com\/?page_id=6507"},"modified":"2024-07-08T15:42:28","modified_gmt":"2024-07-08T12:42:28","slug":"vizyon-ve-misyonumuz","status":"publish","type":"page","link":"https:\/\/medisunhastanesi.com\/de\/vizyon-ve-misyonumuz\/","title":{"rendered":"Vision und Auftrag"},"content":{"rendered":"<div data-elementor-type=\"wp-post\" data-elementor-id=\"6507\" class=\"elementor elementor-6507\" data-elementor-post-type=\"page\">\n\t\t\t\t\t\t<section class=\"elementor-section elementor-top-section elementor-element elementor-element-a5b6d16 elementor-section-content-top elementor-section-stretched elementor-section-boxed elementor-section-height-default elementor-section-height-default\" data-id=\"a5b6d16\" data-element_type=\"section\" data-settings=\"{&quot;stretch_section&quot;:&quot;section-stretched&quot;}\">\n\t\t\t\t\t\t<div class=\"elementor-container elementor-column-gap-default\">\n\t\t\t\t\t<div class=\"elementor-column elementor-col-100 elementor-top-column elementor-element elementor-element-ee78131 elementor-invisible\" data-id=\"ee78131\" data-element_type=\"column\" data-settings=\"{&quot;animation&quot;:&quot;zoomIn&quot;,&quot;background_background&quot;:&quot;classic&quot;}\">\n\t\t\t<div class=\"elementor-widget-wrap elementor-element-populated\">\n\t\t\t\t\t\t<div class=\"elementor-element elementor-element-2e45a53 elementor-headline--style-highlight elementor-widget elementor-widget-animated-headline\" data-id=\"2e45a53\" data-element_type=\"widget\" data-settings=\"{&quot;marker&quot;:&quot;double_underline&quot;,&quot;highlighted_text&quot;:&quot;Vizyonumuz&quot;,&quot;headline_style&quot;:&quot;highlight&quot;,&quot;loop&quot;:&quot;yes&quot;,&quot;highlight_animation_duration&quot;:1200,&quot;highlight_iteration_delay&quot;:8000}\" data-widget_type=\"animated-headline.default\">\n\t\t\t\t<div class=\"elementor-widget-container\">\n\t\t\t\t\t\t\t<h3 class=\"elementor-headline\">\n\t\t\t\t\t<span class=\"elementor-headline-plain-text elementor-headline-text-wrapper\">Privates Krankenhaus Medisun Cayyolu<\/span>\n\t\t\t\t<span class=\"elementor-headline-dynamic-wrapper elementor-headline-text-wrapper\">\n\t\t\t\t\t<span class=\"elementor-headline-dynamic-text elementor-headline-text-active\">Unsere Vision<\/span>\n\t\t\t\t<\/span>\n\t\t\t\t<\/h3>\n\t\t\t\t\t\t<\/div>\n\t\t\t\t<\/div>\n\t\t\t\t<div class=\"elementor-element elementor-element-8ccbab0 elementor-widget elementor-widget-spacer\" data-id=\"8ccbab0\" data-element_type=\"widget\" data-widget_type=\"spacer.default\">\n\t\t\t\t<div class=\"elementor-widget-container\">\n\t\t\t\t\t\t\t<div class=\"elementor-spacer\">\n\t\t\t<div class=\"elementor-spacer-inner\"><\/div>\n\t\t<\/div>\n\t\t\t\t\t\t<\/div>\n\t\t\t\t<\/div>\n\t\t\t\t<div class=\"elementor-element elementor-element-47f8f46 elementor-widget elementor-widget-image\" data-id=\"47f8f46\" data-element_type=\"widget\" data-widget_type=\"image.default\">\n\t\t\t\t<div class=\"elementor-widget-container\">\n\t\t\t\t\t\t\t\t\t\t\t\t\t\t\t<img fetchpriority=\"high\" decoding=\"async\" width=\"1290\" height=\"750\" src=\"https:\/\/medisunhastanesi.com\/wp-content\/uploads\/2023\/11\/medisun-hastanesi.jpg\" class=\"attachment-full size-full wp-image-6015\" alt=\"\" srcset=\"https:\/\/medisunhastanesi.com\/wp-content\/uploads\/2023\/11\/medisun-hastanesi.jpg 1290w, https:\/\/medisunhastanesi.com\/wp-content\/uploads\/2023\/11\/medisun-hastanesi-300x174.jpg 300w, https:\/\/medisunhastanesi.com\/wp-content\/uploads\/2023\/11\/medisun-hastanesi-1024x595.jpg 1024w\" sizes=\"(max-width: 1290px) 100vw, 1290px\" \/>\t\t\t\t\t\t\t\t\t\t\t\t\t\t\t<\/div>\n\t\t\t\t<\/div>\n\t\t\t\t<div class=\"elementor-element elementor-element-d15623b elementor-widget elementor-widget-spacer\" data-id=\"d15623b\" data-element_type=\"widget\" data-widget_type=\"spacer.default\">\n\t\t\t\t<div class=\"elementor-widget-container\">\n\t\t\t\t\t\t\t<div class=\"elementor-spacer\">\n\t\t\t<div class=\"elementor-spacer-inner\"><\/div>\n\t\t<\/div>\n\t\t\t\t\t\t<\/div>\n\t\t\t\t<\/div>\n\t\t\t\t<div class=\"elementor-element elementor-element-c6c8522 elementor-invisible elementor-widget elementor-widget-text-editor\" data-id=\"c6c8522\" data-element_type=\"widget\" data-settings=\"{&quot;_animation&quot;:&quot;fadeIn&quot;}\" data-widget_type=\"text-editor.default\">\n\t\t\t\t<div class=\"elementor-widget-container\">\n\t\t\t\t\t\t\t\t\t<p>Wir setzen unseren Weg fort mit der Vision, eine Gesundheitseinrichtung zu sein, die in erster Linie von medizinischen Fachkr\u00e4ften, die Experten auf ihrem Gebiet sind, f\u00fcr ihre Arbeit bevorzugt wird; die den Patienten und ihren Angeh\u00f6rigen in jeder Situation, die sie brauchen, als erstes in den Sinn kommt und in jedem Bereich, in dem sie t\u00e4tig ist, als Referenz gilt.<\/p>\t\t\t\t\t\t\t\t<\/div>\n\t\t\t\t<\/div>\n\t\t\t\t\t<\/div>\n\t\t<\/div>\n\t\t\t\t\t<\/div>\n\t\t<\/section>\n\t\t\t\t<section class=\"elementor-section elementor-top-section elementor-element elementor-element-bae011b elementor-section-content-top elementor-section-stretched elementor-section-boxed elementor-section-height-default elementor-section-height-default\" data-id=\"bae011b\" data-element_type=\"section\" data-settings=\"{&quot;stretch_section&quot;:&quot;section-stretched&quot;}\">\n\t\t\t\t\t\t<div class=\"elementor-container elementor-column-gap-default\">\n\t\t\t\t\t<div class=\"elementor-column elementor-col-100 elementor-top-column elementor-element elementor-element-01d8afd elementor-invisible\" data-id=\"01d8afd\" data-element_type=\"column\" data-settings=\"{&quot;animation&quot;:&quot;zoomIn&quot;,&quot;background_background&quot;:&quot;classic&quot;}\">\n\t\t\t<div class=\"elementor-widget-wrap elementor-element-populated\">\n\t\t\t\t\t\t<div class=\"elementor-element elementor-element-afd2d02 elementor-headline--style-highlight elementor-widget elementor-widget-animated-headline\" data-id=\"afd2d02\" data-element_type=\"widget\" data-settings=\"{&quot;highlighted_text&quot;:&quot;Misyonumuz&quot;,&quot;headline_style&quot;:&quot;highlight&quot;,&quot;marker&quot;:&quot;circle&quot;,&quot;loop&quot;:&quot;yes&quot;,&quot;highlight_animation_duration&quot;:1200,&quot;highlight_iteration_delay&quot;:8000}\" data-widget_type=\"animated-headline.default\">\n\t\t\t\t<div class=\"elementor-widget-container\">\n\t\t\t\t\t\t\t<h3 class=\"elementor-headline\">\n\t\t\t\t\t<span class=\"elementor-headline-plain-text elementor-headline-text-wrapper\">Privates Krankenhaus Medisun Cayyolu<\/span>\n\t\t\t\t<span class=\"elementor-headline-dynamic-wrapper elementor-headline-text-wrapper\">\n\t\t\t\t\t<span class=\"elementor-headline-dynamic-text elementor-headline-text-active\">Unser Auftrag<\/span>\n\t\t\t\t<\/span>\n\t\t\t\t<\/h3>\n\t\t\t\t\t\t<\/div>\n\t\t\t\t<\/div>\n\t\t\t\t<div class=\"elementor-element elementor-element-29ffe30 elementor-widget elementor-widget-spacer\" data-id=\"29ffe30\" data-element_type=\"widget\" data-widget_type=\"spacer.default\">\n\t\t\t\t<div class=\"elementor-widget-container\">\n\t\t\t\t\t\t\t<div class=\"elementor-spacer\">\n\t\t\t<div class=\"elementor-spacer-inner\"><\/div>\n\t\t<\/div>\n\t\t\t\t\t\t<\/div>\n\t\t\t\t<\/div>\n\t\t\t\t<div class=\"elementor-element elementor-element-f57bfae elementor-widget elementor-widget-image\" data-id=\"f57bfae\" data-element_type=\"widget\" data-widget_type=\"image.default\">\n\t\t\t\t<div class=\"elementor-widget-container\">\n\t\t\t\t\t\t\t\t\t\t\t\t\t\t\t<img decoding=\"async\" width=\"800\" height=\"450\" src=\"https:\/\/medisunhastanesi.com\/wp-content\/uploads\/2023\/11\/image-11-1.jpg\" class=\"attachment-full size-full wp-image-6508\" alt=\"\u00d6zel Medisun \u00c7ayyolu Hastanesi\" srcset=\"https:\/\/medisunhastanesi.com\/wp-content\/uploads\/2023\/11\/image-11-1.jpg 800w, https:\/\/medisunhastanesi.com\/wp-content\/uploads\/2023\/11\/image-11-1-300x169.jpg 300w\" sizes=\"(max-width: 800px) 100vw, 800px\" \/>\t\t\t\t\t\t\t\t\t\t\t\t\t\t\t<\/div>\n\t\t\t\t<\/div>\n\t\t\t\t<div class=\"elementor-element elementor-element-f8d12c4 elementor-widget elementor-widget-spacer\" data-id=\"f8d12c4\" data-element_type=\"widget\" data-widget_type=\"spacer.default\">\n\t\t\t\t<div class=\"elementor-widget-container\">\n\t\t\t\t\t\t\t<div class=\"elementor-spacer\">\n\t\t\t<div class=\"elementor-spacer-inner\"><\/div>\n\t\t<\/div>\n\t\t\t\t\t\t<\/div>\n\t\t\t\t<\/div>\n\t\t\t\t<div class=\"elementor-element elementor-element-c19af59 elementor-invisible elementor-widget elementor-widget-text-editor\" data-id=\"c19af59\" data-element_type=\"widget\" data-settings=\"{&quot;_animation&quot;:&quot;fadeIn&quot;}\" data-widget_type=\"text-editor.default\">\n\t\t\t\t<div class=\"elementor-widget-container\">\n\t\t\t\t\t\t\t\t\t<p>Im Einklang mit dem Managementansatz, der auf der Zufriedenheit der Patienten und der Mitarbeiter basiert, sollen zeitnahe, schnelle und zuverl\u00e4ssige Gesundheitsdienstleistungen unter Ber\u00fccksichtigung zeitgem\u00e4\u00dfer und ethischer Werte erbracht werden, die der Gesellschaft und der Umwelt gegen\u00fcber sensibel sind, ohne dabei Kompromisse bei der Qualit\u00e4t einzugehen, und zwar mit einem Team von Fachleuten des Gesundheitswesens auf diesem Gebiet.<\/p><p>\u00a0<\/p><p>Das private Medisun \u00c7ayyolu-Krankenhaus wird sich als f\u00fchrendes Unternehmen bei der Neudefinition von Gesundheitsdienstleistungen profilieren und f\u00fcr die Bereitstellung professioneller und individueller Gesundheitsdienstleistungen f\u00fcr seine Patienten bekannt sein.<\/p>\t\t\t\t\t\t\t\t<\/div>\n\t\t\t\t<\/div>\n\t\t\t\t\t<\/div>\n\t\t<\/div>\n\t\t\t\t\t<\/div>\n\t\t<\/section>\n\t\t\t\t<section class=\"elementor-section elementor-top-section elementor-element elementor-element-11fa2e9 elementor-section-content-top elementor-section-stretched elementor-section-boxed elementor-section-height-default elementor-section-height-default\" data-id=\"11fa2e9\" data-element_type=\"section\" data-settings=\"{&quot;stretch_section&quot;:&quot;section-stretched&quot;}\">\n\t\t\t\t\t\t<div class=\"elementor-container elementor-column-gap-default\">\n\t\t\t\t\t<div class=\"elementor-column elementor-col-100 elementor-top-column elementor-element elementor-element-e2bb15e elementor-invisible\" data-id=\"e2bb15e\" data-element_type=\"column\" data-settings=\"{&quot;animation&quot;:&quot;zoomIn&quot;,&quot;background_background&quot;:&quot;classic&quot;}\">\n\t\t\t<div class=\"elementor-widget-wrap elementor-element-populated\">\n\t\t\t\t\t\t<div class=\"elementor-element elementor-element-a76aa6a elementor-headline--style-highlight elementor-widget elementor-widget-animated-headline\" data-id=\"a76aa6a\" data-element_type=\"widget\" data-settings=\"{&quot;highlighted_text&quot;:&quot;TEMEL HEDEF VE DE\\u011eERLER\\u0130M\\u0130Z&quot;,&quot;marker&quot;:&quot;underline&quot;,&quot;headline_style&quot;:&quot;highlight&quot;,&quot;loop&quot;:&quot;yes&quot;,&quot;highlight_animation_duration&quot;:1200,&quot;highlight_iteration_delay&quot;:8000}\" data-widget_type=\"animated-headline.default\">\n\t\t\t\t<div class=\"elementor-widget-container\">\n\t\t\t\t\t\t\t<h3 class=\"elementor-headline\">\n\t\t\t\t\t<span class=\"elementor-headline-plain-text elementor-headline-text-wrapper\">Privates Krankenhaus Medisun Cayyolu<\/span>\n\t\t\t\t<span class=\"elementor-headline-dynamic-wrapper elementor-headline-text-wrapper\">\n\t\t\t\t\t<span class=\"elementor-headline-dynamic-text elementor-headline-text-active\">UNSERE WICHTIGSTEN ZIELE UND WERTE<\/span>\n\t\t\t\t<\/span>\n\t\t\t\t<\/h3>\n\t\t\t\t\t\t<\/div>\n\t\t\t\t<\/div>\n\t\t\t\t<div class=\"elementor-element elementor-element-8fd1119 elementor-widget elementor-widget-spacer\" data-id=\"8fd1119\" data-element_type=\"widget\" data-widget_type=\"spacer.default\">\n\t\t\t\t<div class=\"elementor-widget-container\">\n\t\t\t\t\t\t\t<div class=\"elementor-spacer\">\n\t\t\t<div class=\"elementor-spacer-inner\"><\/div>\n\t\t<\/div>\n\t\t\t\t\t\t<\/div>\n\t\t\t\t<\/div>\n\t\t\t\t<div class=\"elementor-element elementor-element-f49f75b elementor-widget elementor-widget-image\" data-id=\"f49f75b\" data-element_type=\"widget\" data-widget_type=\"image.default\">\n\t\t\t\t<div class=\"elementor-widget-container\">\n\t\t\t\t\t\t\t\t\t\t\t\t\t\t\t<img decoding=\"async\" width=\"2560\" height=\"1408\" src=\"https:\/\/medisunhastanesi.com\/wp-content\/uploads\/2024\/07\/10925845-scaled.webp\" class=\"attachment-full size-full wp-image-7477\" alt=\"\" srcset=\"https:\/\/medisunhastanesi.com\/wp-content\/uploads\/2024\/07\/10925845-scaled.webp 2560w, https:\/\/medisunhastanesi.com\/wp-content\/uploads\/2024\/07\/10925845-300x165.webp 300w, https:\/\/medisunhastanesi.com\/wp-content\/uploads\/2024\/07\/10925845-1024x563.webp 1024w, https:\/\/medisunhastanesi.com\/wp-content\/uploads\/2024\/07\/10925845-1536x845.webp 1536w, https:\/\/medisunhastanesi.com\/wp-content\/uploads\/2024\/07\/10925845-2048x1126.webp 2048w, https:\/\/medisunhastanesi.com\/wp-content\/uploads\/2024\/07\/10925845-18x10.webp 18w\" sizes=\"(max-width: 2560px) 100vw, 2560px\" \/>\t\t\t\t\t\t\t\t\t\t\t\t\t\t\t<\/div>\n\t\t\t\t<\/div>\n\t\t\t\t<div class=\"elementor-element elementor-element-4184cc7 elementor-widget elementor-widget-spacer\" data-id=\"4184cc7\" data-element_type=\"widget\" data-widget_type=\"spacer.default\">\n\t\t\t\t<div class=\"elementor-widget-container\">\n\t\t\t\t\t\t\t<div class=\"elementor-spacer\">\n\t\t\t<div class=\"elementor-spacer-inner\"><\/div>\n\t\t<\/div>\n\t\t\t\t\t\t<\/div>\n\t\t\t\t<\/div>\n\t\t\t\t<div class=\"elementor-element elementor-element-4f112df elementor-invisible elementor-widget elementor-widget-text-editor\" data-id=\"4f112df\" data-element_type=\"widget\" data-settings=\"{&quot;_animation&quot;:&quot;fadeIn&quot;}\" data-widget_type=\"text-editor.default\">\n\t\t\t\t<div class=\"elementor-widget-container\">\n\t\t\t\t\t\t\t\t\t<p>Unsere grundlegenden Ziele und Werte, die wir zur Verwirklichung unserer Vision und unseres Auftrags festgelegt haben, sind ein wesentlicher Bestandteil beim Aufbau einer effektiven, effizienten und transparenten Arbeitskultur. Diese Werte leiten jeden unserer Mitarbeiter bei seinen Arbeitsprozessen.<\/p><p>\u00a0<\/p><h1>Unser Hauptziel ist es, die uneingeschr\u00e4nkte Zufriedenheit von Patienten und Mitarbeitern zu gew\u00e4hrleisten. Unsere Werte<\/h1><ul><li><strong>Vertrauen: <\/strong>Es ist die wichtigste Aufgabe der Gesch\u00e4ftsleitung, einen sicheren Dienstleistungsbereich f\u00fcr unsere Mitarbeiter und Patienten zu schaffen.<\/li><li><strong>Respekt: <\/strong>Unser wichtigster Wert ist es, jeden Menschen mit Respekt und Ehre zu behandeln.<\/li><li><strong>Offenheit: <\/strong>Ehrliches und transparentes Handeln bei allem, was wir tun<\/li><li><strong>Gleichheit: <\/strong>Wir glauben an die Gleichstellung unserer Mitarbeiter und Patienten in allen Bereichen.<\/li><li><strong>Kontinuierliches Lernen: <\/strong>Wir sehen Bildung, Forschung und Lernen als das Zentrum der Entwicklung.<\/li><li><strong>Stolz <\/strong>Stolz auf das, was wir tun<\/li><li><strong>Effizienz und Kontinuit\u00e4t: <\/strong>Wir glauben an die Notwendigkeit einer m\u00f6glichst kosteneffizienten und nachhaltigen Gesundheitsversorgung f\u00fcr alle Teile der Gesellschaft.<\/li><li><strong>Teamarbeit <\/strong>Wir streben danach, ein Team zu sein, das als leistungsstark, proaktiv und engagiert anerkannt ist. Wir glauben, dass es wichtig ist, qualitativ hochwertige Dienstleistungen zu erbringen, ein Lernumfeld zu f\u00f6rdern, uns gegenseitig zu unterst\u00fctzen und uns jederzeit professionell zu verhalten.<\/li><\/ul>\t\t\t\t\t\t\t\t<\/div>\n\t\t\t\t<\/div>\n\t\t\t\t\t<\/div>\n\t\t<\/div>\n\t\t\t\t\t<\/div>\n\t\t<\/section>\n\t\t\t\t<section class=\"elementor-section elementor-top-section elementor-element elementor-element-17ba9fa elementor-section-content-top elementor-section-stretched elementor-section-boxed elementor-section-height-default elementor-section-height-default\" data-id=\"17ba9fa\" data-element_type=\"section\" data-settings=\"{&quot;stretch_section&quot;:&quot;section-stretched&quot;}\">\n\t\t\t\t\t\t<div class=\"elementor-container elementor-column-gap-default\">\n\t\t\t\t\t<div class=\"elementor-column elementor-col-100 elementor-top-column elementor-element elementor-element-9cbfadb\" data-id=\"9cbfadb\" data-element_type=\"column\">\n\t\t\t<div class=\"elementor-widget-wrap\">\n\t\t\t\t\t\t\t<\/div>\n\t\t<\/div>\n\t\t\t\t\t<\/div>\n\t\t<\/section>\n\t\t\t\t<\/div>","protected":false},"excerpt":{"rendered":"<p>\u00d6zel Medisun \u00c7ayyolu Hastanesi Vizyonumuz Alan\u0131nda uzman sa\u011fl\u0131k profesyonellerinin \u00e7al\u0131\u015fmak i\u00e7in \u00f6ncelikle tercih etti\u011fi; hasta ve yak\u0131nlar\u0131n\u0131n ihtiya\u00e7 duyduklar\u0131 her durumda ak\u0131llar\u0131na ilk gelen ve hizmet verdi\u011fi her alanda referans olarak g\u00f6sterilen sa\u011fl\u0131k kurulu\u015fu olma vizyonuyla yolumuza devam ediyoruz. \u00d6zel Medisun \u00c7ayyolu Hastanesi Misyonumuz Hasta ve \u00e7al\u0131\u015fan memnuniyetini temel alan y\u00f6netim anlay\u0131\u015f\u0131 do\u011frultusunda alan\u0131nda uzman&#8230;<\/p>","protected":false},"author":1,"featured_media":0,"parent":0,"menu_order":0,"comment_status":"closed","ping_status":"closed","template":"","meta":{"footnotes":""},"aioseo_notices":[],"_links":{"self":[{"href":"https:\/\/medisunhastanesi.com\/de\/wp-json\/wp\/v2\/pages\/6507"}],"collection":[{"href":"https:\/\/medisunhastanesi.com\/de\/wp-json\/wp\/v2\/pages"}],"about":[{"href":"https:\/\/medisunhastanesi.com\/de\/wp-json\/wp\/v2\/types\/page"}],"author":[{"embeddable":true,"href":"https:\/\/medisunhastanesi.com\/de\/wp-json\/wp\/v2\/users\/1"}],"replies":[{"embeddable":true,"href":"https:\/\/medisunhastanesi.com\/de\/wp-json\/wp\/v2\/comments?post=6507"}],"version-history":[{"count":3,"href":"https:\/\/medisunhastanesi.com\/de\/wp-json\/wp\/v2\/pages\/6507\/revisions"}],"predecessor-version":[{"id":7497,"href":"https:\/\/medisunhastanesi.com\/de\/wp-json\/wp\/v2\/pages\/6507\/revisions\/7497"}],"wp:attachment":[{"href":"https:\/\/medisunhastanesi.com\/de\/wp-json\/wp\/v2\/media?parent=6507"}],"curies":[{"name":"wp","href":"https:\/\/api.w.org\/{rel}","templated":true}]}}