{"id":6640,"date":"2023-11-28T14:56:18","date_gmt":"2023-11-28T11:56:18","guid":{"rendered":"https:\/\/medisunhastanesi.com\/?page_id=6640"},"modified":"2026-02-27T14:03:20","modified_gmt":"2026-02-27T11:03:20","slug":"erkek-check-up-kapsamli-40-yas-ustu","status":"publish","type":"page","link":"https:\/\/medisunhastanesi.com\/az\/erkek-check-up-kapsamli-40-yas-ustu\/","title":{"rendered":"Erkek Check \u2013 Up (Kapsaml\u0131 40 Ya\u015f \u00dcst\u00fc)"},"content":{"rendered":"<ul>\n<li><strong>Dahiliye muayenesi<\/strong><\/li>\n<li><strong>Genel cerrahi muayenesi<\/strong><\/li>\n<li><strong>\u00dcroloji muayenesi<\/strong><\/li>\n<li><strong>ALT<\/strong> : Karaci\u011fer fonksiyon testi<\/li>\n<li><strong>AST<\/strong> : Karaci\u011fer fonksiyon testi<\/li>\n<li><strong>ALP<\/strong> : Karaci\u011fer , kemik hastal\u0131klar\u0131n\u0131n tan\u0131 ve takibi<\/li>\n<li><strong>Anti &#8211; HBS<\/strong> : Hepatit B ye kar\u015f\u0131 ba\u011f\u0131\u015f\u0131kl\u0131k durumunun tespiti<\/li>\n<li><strong>Anti &#8211; HCV<\/strong> : Hepatit C ye kar\u015f\u0131 ba\u011f\u0131\u015f\u0131kl\u0131k durumunun tespiti<\/li>\n<li><strong>Anti \u2013 HIV<\/strong><\/li>\n<li><strong>Glukoz<\/strong><\/li>\n<li><strong>\u00dcrik<\/strong> <strong>Asit<\/strong> : Protein metabolizmas\u0131 ve gut hastal\u0131\u011f\u0131 tan\u0131s\u0131<\/li>\n<li><strong>TSH<\/strong> : Tiroid hastal\u0131klar\u0131n\u0131n ve fonksiyonlar\u0131n tan\u0131 ve takibi<\/li>\n<li><strong>T3<\/strong> : Tiroid guatr hastal\u0131klar\u0131n\u0131n tan\u0131s\u0131<\/li>\n<li><strong>T4<\/strong> : Tiroid guatr hastal\u0131klar\u0131n\u0131n tan\u0131s\u0131<\/li>\n<li><strong>HBsAg<\/strong> : Hepatit &#8211; B hastal\u0131k ve ta\u015f\u0131y\u0131c\u0131l\u0131\u011f\u0131n\u0131n tespiti<\/li>\n<li><strong>Hemogram<\/strong> : Kans\u0131zl\u0131k , Kan hastal\u0131klar\u0131n\u0131n ve kan h\u00fccrelerinin incelenmesi<\/li>\n<li><strong>Tam<\/strong> <strong>\u0130drar<\/strong> <strong>Tetkiki<\/strong> : B\u00f6brekler , idrar yollar\u0131 ve idrar torbas\u0131 hastal\u0131klar\u0131 tan\u0131s\u0131<\/li>\n<li><strong>Kalsiyum<\/strong> : Kemik ve kalsiyum metabolizmas\u0131 tan\u0131 ve takibi<\/li>\n<li><strong>Kreatinin<\/strong> : B\u00f6brek fonksiyon testi<\/li>\n<li><strong>Sedimantasyon<\/strong> : Enfeksiyon ve iltihabi hastal\u0131klar\u0131n tan\u0131 ve tedavisi<\/li>\n<li><strong>GGT<\/strong> : Karaci\u011fer fonksiyon testi<\/li>\n<li><strong>\u00dcRE<\/strong> : B\u00f6brek fonksiyon testi<\/li>\n<li><strong>Demir<\/strong> : Kan ve demir metabolizmas\u0131 hastal\u0131klar\u0131n\u0131n tan\u0131s\u0131<\/li>\n<li><strong>Demir<\/strong> Ba\u011flama Kapasitesi : Kan ve demir metabolizmas\u0131 hastal\u0131klar\u0131n\u0131n tan\u0131s\u0131<\/li>\n<li><strong>Ferritin<\/strong> : Kan ve demir metabolizmas\u0131 hastal\u0131klar\u0131 tan\u0131s\u0131<\/li>\n<li><strong>25-OH Vit D3<\/strong> : Vitamin D hastal\u0131klar\u0131n\u0131n tan\u0131 ve takibi<\/li>\n<li><strong>Total<\/strong> <strong>Kolesterol <\/strong>: V\u00fcc\u00fcttaki ya\u011f oranlar\u0131n\u0131n \u00f6l\u00e7\u00fcm\u00fc<\/li>\n<li><strong>HDL<\/strong> <strong>Kolesterol<\/strong> : \u0130yi huylu kolesterol<\/li>\n<li><strong>LDL Kolesterol<\/strong> : K\u00f6t\u00fc huylu kolesterol<\/li>\n<li><strong>Trigliserid<\/strong> : Kolesterol \u00f6l\u00e7\u00fcm\u00fc<\/li>\n<li><strong>CRP<\/strong><\/li>\n<li><strong>Folat<\/strong><\/li>\n<li><strong>Bilirubin total<\/strong><\/li>\n<li><strong>Bilirubin<\/strong> <strong>direk<\/strong><\/li>\n<li><strong>Vitamin<\/strong> <strong>B12<\/strong> : Kans\u0131zl\u0131k ve baz\u0131 sinir sistemi rahats\u0131zl\u0131klar\u0131 tan\u0131s\u0131<\/li>\n<li><strong>Elektrokardiografi<\/strong> : Kalp hastal\u0131klar\u0131 ve ritim bozukluklar\u0131 tan\u0131s\u0131<\/li>\n<li><strong>T\u00fcm<\/strong> <strong>Bat\u0131n<\/strong> <strong>Ultrasonu<\/strong> : T\u00fcm kar\u0131n i\u00e7i organlar\u0131n\u0131n g\u00f6r\u00fcnt\u00fclenmesi<\/li>\n<li><strong>Akci\u011fer<\/strong> <strong>Grafisi<\/strong> : Tek Y\u00f6nl\u00fc Akci\u011fer Filmi<\/li>\n<li><strong>Total<\/strong> <strong>PSA<\/strong> : Prostat kanserinin tan\u0131s\u0131<\/li>\n<li><strong>Serbest<\/strong> <strong>PSA<\/strong> : Prostat kanserinin tan\u0131s\u0131<\/li>\n<li><strong>CEA<\/strong> : Genel kanser tarama ve tan\u0131s\u0131<\/li>\n<li><strong>Magnezyum<\/strong><\/li>\n<li><strong>Protein<\/strong><\/li>\n<li><strong>Albumin<\/strong><\/li>\n<li><strong>Klor<\/strong><\/li>\n<li><strong>Potasyum<\/strong><\/li>\n<li><strong>Sodyum<\/strong><\/li>\n<\/ul>","protected":false},"excerpt":{"rendered":"<p>Dahiliye muayenesi Genel cerrahi muayenesi \u00dcroloji muayenesi ALT : Karaci\u011fer fonksiyon testi AST : Karaci\u011fer fonksiyon testi ALP : Karaci\u011fer , kemik hastal\u0131klar\u0131n\u0131n tan\u0131 ve takibi Anti &#8211; HBS : Hepatit B ye kar\u015f\u0131 ba\u011f\u0131\u015f\u0131kl\u0131k durumunun tespiti Anti &#8211; HCV : Hepatit C ye kar\u015f\u0131 ba\u011f\u0131\u015f\u0131kl\u0131k durumunun tespiti Anti \u2013 HIV Glukoz \u00dcrik Asit :&#8230;<\/p>","protected":false},"author":1,"featured_media":0,"parent":0,"menu_order":0,"comment_status":"closed","ping_status":"closed","template":"","meta":{"footnotes":""},"aioseo_notices":[],"_links":{"self":[{"href":"https:\/\/medisunhastanesi.com\/az\/wp-json\/wp\/v2\/pages\/6640"}],"collection":[{"href":"https:\/\/medisunhastanesi.com\/az\/wp-json\/wp\/v2\/pages"}],"about":[{"href":"https:\/\/medisunhastanesi.com\/az\/wp-json\/wp\/v2\/types\/page"}],"author":[{"embeddable":true,"href":"https:\/\/medisunhastanesi.com\/az\/wp-json\/wp\/v2\/users\/1"}],"replies":[{"embeddable":true,"href":"https:\/\/medisunhastanesi.com\/az\/wp-json\/wp\/v2\/comments?post=6640"}],"version-history":[{"count":3,"href":"https:\/\/medisunhastanesi.com\/az\/wp-json\/wp\/v2\/pages\/6640\/revisions"}],"predecessor-version":[{"id":7680,"href":"https:\/\/medisunhastanesi.com\/az\/wp-json\/wp\/v2\/pages\/6640\/revisions\/7680"}],"wp:attachment":[{"href":"https:\/\/medisunhastanesi.com\/az\/wp-json\/wp\/v2\/media?parent=6640"}],"curies":[{"name":"wp","href":"https:\/\/api.w.org\/{rel}","templated":true}]}}