{"id":6888,"date":"2023-12-01T10:23:48","date_gmt":"2023-12-01T07:23:48","guid":{"rendered":"https:\/\/medisunhastanesi.com\/?page_id=6888"},"modified":"2025-03-28T12:48:42","modified_gmt":"2025-03-28T09:48:42","slug":"ozel-medisun-cayyolu-hastanesi-sonuclarim","status":"publish","type":"page","link":"https:\/\/medisunhastanesi.com\/ar\/ozel-medisun-cayyolu-hastanesi-sonuclarim\/","title":{"rendered":"\u00d6zel Medisun \u00c7ayyolu Hastanesi Sonu\u00e7lar\u0131m"},"content":{"rendered":"<div data-elementor-type=\"wp-page\" data-elementor-id=\"6888\" class=\"elementor elementor-6888\" data-elementor-post-type=\"page\">\n\t\t\t\t\t\t<section class=\"elementor-section elementor-top-section elementor-element elementor-element-7f7cbf17 elementor-section-boxed elementor-section-height-default elementor-section-height-default\" data-id=\"7f7cbf17\" data-element_type=\"section\">\n\t\t\t\t\t\t<div class=\"elementor-container elementor-column-gap-default\">\n\t\t\t\t\t<div class=\"elementor-column elementor-col-100 elementor-top-column elementor-element elementor-element-703d56\" data-id=\"703d56\" data-element_type=\"column\">\n\t\t\t<div class=\"elementor-widget-wrap elementor-element-populated\">\n\t\t\t\t\t\t<div class=\"elementor-element elementor-element-d018fa9 elementor-widget__width-initial elementor-widget elementor-widget-html\" data-id=\"d018fa9\" data-element_type=\"widget\" data-widget_type=\"html.default\">\n\t\t\t\t<div class=\"elementor-widget-container\">\n\t\t\t\t\t<div style=\"width: 100%; height: 1000px; overflow: hidden;\">\r\n  <iframe src=\"https:\/\/randevu.meddata.com.tr\/medisunhastanesi\/labsonuc.php\" style=\"width: 100%; height: 100%; border: none;\"><\/iframe>\r\n<\/div>\r\n\t\t\t\t<\/div>\n\t\t\t\t<\/div>\n\t\t\t\t\t<\/div>\n\t\t<\/div>\n\t\t\t\t\t<\/div>\n\t\t<\/section>\n\t\t\t\t<section class=\"elementor-section elementor-top-section elementor-element elementor-element-4c5552f elementor-section-boxed elementor-section-height-default elementor-section-height-default\" data-id=\"4c5552f\" data-element_type=\"section\">\n\t\t\t\t\t\t<div class=\"elementor-container elementor-column-gap-default\">\n\t\t\t\t\t<div class=\"elementor-column elementor-col-100 elementor-top-column elementor-element elementor-element-af8f799\" data-id=\"af8f799\" data-element_type=\"column\">\n\t\t\t<div class=\"elementor-widget-wrap elementor-element-populated\">\n\t\t\t\t\t\t<section class=\"elementor-section elementor-inner-section elementor-element elementor-element-0368537 elementor-section-boxed elementor-section-height-default elementor-section-height-default\" data-id=\"0368537\" data-element_type=\"section\">\n\t\t\t\t\t\t<div class=\"elementor-container elementor-column-gap-default\">\n\t\t\t\t\t<div class=\"elementor-column elementor-col-50 elementor-inner-column elementor-element elementor-element-c4dae5a\" data-id=\"c4dae5a\" data-element_type=\"column\">\n\t\t\t<div class=\"elementor-widget-wrap\">\n\t\t\t\t\t\t\t<\/div>\n\t\t<\/div>\n\t\t\t\t<div class=\"elementor-column elementor-col-50 elementor-inner-column elementor-element elementor-element-44e242f\" data-id=\"44e242f\" data-element_type=\"column\">\n\t\t\t<div class=\"elementor-widget-wrap\">\n\t\t\t\t\t\t\t<\/div>\n\t\t<\/div>\n\t\t\t\t\t<\/div>\n\t\t<\/section>\n\t\t\t\t\t<\/div>\n\t\t<\/div>\n\t\t\t\t\t<\/div>\n\t\t<\/section>\n\t\t\t\t<\/div>","protected":false},"excerpt":{"rendered":"","protected":false},"author":1,"featured_media":0,"parent":0,"menu_order":0,"comment_status":"closed","ping_status":"closed","template":"elementor_canvas","meta":{"footnotes":""},"aioseo_notices":[],"_links":{"self":[{"href":"https:\/\/medisunhastanesi.com\/ar\/wp-json\/wp\/v2\/pages\/6888"}],"collection":[{"href":"https:\/\/medisunhastanesi.com\/ar\/wp-json\/wp\/v2\/pages"}],"about":[{"href":"https:\/\/medisunhastanesi.com\/ar\/wp-json\/wp\/v2\/types\/page"}],"author":[{"embeddable":true,"href":"https:\/\/medisunhastanesi.com\/ar\/wp-json\/wp\/v2\/users\/1"}],"replies":[{"embeddable":true,"href":"https:\/\/medisunhastanesi.com\/ar\/wp-json\/wp\/v2\/comments?post=6888"}],"version-history":[{"count":6,"href":"https:\/\/medisunhastanesi.com\/ar\/wp-json\/wp\/v2\/pages\/6888\/revisions"}],"predecessor-version":[{"id":7650,"href":"https:\/\/medisunhastanesi.com\/ar\/wp-json\/wp\/v2\/pages\/6888\/revisions\/7650"}],"wp:attachment":[{"href":"https:\/\/medisunhastanesi.com\/ar\/wp-json\/wp\/v2\/media?parent=6888"}],"curies":[{"name":"wp","href":"https:\/\/api.w.org\/{rel}","templated":true}]}}